{"id":134,"date":"2020-12-04T15:19:54","date_gmt":"2020-12-04T18:19:54","guid":{"rendered":"https:\/\/deltamed.cl\/tienda\/?post_type=product&#038;p=134"},"modified":"2026-02-27T13:30:24","modified_gmt":"2026-02-27T16:30:24","slug":"baston-codera-movil","status":"publish","type":"product","link":"https:\/\/deltamed.cl\/tienda\/producto\/baston-codera-movil\/","title":{"rendered":"Bast\u00f3n codera m\u00f3vil"},"content":{"rendered":"<p>Bast\u00f3n codera m\u00f3vil<br \/>\n<strong>valor unitario<\/strong><\/p>\n<p>El bast\u00f3n de codera m\u00f3vil tipo canadiense est\u00e1 dise\u00f1ado para proporcionar un apoyo seguro a personas con movilidad reducida. Su estructura permite ajustar el soporte del antebrazo en tres posiciones, lo que brinda mayor adaptabilidad y libertad de movimiento, permitiendo al usuario utilizar las manos sin preocuparse por sostener el bast\u00f3n.<\/p>\n<p>Fabricado en aluminio ultraliviano y resistente, cuenta con un mango de espuma que previene dolores y callosidades por el uso prolongado. La codera m\u00f3vil anat\u00f3mica ofrece mayor comodidad en la zona del codo, garantizando un uso ergon\u00f3mico y confortable.<\/p>\n<p><strong>Caracter\u00edsticas:<\/strong><\/p>\n<ul>\n<li>Marca: Deltamed<\/li>\n<li>Modelo: CR203M<\/li>\n<li>Altura ajustable: 86 \u2013 118.5 cm<\/li>\n<li>Altura del mango: 64 \u2013 89 cm<\/li>\n<li>Altura del pu\u00f1o: 22 \u2013 29.5 cm<\/li>\n<li>Peso: 0.6 kg<\/li>\n<li>Capacidad m\u00e1xima: 110 kg<\/li>\n<\/ul>\n<div id=\"attachment_135\" style=\"width: 310px\" class=\"wp-caption alignnone\"><img fetchpriority=\"high\" decoding=\"async\" aria-describedby=\"caption-attachment-135\" class=\"size-medium wp-image-135\" src=\"https:\/\/deltamed.cl\/tienda\/wp-content\/uploads\/2020\/12\/aa-delta-11-300x300.jpg\" alt=\"Bast\u00f3n codera m\u00f3vil\" width=\"300\" height=\"300\" title=\"\" srcset=\"https:\/\/deltamed.cl\/tienda\/wp-content\/uploads\/2020\/12\/aa-delta-11-300x300.jpg 300w, https:\/\/deltamed.cl\/tienda\/wp-content\/uploads\/2020\/12\/aa-delta-11-100x100.jpg 100w, https:\/\/deltamed.cl\/tienda\/wp-content\/uploads\/2020\/12\/aa-delta-11-150x150.jpg 150w, https:\/\/deltamed.cl\/tienda\/wp-content\/uploads\/2020\/12\/aa-delta-11.jpg 600w\" sizes=\"(max-width: 300px) 100vw, 300px\" \/><p id=\"caption-attachment-135\" class=\"wp-caption-text\">Bast\u00f3n codera m\u00f3vil<\/p><\/div>\n","protected":false},"excerpt":{"rendered":"<p>Bast\u00f3n codera m\u00f3vil<br \/>\n<strong>valor unitario<\/strong><\/p>\n<p>El bast\u00f3n de codera m\u00f3vil tipo canadiense est\u00e1 dise\u00f1ado para proporcionar un apoyo seguro a personas con movilidad reducida. Su estructura permite ajustar el soporte del antebrazo en tres posiciones, lo que brinda mayor adaptabilidad y libertad de movimiento, permitiendo al usuario utilizar las manos sin preocuparse por sostener el bast\u00f3n.<\/p>\n<p>Fabricado en aluminio ultraliviano y resistente, cuenta con un mango de espuma que previene dolores y callosidades por el uso prolongado. La codera m\u00f3vil anat\u00f3mica ofrece mayor comodidad en la zona del codo, garantizando un uso ergon\u00f3mico y confortable.<\/p>\n","protected":false},"featured_media":135,"comment_status":"open","ping_status":"closed","template":"","meta":{"_acf_changed":false},"product_brand":[1091],"product_cat":[23,368,34],"product_tag":[486,54,879,880,55,585,53,56],"class_list":{"0":"post-134","1":"product","2":"type-product","3":"status-publish","4":"has-post-thumbnail","6":"product_brand-deltamed","7":"product_cat-ayudas-tecnicas-de-bano","8":"product_cat-bastones","9":"product_cat-movilidad","10":"product_tag-ayudas-tecnicas","11":"product_tag-baston","12":"product_tag-baston-canadiense","13":"product_tag-canadiense","14":"product_tag-codera-movil","15":"product_tag-deltamed","16":"product_tag-movilidad","17":"product_tag-muleta","18":"product_shipping_class-grande","20":"first","21":"instock","22":"shipping-taxable","23":"purchasable","24":"product-type-simple"},"acf":[],"_links":{"self":[{"href":"https:\/\/deltamed.cl\/tienda\/wp-json\/wp\/v2\/product\/134","targetHints":{"allow":["GET"]}}],"collection":[{"href":"https:\/\/deltamed.cl\/tienda\/wp-json\/wp\/v2\/product"}],"about":[{"href":"https:\/\/deltamed.cl\/tienda\/wp-json\/wp\/v2\/types\/product"}],"replies":[{"embeddable":true,"href":"https:\/\/deltamed.cl\/tienda\/wp-json\/wp\/v2\/comments?post=134"}],"version-history":[{"count":4,"href":"https:\/\/deltamed.cl\/tienda\/wp-json\/wp\/v2\/product\/134\/revisions"}],"predecessor-version":[{"id":13211,"href":"https:\/\/deltamed.cl\/tienda\/wp-json\/wp\/v2\/product\/134\/revisions\/13211"}],"wp:featuredmedia":[{"embeddable":true,"href":"https:\/\/deltamed.cl\/tienda\/wp-json\/wp\/v2\/media\/135"}],"wp:attachment":[{"href":"https:\/\/deltamed.cl\/tienda\/wp-json\/wp\/v2\/media?parent=134"}],"wp:term":[{"taxonomy":"product_brand","embeddable":true,"href":"https:\/\/deltamed.cl\/tienda\/wp-json\/wp\/v2\/product_brand?post=134"},{"taxonomy":"product_cat","embeddable":true,"href":"https:\/\/deltamed.cl\/tienda\/wp-json\/wp\/v2\/product_cat?post=134"},{"taxonomy":"product_tag","embeddable":true,"href":"https:\/\/deltamed.cl\/tienda\/wp-json\/wp\/v2\/product_tag?post=134"}],"curies":[{"name":"wp","href":"https:\/\/api.w.org\/{rel}","templated":true}]}}