{"id":1335,"date":"2021-04-30T12:08:31","date_gmt":"2021-04-30T15:08:31","guid":{"rendered":"https:\/\/deltamed.cl\/tienda\/?post_type=product&#038;p=1335"},"modified":"2026-02-27T14:06:21","modified_gmt":"2026-02-27T17:06:21","slug":"hoja-bisturi-surgical-blades","status":"publish","type":"product","link":"https:\/\/deltamed.cl\/tienda\/producto\/hoja-bisturi-surgical-blades\/","title":{"rendered":"Hoja bistur\u00ed surgical blades"},"content":{"rendered":"<p>Hoja bistur\u00ed surgical blades caja 100 unidades de acero inoxidable.Insumo est\u00e9ril cortante con un uso extraordinario. Se usa para lograr un corte o incisi\u00f3n preciso durante un procedimiento invasivo o una cirug\u00eda. Las hojas de bistur\u00edes difieren en tama\u00f1os y formas, siendo caracter\u00edsticas que las adecuan a ciertos tejidos.<\/p>\n<p>Caja x100 unidades, cada una con empaque individual de aluminio que protege contra<br \/>\nla humedad.<\/p>\n<p>Hojas de bistur\u00ed est\u00e9riles, de acero inoxidable.<br \/>\nCantidad: caja incluye 100 unidades.<br \/>\nmedidas: diferentes medidas (11-15-20-21-22-24)<\/p>\n<p>Los mangos numero 4 sirve para la hoja del 18 &#8211; 36.<br \/>\nMango numero 3 sirve para la hoja del 10 al 15.<\/p>\n<p>&nbsp;<\/p>\n<p><img fetchpriority=\"high\" decoding=\"async\" class=\"size-medium wp-image-8525\" src=\"https:\/\/deltamed.cl\/tienda\/wp-content\/uploads\/2021\/04\/bisturi-300x300.jpg\" alt=\"Hoja bistur\u00ed surgical blades caja 100 unidades de acero inoxidable.\u00a0\" width=\"300\" height=\"300\" title=\"\" srcset=\"https:\/\/deltamed.cl\/tienda\/wp-content\/uploads\/2021\/04\/bisturi-300x300.jpg 300w, https:\/\/deltamed.cl\/tienda\/wp-content\/uploads\/2021\/04\/bisturi-1024x1024.jpg 1024w, https:\/\/deltamed.cl\/tienda\/wp-content\/uploads\/2021\/04\/bisturi-150x150.jpg 150w, https:\/\/deltamed.cl\/tienda\/wp-content\/uploads\/2021\/04\/bisturi-768x768.jpg 768w, https:\/\/deltamed.cl\/tienda\/wp-content\/uploads\/2021\/04\/bisturi-600x600.jpg 600w, https:\/\/deltamed.cl\/tienda\/wp-content\/uploads\/2021\/04\/bisturi-100x100.jpg 100w, https:\/\/deltamed.cl\/tienda\/wp-content\/uploads\/2021\/04\/bisturi.jpg 1200w\" sizes=\"(max-width: 300px) 100vw, 300px\" \/><\/p>\n","protected":false},"excerpt":{"rendered":"<p>Hoja bistur\u00ed surgical blades caja 100 unidades de acero inoxidable.<\/p>\n<p>Insumo est\u00e9ril cortante con un uso extraordinario. Se usa para lograr un corte o incisi\u00f3n preciso durante un procedimiento invasivo o una cirug\u00eda. Las hojas de bistur\u00edes difieren en tama\u00f1os y formas, siendo caracter\u00edsticas que las adecuan a ciertos tejidos.<\/p>\n<p>Caja x 100 unidades, cada una con empaque individual de aluminio que protege contra<br \/>\nla humedad.<\/p>\n<p>Hojas de bistur\u00ed est\u00e9riles, de acero inoxidable.<br \/>\nCantidad: caja incluye 100 unidades.<\/p>\n","protected":false},"featured_media":1338,"comment_status":"open","ping_status":"closed","template":"","meta":{"_acf_changed":false},"product_brand":[],"product_cat":[36,432],"product_tag":[],"class_list":{"0":"post-1335","1":"product","2":"type-product","3":"status-publish","4":"has-post-thumbnail","6":"product_cat-tratamiento-de-herida","7":"product_cat-otros-tratamiento-de-herida","8":"product_shipping_class-extra-pequeno","10":"first","11":"instock","12":"shipping-taxable","13":"purchasable","14":"product-type-variable"},"acf":[],"_links":{"self":[{"href":"https:\/\/deltamed.cl\/tienda\/wp-json\/wp\/v2\/product\/1335","targetHints":{"allow":["GET"]}}],"collection":[{"href":"https:\/\/deltamed.cl\/tienda\/wp-json\/wp\/v2\/product"}],"about":[{"href":"https:\/\/deltamed.cl\/tienda\/wp-json\/wp\/v2\/types\/product"}],"replies":[{"embeddable":true,"href":"https:\/\/deltamed.cl\/tienda\/wp-json\/wp\/v2\/comments?post=1335"}],"version-history":[{"count":3,"href":"https:\/\/deltamed.cl\/tienda\/wp-json\/wp\/v2\/product\/1335\/revisions"}],"predecessor-version":[{"id":8526,"href":"https:\/\/deltamed.cl\/tienda\/wp-json\/wp\/v2\/product\/1335\/revisions\/8526"}],"wp:featuredmedia":[{"embeddable":true,"href":"https:\/\/deltamed.cl\/tienda\/wp-json\/wp\/v2\/media\/1338"}],"wp:attachment":[{"href":"https:\/\/deltamed.cl\/tienda\/wp-json\/wp\/v2\/media?parent=1335"}],"wp:term":[{"taxonomy":"product_brand","embeddable":true,"href":"https:\/\/deltamed.cl\/tienda\/wp-json\/wp\/v2\/product_brand?post=1335"},{"taxonomy":"product_cat","embeddable":true,"href":"https:\/\/deltamed.cl\/tienda\/wp-json\/wp\/v2\/product_cat?post=1335"},{"taxonomy":"product_tag","embeddable":true,"href":"https:\/\/deltamed.cl\/tienda\/wp-json\/wp\/v2\/product_tag?post=1335"}],"curies":[{"name":"wp","href":"https:\/\/api.w.org\/{rel}","templated":true}]}}