{"id":1321,"date":"2021-04-29T16:11:16","date_gmt":"2021-04-29T19:11:16","guid":{"rendered":"https:\/\/deltamed.cl\/tienda\/?post_type=product&#038;p=1321"},"modified":"2026-04-07T10:32:53","modified_gmt":"2026-04-07T13:32:53","slug":"kit-glucometro-on-call-extra","status":"publish","type":"product","link":"https:\/\/deltamed.cl\/tienda\/producto\/kit-glucometro-on-call-extra\/","title":{"rendered":"Kit glucometro on call extra"},"content":{"rendered":"<p>Kit glucometro on call extra<\/p>\n<p>Kit gluc\u00f3metro marca On call extra, modelo OGM &#8211; 191<br \/>\n\u2022 No necesita codificaci\u00f3n. R\u00e1pido; resultados en 4 segundos. F\u00e1cil de usar.<br \/>\n\u2022 Sistema de monitorizaci\u00f3n de glucosa en sangre mg\/dl<br \/>\n\u2022 Memoria de 300 pruebas con fecha y hora 7, 14, 30, 60 y 90 d\u00edas promedio.<br \/>\n\u2022 Advertencia de cetonas y descarga para PC.<\/p>\n<p>Contenido:<\/p>\n<p>&#8211; Medidor de glucosa<\/p>\n<p>&#8211; 60 tiras de examen<\/p>\n<p>&#8211; Soluci\u00f3n de control 1<\/p>\n<p>&#8211; 10 lanceta est\u00e9ril<\/p>\n<p>&#8211; Dispositivo de punci\u00f3n<\/p>\n<p>&#8211; Tapa transparente (para la prueba en antebrazo y palma)<\/p>\n<p>&#8211; Estuche &#8211; Manual de usuario<\/p>\n<p>&#8211; Gu\u00eda de referencia r\u00e1pida<\/p>\n<p>&#8211; Tarjeta de garant\u00eda.<br \/>\n\u2022 Origen USA<br \/>\n\u2022 Producto certificado ISO 15197<\/p>\n","protected":false},"excerpt":{"rendered":"<p>Kit glucometro on call extra<\/p>\n<p>Kit gluc\u00f3metro marca On call extra, modelo OGM &#8211; 191<br \/>\n\u2022 No necesita codificaci\u00f3n. R\u00e1pido; resultados en 4 segundos. F\u00e1cil de usar.<br \/>\n\u2022 Sistema de monitorizaci\u00f3n de glucosa en sangre mg\/dl<br \/>\n\u2022 Memoria de 300 pruebas con fecha y hora 7, 14, 30, 60 y 90 d\u00edas promedio.<br \/>\n\u2022 Advertencia de cetonas y descarga para PC.<\/p>\n","protected":false},"featured_media":1322,"comment_status":"open","ping_status":"closed","template":"","meta":{"_acf_changed":false},"product_brand":[1090],"product_cat":[15,356],"product_tag":[],"class_list":{"0":"post-1321","1":"product","2":"type-product","3":"status-publish","4":"has-post-thumbnail","6":"product_brand-on-call","7":"product_cat-medicion-y-diagnostico","8":"product_cat-glucometro","9":"product_shipping_class-extra-pequeno","11":"first","12":"outofstock","13":"shipping-taxable","14":"purchasable","15":"product-type-simple"},"acf":[],"_links":{"self":[{"href":"https:\/\/deltamed.cl\/tienda\/wp-json\/wp\/v2\/product\/1321","targetHints":{"allow":["GET"]}}],"collection":[{"href":"https:\/\/deltamed.cl\/tienda\/wp-json\/wp\/v2\/product"}],"about":[{"href":"https:\/\/deltamed.cl\/tienda\/wp-json\/wp\/v2\/types\/product"}],"replies":[{"embeddable":true,"href":"https:\/\/deltamed.cl\/tienda\/wp-json\/wp\/v2\/comments?post=1321"}],"version-history":[{"count":2,"href":"https:\/\/deltamed.cl\/tienda\/wp-json\/wp\/v2\/product\/1321\/revisions"}],"predecessor-version":[{"id":11259,"href":"https:\/\/deltamed.cl\/tienda\/wp-json\/wp\/v2\/product\/1321\/revisions\/11259"}],"wp:featuredmedia":[{"embeddable":true,"href":"https:\/\/deltamed.cl\/tienda\/wp-json\/wp\/v2\/media\/1322"}],"wp:attachment":[{"href":"https:\/\/deltamed.cl\/tienda\/wp-json\/wp\/v2\/media?parent=1321"}],"wp:term":[{"taxonomy":"product_brand","embeddable":true,"href":"https:\/\/deltamed.cl\/tienda\/wp-json\/wp\/v2\/product_brand?post=1321"},{"taxonomy":"product_cat","embeddable":true,"href":"https:\/\/deltamed.cl\/tienda\/wp-json\/wp\/v2\/product_cat?post=1321"},{"taxonomy":"product_tag","embeddable":true,"href":"https:\/\/deltamed.cl\/tienda\/wp-json\/wp\/v2\/product_tag?post=1321"}],"curies":[{"name":"wp","href":"https:\/\/api.w.org\/{rel}","templated":true}]}}