{"id":132,"date":"2020-12-04T15:16:53","date_gmt":"2020-12-04T18:16:53","guid":{"rendered":"https:\/\/deltamed.cl\/tienda\/?post_type=product&#038;p=132"},"modified":"2026-02-27T13:30:24","modified_gmt":"2026-02-27T16:30:24","slug":"bano-plegable-bariatrico-ba-389","status":"publish","type":"product","link":"https:\/\/deltamed.cl\/tienda\/producto\/bano-plegable-bariatrico-ba-389\/","title":{"rendered":"Ba\u00f1o Plegable Bari\u00e1trico BA 389"},"content":{"rendered":"<p><strong>Ba\u00f1o Plegable Bari\u00e1trico BA 389 , soporta 225 kilos<\/strong><\/p>\n<p>Los ba\u00f1os port\u00e1tiles bari\u00e1tricos son la soluci\u00f3n perfecta para aquellas personas obesas con movilidad reducida, de la tercera edad o en rehabilitaci\u00f3n, a las que les es imposibles trasladarse hasta el cuarto de ba\u00f1o, facilitando la eliminaci\u00f3n de manera pr\u00e1ctica<br \/>\n\u2022 Estructura de acero resistente.<br \/>\n\u2022 Asiento de cubo desmontable y cubierta de asiento f\u00e1cil de limpiar.<br \/>\n\u2022 Con puntas antideslizantes.<br \/>\n\u2022 Altura total ajustable.<br \/>\n\u2022 Soporta hasta 225 kilos.<br \/>\n\u2022 Marca deltamed<br \/>\n\u2022 Largo: 55cm<br \/>\n\u2022 Ancho: 68cm<br \/>\n\u2022 Alto total: 69.5 \u2013 87cm<br \/>\n\u2022 Alto del asiento: 41 \u2013 58.5cm<br \/>\n\u2022 Profundidad del asiento: 45cm<br \/>\n\u2022 Ancho de asiento: 58.5cm<br \/>\n\u2022 Altura del reposabrazo: 25cm<br \/>\n\u2022 Peso maximo: 225kg<\/p>\n<p><strong>EMBALAJE:<\/strong><br \/>\n<strong>CAJA 66X66X53CM 9KG<\/strong><\/p>\n","protected":false},"excerpt":{"rendered":"<p><strong>Ba\u00f1o Plegable Bari\u00e1trico BA 389<\/strong><\/p>\n<p>Los ba\u00f1os port\u00e1tiles bari\u00e1tricos son la soluci\u00f3n perfecta para aquellas personas obesas con movilidad reducida, de la tercera edad o en rehabilitaci\u00f3n, a las que les es imposibles trasladarse hasta el cuarto de ba\u00f1o, facilitando la eliminaci\u00f3n de manera pr\u00e1ctica<br \/>\n\u2022 Estructura de acero resistente.<br \/>\n\u2022 Asiento de cubo desmontable y cubierta de asiento f\u00e1cil de limpiar.<br \/>\n\u2022 Con puntas antideslizantes.<br \/>\n\u2022 Altura total ajustable.<br \/>\n\u2022 Soporta hasta 225 kilos.<br \/>\n\u2022 Marca deltamed<\/p>\n<h2><span style=\"color: #0000ff\"><strong>Envio gratis en Santiago<\/strong><\/span><\/h2>\n<p>Las siguientes comunas no aplican<\/p>\n<ul>\n<li>Alhu\u00e9<\/li>\n<li>Buin<\/li>\n<li>Calera de Tango<\/li>\n<li>Curacav\u00ed<\/li>\n<li>El Monte<\/li>\n<li>Isla de Maipo<\/li>\n<li>Lampa<\/li>\n<li>Mar\u00eda Pinto<\/li>\n<li>Melipilla<\/li>\n<li>Padre Hurtado<\/li>\n<li>Paine<\/li>\n<li>Pe\u00f1aflor<\/li>\n<li>Pirque<\/li>\n<li>San Jos\u00e9 de Maipo<\/li>\n<li>San Pedro<\/li>\n<li>Talagante<\/li>\n<li>Tiltil<\/li>\n<\/ul>\n","protected":false},"featured_media":133,"comment_status":"open","ping_status":"closed","template":"","meta":{"_acf_changed":false},"product_brand":[1091],"product_cat":[23,363],"product_tag":[24,26,585,27,25],"class_list":{"0":"post-132","1":"product","2":"type-product","3":"status-publish","4":"has-post-thumbnail","6":"product_brand-deltamed","7":"product_cat-ayudas-tecnicas-de-bano","8":"product_cat-articulos-de-bano","9":"product_tag-adulto-mayor","10":"product_tag-bano","11":"product_tag-deltamed","12":"product_tag-plegable","13":"product_tag-portatil","14":"product_shipping_class-grande","16":"first","17":"outofstock","18":"shipping-taxable","19":"purchasable","20":"product-type-simple"},"acf":[],"_links":{"self":[{"href":"https:\/\/deltamed.cl\/tienda\/wp-json\/wp\/v2\/product\/132","targetHints":{"allow":["GET"]}}],"collection":[{"href":"https:\/\/deltamed.cl\/tienda\/wp-json\/wp\/v2\/product"}],"about":[{"href":"https:\/\/deltamed.cl\/tienda\/wp-json\/wp\/v2\/types\/product"}],"replies":[{"embeddable":true,"href":"https:\/\/deltamed.cl\/tienda\/wp-json\/wp\/v2\/comments?post=132"}],"version-history":[{"count":5,"href":"https:\/\/deltamed.cl\/tienda\/wp-json\/wp\/v2\/product\/132\/revisions"}],"predecessor-version":[{"id":13688,"href":"https:\/\/deltamed.cl\/tienda\/wp-json\/wp\/v2\/product\/132\/revisions\/13688"}],"wp:featuredmedia":[{"embeddable":true,"href":"https:\/\/deltamed.cl\/tienda\/wp-json\/wp\/v2\/media\/133"}],"wp:attachment":[{"href":"https:\/\/deltamed.cl\/tienda\/wp-json\/wp\/v2\/media?parent=132"}],"wp:term":[{"taxonomy":"product_brand","embeddable":true,"href":"https:\/\/deltamed.cl\/tienda\/wp-json\/wp\/v2\/product_brand?post=132"},{"taxonomy":"product_cat","embeddable":true,"href":"https:\/\/deltamed.cl\/tienda\/wp-json\/wp\/v2\/product_cat?post=132"},{"taxonomy":"product_tag","embeddable":true,"href":"https:\/\/deltamed.cl\/tienda\/wp-json\/wp\/v2\/product_tag?post=132"}],"curies":[{"name":"wp","href":"https:\/\/api.w.org\/{rel}","templated":true}]}}