{"id":129,"date":"2020-12-04T01:56:51","date_gmt":"2020-12-04T04:56:51","guid":{"rendered":"https:\/\/deltamed.cl\/tienda\/?post_type=product&#038;p=129"},"modified":"2026-02-27T13:30:24","modified_gmt":"2026-02-27T16:30:24","slug":"chata-anatomica-gris","status":"publish","type":"product","link":"https:\/\/deltamed.cl\/tienda\/producto\/chata-anatomica-gris\/","title":{"rendered":"Chata anat\u00f3mica gris"},"content":{"rendered":"<p>Chata anat\u00f3mica gris<br \/>\nDeltamed.<\/p>\n<p>Dise\u00f1ada para ofrecer una soluci\u00f3n higi\u00e9nica y c\u00f3moda en la recolecci\u00f3n de desechos fisiol\u00f3gicos en pacientes con movilidad reducida.<br \/>\nSu dise\u00f1o de contorno en pl\u00e1stico resistente proporciona comodidad durante el uso, mientras que los agarres laterales facilitan su manipulaci\u00f3n por parte del personal m\u00e9dico o cuidador.<br \/>\nIdeal para personas que no pueden levantarse de la cama, soporta hasta 100 kg sin comprometer su estructura.<br \/>\nSu peso ligero permite transportarla con facilidad y puede limpiarse con productos desinfectantes est\u00e1ndar sin dificultad.<\/p>\n","protected":false},"excerpt":{"rendered":"<p>Chata anat\u00f3mica gris<br \/>\nDeltamed.<\/p>\n<p>Dise\u00f1ada para ofrecer una soluci\u00f3n higi\u00e9nica y c\u00f3moda en la recolecci\u00f3n de desechos fisiol\u00f3gicos en pacientes con movilidad reducida.<br \/>\nSu dise\u00f1o de contorno en pl\u00e1stico resistente proporciona comodidad durante el uso, mientras que los agarres laterales facilitan su manipulaci\u00f3n por parte del personal m\u00e9dico o cuidador.<br \/>\nIdeal para personas que no pueden levantarse de la cama, soporta hasta 100 kg sin comprometer su estructura.<br \/>\nSu peso ligero permite transportarla con facilidad y puede limpiarse con productos desinfectantes est\u00e1ndar sin dificultad.<\/p>\n","protected":false},"featured_media":17782,"comment_status":"open","ping_status":"closed","template":"","meta":{"_acf_changed":false},"product_brand":[1091],"product_cat":[23,430],"product_tag":[26,52],"class_list":{"0":"post-129","1":"product","2":"type-product","3":"status-publish","4":"has-post-thumbnail","6":"product_brand-deltamed","7":"product_cat-ayudas-tecnicas-de-bano","8":"product_cat-otros-ayudas-tecnicas-de-bano","9":"product_tag-bano","10":"product_tag-chata","11":"product_shipping_class-pequeno","13":"first","14":"instock","15":"shipping-taxable","16":"purchasable","17":"product-type-simple"},"acf":[],"_links":{"self":[{"href":"https:\/\/deltamed.cl\/tienda\/wp-json\/wp\/v2\/product\/129","targetHints":{"allow":["GET"]}}],"collection":[{"href":"https:\/\/deltamed.cl\/tienda\/wp-json\/wp\/v2\/product"}],"about":[{"href":"https:\/\/deltamed.cl\/tienda\/wp-json\/wp\/v2\/types\/product"}],"replies":[{"embeddable":true,"href":"https:\/\/deltamed.cl\/tienda\/wp-json\/wp\/v2\/comments?post=129"}],"version-history":[{"count":8,"href":"https:\/\/deltamed.cl\/tienda\/wp-json\/wp\/v2\/product\/129\/revisions"}],"predecessor-version":[{"id":17785,"href":"https:\/\/deltamed.cl\/tienda\/wp-json\/wp\/v2\/product\/129\/revisions\/17785"}],"wp:featuredmedia":[{"embeddable":true,"href":"https:\/\/deltamed.cl\/tienda\/wp-json\/wp\/v2\/media\/17782"}],"wp:attachment":[{"href":"https:\/\/deltamed.cl\/tienda\/wp-json\/wp\/v2\/media?parent=129"}],"wp:term":[{"taxonomy":"product_brand","embeddable":true,"href":"https:\/\/deltamed.cl\/tienda\/wp-json\/wp\/v2\/product_brand?post=129"},{"taxonomy":"product_cat","embeddable":true,"href":"https:\/\/deltamed.cl\/tienda\/wp-json\/wp\/v2\/product_cat?post=129"},{"taxonomy":"product_tag","embeddable":true,"href":"https:\/\/deltamed.cl\/tienda\/wp-json\/wp\/v2\/product_tag?post=129"}],"curies":[{"name":"wp","href":"https:\/\/api.w.org\/{rel}","templated":true}]}}