{"id":12686,"date":"2024-09-04T13:42:56","date_gmt":"2024-09-04T16:42:56","guid":{"rendered":"https:\/\/deltamed.cl\/tienda\/?post_type=product&#038;p=12686"},"modified":"2026-02-27T13:52:37","modified_gmt":"2026-02-27T16:52:37","slug":"bata-quirurgica-desechable-esteril-cranberry","status":"publish","type":"product","link":"https:\/\/deltamed.cl\/tienda\/producto\/bata-quirurgica-desechable-esteril-cranberry\/","title":{"rendered":"Bata quir\u00fargica desechable est\u00e9ril Cranberry"},"content":{"rendered":"<p>Bata quir\u00fargica desechable est\u00e9ril Cranberry<br \/>\n1 unidad<\/p>\n<p>La bata est\u00e9ril de protecci\u00f3n personal est\u00e1 dise\u00f1ada para cubrir el t\u00f3rax, abdomen (anterior y posterior, incluyendo la espalda), brazos y gran parte de las piernas, proporcionando protecci\u00f3n contra agentes f\u00edsicos y\/o qu\u00edmicos. Su esterilidad la hace adecuada para todas las especialidades m\u00e9dicas y quir\u00fargicas, as\u00ed como para su uso en laboratorios cl\u00ednicos y en la preparaci\u00f3n de medicamentos controlados.<\/p>\n<p>Esta bata est\u00e1 libre de l\u00e1tex y esterilizada con \u00f3xido de etileno. Su vigencia es de 5 a\u00f1os a partir de la fecha de fabricaci\u00f3n indicada en el empaque. Debe almacenarse en un lugar fresco y seco, a una temperatura entre 5\u00b0C y 30\u00b0C. Es un producto de un solo uso y no debe reutilizarse.<\/p>\n<h3><strong>Caracter\u00edsticas del Producto<\/strong><\/h3>\n<p>Suave, hipoalerg\u00e9nico, resistente, adaptable, respirable e impermeable.<br \/>\nGramaje de SMS de 40 g\/m\u00b2, lo que otorga resistencia qu\u00edmica y f\u00edsica. Resistente a la penetraci\u00f3n microbiana en condiciones secas y h\u00famedas. Libre de microorganismos y elementos extra\u00f1os tras procesos de limpieza y esterilizaci\u00f3n. Empaque primario compuesto por una bata y dos discos absorbentes envueltos en tela SMS. Empaque secundario con un sobre bilaminado, con una cara transparente y papel de grado m\u00e9dico. Envase sellado para asegurar la esterilidad e inviolabilidad del producto.<\/p>\n<p><strong>Tama\u00f1os:<\/strong><br \/>\nAABAQUES<strong> Talla: S<\/strong><br \/>\n<strong>Largo:<\/strong> 1,16 m \u00b1 0,05<br \/>\n<strong>Ancho:<\/strong> 66 cm \u00b1 1<br \/>\n<strong>Peso:<\/strong> 86 gr \u00b1 1<\/p>\n<p>AABAQUEM <strong>Talla: M<\/strong><br \/>\n<strong>Largo:<\/strong> 1,25 m \u00b1 0,05<br \/>\n<strong>Ancho:<\/strong> 76 cm \u00b1 1<br \/>\n<strong>Peso:<\/strong> 99 gr \u00b1 1<\/p>\n<p>AABAQUEL <strong>Talla: L<\/strong><br \/>\n<strong>Largo:<\/strong> 1,40 m \u00b1 0,05<br \/>\n<strong>Ancho:<\/strong> 78 cm \u00b1 1<br \/>\n<strong>Peso:<\/strong> 112 gr \u00b1 1<\/p>\n<p>AABAQUXL <strong>Talla: XL<\/strong><br \/>\n<strong>Largo:<\/strong> 1,45 m \u00b1 0,05<br \/>\n<strong>Ancho:<\/strong> 82 cm \u00b1 1<br \/>\n<strong>Peso:<\/strong> 225 gr \u00b1 1<\/p>\n","protected":false},"excerpt":{"rendered":"<p>Bata quir\u00fargica desechable est\u00e9ril Cranberry<br \/>\n1 unidad<\/p>\n<p>La bata est\u00e9ril de protecci\u00f3n personal est\u00e1 dise\u00f1ada para cubrir el t\u00f3rax, abdomen (anterior y posterior, incluyendo la espalda), brazos y gran parte de las piernas, proporcionando protecci\u00f3n contra agentes f\u00edsicos y\/o qu\u00edmicos. Su esterilidad la hace adecuada para todas las especialidades m\u00e9dicas y quir\u00fargicas, as\u00ed como para su uso en laboratorios cl\u00ednicos y en la preparaci\u00f3n de medicamentos controlados.<\/p>\n<p>Esta bata est\u00e1 libre de l\u00e1tex y esterilizada con \u00f3xido de etileno. Su vigencia es de 5 a\u00f1os a partir de la fecha de fabricaci\u00f3n indicada en el empaque. Debe almacenarse en un lugar fresco y seco, a una temperatura entre 5\u00b0C y 30\u00b0C. Es un producto de un solo uso y no debe reutilizarse.<\/p>\n<h3><strong>Caracter\u00edsticas del Producto<\/strong><\/h3>\n<p>Suave, hipoalerg\u00e9nico, resistente, adaptable, respirable e impermeable.<br \/>\nGramaje de SMS de 40 g\/m\u00b2, lo que otorga resistencia qu\u00edmica y f\u00edsica. Resistente a la penetraci\u00f3n microbiana en condiciones secas y h\u00famedas. Libre de microorganismos y elementos extra\u00f1os tras procesos de limpieza y esterilizaci\u00f3n. Empaque primario compuesto por una bata y dos discos absorbentes envueltos en tela SMS. Empaque secundario con un sobre bilaminado, con una cara transparente y papel de grado m\u00e9dico. Envase sellado para asegurar la esterilidad e inviolabilidad del producto.<\/p>\n","protected":false},"featured_media":12688,"comment_status":"open","ping_status":"closed","template":"","meta":{"_acf_changed":false},"product_brand":[1087],"product_cat":[372],"product_tag":[819,837,839,838,119],"class_list":{"0":"post-12686","1":"product","2":"type-product","3":"status-publish","4":"has-post-thumbnail","6":"product_brand-cranberry","7":"product_cat-batas","8":"product_tag-bata-dental","9":"product_tag-bata-esteril","10":"product_tag-bata-esteril-con-puno","11":"product_tag-bata-quirurgica","12":"product_tag-cranberry","14":"first","15":"outofstock","16":"shipping-taxable","17":"purchasable","18":"product-type-variable"},"acf":[],"_links":{"self":[{"href":"https:\/\/deltamed.cl\/tienda\/wp-json\/wp\/v2\/product\/12686","targetHints":{"allow":["GET"]}}],"collection":[{"href":"https:\/\/deltamed.cl\/tienda\/wp-json\/wp\/v2\/product"}],"about":[{"href":"https:\/\/deltamed.cl\/tienda\/wp-json\/wp\/v2\/types\/product"}],"replies":[{"embeddable":true,"href":"https:\/\/deltamed.cl\/tienda\/wp-json\/wp\/v2\/comments?post=12686"}],"version-history":[{"count":2,"href":"https:\/\/deltamed.cl\/tienda\/wp-json\/wp\/v2\/product\/12686\/revisions"}],"predecessor-version":[{"id":12766,"href":"https:\/\/deltamed.cl\/tienda\/wp-json\/wp\/v2\/product\/12686\/revisions\/12766"}],"wp:featuredmedia":[{"embeddable":true,"href":"https:\/\/deltamed.cl\/tienda\/wp-json\/wp\/v2\/media\/12688"}],"wp:attachment":[{"href":"https:\/\/deltamed.cl\/tienda\/wp-json\/wp\/v2\/media?parent=12686"}],"wp:term":[{"taxonomy":"product_brand","embeddable":true,"href":"https:\/\/deltamed.cl\/tienda\/wp-json\/wp\/v2\/product_brand?post=12686"},{"taxonomy":"product_cat","embeddable":true,"href":"https:\/\/deltamed.cl\/tienda\/wp-json\/wp\/v2\/product_cat?post=12686"},{"taxonomy":"product_tag","embeddable":true,"href":"https:\/\/deltamed.cl\/tienda\/wp-json\/wp\/v2\/product_tag?post=12686"}],"curies":[{"name":"wp","href":"https:\/\/api.w.org\/{rel}","templated":true}]}}