{"id":1268,"date":"2021-04-23T12:52:14","date_gmt":"2021-04-23T15:52:14","guid":{"rendered":"https:\/\/deltamed.cl\/tienda\/?post_type=product&#038;p=1268"},"modified":"2026-03-26T11:56:48","modified_gmt":"2026-03-26T14:56:48","slug":"jeringa-3cc-lock-c-a-23x1-cranberry","status":"publish","type":"product","link":"https:\/\/deltamed.cl\/tienda\/producto\/jeringa-3cc-lock-c-a-23x1-cranberry\/","title":{"rendered":"Jeringa 3cc lock c\/a 23&#215;1 Cranberry"},"content":{"rendered":"<h2>Jeringa 3cc lock c\/a 23&#215;1 Cranberry<\/h2>\n<p>Dispositivo m\u00e9dico est\u00e9ril. Consiste en un \u00e9mbolo insertado en un cuerpo que tiene una peque\u00f1a apertura en uno de sus extremos.<\/p>\n<p>Las jeringas de 3 y 5 ml poseen alta velocidad de flujo, mientras las de 10 y 20 ml inyectan a velocidad baja por la resistencia que ofrece el cuerpo de la jeringa. La conexi\u00f3n Luer lock asegura ser firme y segura entre la aguja y el cuerpo de la jeringa.<\/p>\n<p>Son utilizadas para administrar medicamentos y soluciones por v\u00eda endovenosa, intramuscular y oral (sin el uso de la aguja en este \u00faltimo caso). Producto desechable, no reutilizar.<br \/>\n&#8211; Todas nuestras jeringas se encuentran registradas en el Instituto de Salud P\u00fablica de Chile (ISP).<br \/>\n&#8211; Suave deslizamiento del \u00e9mbolo.<br \/>\n&#8211; El sistema luer look evita fugas de los l\u00edquidos que pueda contener la jeringa.<br \/>\n&#8211; N\u00fameros claros e indelebles<br \/>\nEste producto cuenta con las siguientes certificaciones:<br \/>\n&#8211; Certificado Libre L\u00e1tex.<br \/>\n&#8211; ISO 13485 \u2013 2012.<br \/>\n&#8211; FDA certificate.<\/p>\n<p>Caja por 100 unidades<\/p>\n","protected":false},"excerpt":{"rendered":"<h2>Jeringa 3cc lock c\/a 23&#215;1 Cranberry<\/h2>\n<p>Dispositivo m\u00e9dico est\u00e9ril. Consiste en un \u00e9mbolo insertado en un cuerpo que tiene una peque\u00f1a apertura en uno de sus extremos. Las jeringas de 3 y 5 ml poseen alta velocidad de flujo, mientras las de 10 y 20 ml inyectan a velocidad baja por la resistencia que ofrece el cuerpo de la jeringa. La conexi\u00f3n Luer lock asegura ser firme y segura entre la aguja y el cuerpo de la jeringa. Son utilizadas para administrar medicamentos y soluciones por v\u00eda endovenosa, intramuscular y oral (sin el uso de la aguja en este \u00faltimo caso). Producto desechable, no reutilizar.<br \/>\n-Caja 100 unid<\/p>\n","protected":false},"featured_media":1269,"comment_status":"open","ping_status":"closed","template":"","meta":{"_acf_changed":false},"product_brand":[1087],"product_cat":[94,370],"product_tag":[188,119,118,123,189],"class_list":{"0":"post-1268","1":"product","2":"type-product","3":"status-publish","4":"has-post-thumbnail","6":"product_brand-cranberry","7":"product_cat-insumos-desechables","8":"product_cat-jeringas","9":"product_tag-3ml","10":"product_tag-cranberry","11":"product_tag-desechable","12":"product_tag-jeringa","13":"product_tag-luer-lock","14":"product_shipping_class-pequeno","16":"first","17":"instock","18":"shipping-taxable","19":"purchasable","20":"product-type-simple"},"acf":[],"_links":{"self":[{"href":"https:\/\/deltamed.cl\/tienda\/wp-json\/wp\/v2\/product\/1268","targetHints":{"allow":["GET"]}}],"collection":[{"href":"https:\/\/deltamed.cl\/tienda\/wp-json\/wp\/v2\/product"}],"about":[{"href":"https:\/\/deltamed.cl\/tienda\/wp-json\/wp\/v2\/types\/product"}],"replies":[{"embeddable":true,"href":"https:\/\/deltamed.cl\/tienda\/wp-json\/wp\/v2\/comments?post=1268"}],"version-history":[{"count":2,"href":"https:\/\/deltamed.cl\/tienda\/wp-json\/wp\/v2\/product\/1268\/revisions"}],"predecessor-version":[{"id":11521,"href":"https:\/\/deltamed.cl\/tienda\/wp-json\/wp\/v2\/product\/1268\/revisions\/11521"}],"wp:featuredmedia":[{"embeddable":true,"href":"https:\/\/deltamed.cl\/tienda\/wp-json\/wp\/v2\/media\/1269"}],"wp:attachment":[{"href":"https:\/\/deltamed.cl\/tienda\/wp-json\/wp\/v2\/media?parent=1268"}],"wp:term":[{"taxonomy":"product_brand","embeddable":true,"href":"https:\/\/deltamed.cl\/tienda\/wp-json\/wp\/v2\/product_brand?post=1268"},{"taxonomy":"product_cat","embeddable":true,"href":"https:\/\/deltamed.cl\/tienda\/wp-json\/wp\/v2\/product_cat?post=1268"},{"taxonomy":"product_tag","embeddable":true,"href":"https:\/\/deltamed.cl\/tienda\/wp-json\/wp\/v2\/product_tag?post=1268"}],"curies":[{"name":"wp","href":"https:\/\/api.w.org\/{rel}","templated":true}]}}