{"id":12672,"date":"2024-09-03T18:10:32","date_gmt":"2024-09-03T21:10:32","guid":{"rendered":"https:\/\/deltamed.cl\/tienda\/?post_type=product&#038;p=12672"},"modified":"2026-03-06T09:37:49","modified_gmt":"2026-03-06T12:37:49","slug":"pechera-plastica-con-manga-y-ojal-en-pulgar-cranberry","status":"publish","type":"product","link":"https:\/\/deltamed.cl\/tienda\/producto\/pechera-plastica-con-manga-y-ojal-en-pulgar-cranberry\/","title":{"rendered":"Pechera pl\u00e1stica con manga y ojal en pulgar Cranberry"},"content":{"rendered":"<p>Pechera pl\u00e1stica con manga y ojal en pulgar Cranberry<br \/>\n<strong>1 Unidad<\/strong><\/p>\n<div class=\"group\/conversation-turn relative flex w-full min-w-0 flex-col agent-turn\">\n<div class=\"flex-col gap-1 md:gap-3\">\n<div class=\"flex max-w-full flex-col flex-grow\">\n<div class=\"min-h-[20px] text-message flex w-full flex-col items-end gap-2 break-words [.text-message+&amp;]:mt-5 overflow-x-auto whitespace-normal\" dir=\"auto\" data-message-author-role=\"assistant\" data-message-id=\"2030e61c-9a21-40a9-b8c2-e96157e117d3\">\n<div class=\"flex w-full flex-col gap-1 empty:hidden first:pt-[3px]\">\n<div class=\"markdown prose w-full break-words dark:prose-invert light\">\n<p>La pechera es un equipo de protecci\u00f3n personal dise\u00f1ado para ofrecer una defensa eficaz contra riesgos f\u00edsicos y\/o qu\u00edmicos en diversos entornos profesionales. Fabricada con materiales impermeables de alta calidad, brinda una barrera segura frente a derrames y salpicaduras, siendo ideal para centros de salud, laboratorios y ambientes industriales.<\/p>\n<p>Esta prenda cubre completamente el \u00e1rea frontal del cuerpo, desde el t\u00f3rax, los brazos y la cintura, extendi\u00e9ndose hasta las rodillas. La parte posterior queda descubierta, facilitando la movilidad y ventilaci\u00f3n.<\/p>\n<p>Adem\u00e1s de su impermeabilidad, la pechera se distingue por su suavidad, lo que garantiza comodidad durante largos periodos de uso. Es hipoalerg\u00e9nica, resistente y adaptable, asegurando durabilidad y un ajuste adecuado para diferentes usuarios.<\/p>\n<\/div>\n<\/div>\n<\/div>\n<\/div>\n<\/div>\n<\/div>\n","protected":false},"excerpt":{"rendered":"<p>Pechera pl\u00e1stica con manga y ojal en pulgar Cranberry<br \/>\n<strong>1 Unidad<\/strong><\/p>\n<div class=\"group\/conversation-turn relative flex w-full min-w-0 flex-col agent-turn\">\n<div class=\"flex-col gap-1 md:gap-3\">\n<div class=\"flex max-w-full flex-col flex-grow\">\n<div class=\"min-h-[20px] text-message flex w-full flex-col items-end gap-2 break-words [.text-message+&amp;]:mt-5 overflow-x-auto whitespace-normal\" dir=\"auto\" data-message-author-role=\"assistant\" data-message-id=\"2030e61c-9a21-40a9-b8c2-e96157e117d3\">\n<div class=\"flex w-full flex-col gap-1 empty:hidden first:pt-[3px]\">\n<div class=\"markdown prose w-full break-words dark:prose-invert light\">\n<p>La pechera es un equipo de protecci\u00f3n personal dise\u00f1ado para ofrecer una defensa eficaz contra riesgos f\u00edsicos y\/o qu\u00edmicos en diversos entornos profesionales. Fabricada con materiales impermeables de alta calidad, brinda una barrera segura frente a derrames y salpicaduras, siendo ideal para centros de salud, laboratorios y ambientes industriales.<\/p>\n<p>Esta prenda cubre completamente el \u00e1rea frontal del cuerpo, desde el t\u00f3rax, los brazos y la cintura, extendi\u00e9ndose hasta las rodillas. La parte posterior queda descubierta, facilitando la movilidad y ventilaci\u00f3n.<\/p>\n<p>Adem\u00e1s de su impermeabilidad, la pechera se distingue por su suavidad, lo que garantiza comodidad durante largos periodos de uso. Es hipoalerg\u00e9nica, resistente y adaptable, asegurando durabilidad y un ajuste adecuado para diferentes usuarios.<\/p>\n<\/div>\n<\/div>\n<\/div>\n<\/div>\n<\/div>\n<\/div>\n","protected":false},"featured_media":12675,"comment_status":"open","ping_status":"closed","template":"","meta":{"_acf_changed":false},"product_brand":[1087],"product_cat":[94,372],"product_tag":[822,119,848,97,96,849,850,851,852],"class_list":{"0":"post-12672","1":"product","2":"type-product","3":"status-publish","4":"has-post-thumbnail","6":"product_brand-cranberry","7":"product_cat-insumos-desechables","8":"product_cat-batas","9":"product_tag-aislante","10":"product_tag-cranberry","11":"product_tag-industriales","12":"product_tag-ojal","13":"product_tag-pechera","14":"product_tag-pechera-para-eventos","15":"product_tag-pechera-para-seguridad","16":"product_tag-pechera-plastica-economica","17":"product_tag-pechera-plastica-impermeable","18":"product_shipping_class-extra-pequeno","20":"first","21":"instock","22":"shipping-taxable","23":"purchasable","24":"product-type-simple"},"acf":[],"_links":{"self":[{"href":"https:\/\/deltamed.cl\/tienda\/wp-json\/wp\/v2\/product\/12672","targetHints":{"allow":["GET"]}}],"collection":[{"href":"https:\/\/deltamed.cl\/tienda\/wp-json\/wp\/v2\/product"}],"about":[{"href":"https:\/\/deltamed.cl\/tienda\/wp-json\/wp\/v2\/types\/product"}],"replies":[{"embeddable":true,"href":"https:\/\/deltamed.cl\/tienda\/wp-json\/wp\/v2\/comments?post=12672"}],"version-history":[{"count":2,"href":"https:\/\/deltamed.cl\/tienda\/wp-json\/wp\/v2\/product\/12672\/revisions"}],"predecessor-version":[{"id":13194,"href":"https:\/\/deltamed.cl\/tienda\/wp-json\/wp\/v2\/product\/12672\/revisions\/13194"}],"wp:featuredmedia":[{"embeddable":true,"href":"https:\/\/deltamed.cl\/tienda\/wp-json\/wp\/v2\/media\/12675"}],"wp:attachment":[{"href":"https:\/\/deltamed.cl\/tienda\/wp-json\/wp\/v2\/media?parent=12672"}],"wp:term":[{"taxonomy":"product_brand","embeddable":true,"href":"https:\/\/deltamed.cl\/tienda\/wp-json\/wp\/v2\/product_brand?post=12672"},{"taxonomy":"product_cat","embeddable":true,"href":"https:\/\/deltamed.cl\/tienda\/wp-json\/wp\/v2\/product_cat?post=12672"},{"taxonomy":"product_tag","embeddable":true,"href":"https:\/\/deltamed.cl\/tienda\/wp-json\/wp\/v2\/product_tag?post=12672"}],"curies":[{"name":"wp","href":"https:\/\/api.w.org\/{rel}","templated":true}]}}