{"id":1254,"date":"2021-04-21T17:27:49","date_gmt":"2021-04-21T20:27:49","guid":{"rendered":"https:\/\/deltamed.cl\/tienda\/?post_type=product&#038;p=1254"},"modified":"2026-03-24T16:48:47","modified_gmt":"2026-03-24T19:48:47","slug":"toma-presion-digital-brazo-c02-heal-force","status":"publish","type":"product","link":"https:\/\/deltamed.cl\/tienda\/producto\/toma-presion-digital-brazo-c02-heal-force\/","title":{"rendered":"Toma presi\u00f3n digital brazo C02 heal force"},"content":{"rendered":"<p>Toma presi\u00f3n digital brazo C02 heal force<\/p>\n<p>Elegante monitor de presi\u00f3n arterial de brazo se ajustar\u00e1 a su estilo de vida y lo ayudar\u00e1 a mantenerse al tanto de la presi\u00f3n arterial. Gu\u00eda de voz esta funci\u00f3n permite escuchar sus resultados en ingl\u00e9s lo que facilita el control de su progreso.<\/p>\n<p>Almacenamiento para 2 usuarios cada uno con 120 memoria.<\/p>\n<p>\u2022 Medici\u00f3n precisa<br \/>\n\u2022 Gu\u00eda de voz completa<br \/>\n\u2022 Almacenamiento 120 datos<br \/>\n\u2022 Dise\u00f1o elegante.<br \/>\n\u2022 Ahorro de energ\u00eda inteligente.<br \/>\n\u2022 Protecci\u00f3n de sobrecarga.<br \/>\n\u2022 Protecci\u00f3n contra sobre descarga.<br \/>\n\u2022 m\u00e1s 300 medida recargable.<br \/>\n\u2022 Gu\u00eda de voz completa.<br \/>\n\u2022 Antes de la medici\u00f3n, el asistente llega al estado de reposo.<br \/>\n\u2022 Numero grandes e iluminados.<br \/>\n\u2022 Utiliza 3 bater\u00edas AA<\/p>\n<p>Contenido:<br \/>\n&#8211; Monitor de presi\u00f3n arterial digital<br \/>\n&#8211; Brazalete<br \/>\n&#8211; Manual (incluida la tarjeta de garant\u00eda)<br \/>\n&#8211; Cable USB para conectar a la computadora y traspasar la informaci\u00f3n.<br \/>\n&#8211; Certificado de conformidad<\/p>\n<p>\u2022 Rango de medici\u00f3n<\/p>\n<p>Presi\u00f3n arterial diast\u00f3lica 40-130 mmHg<br \/>\nPresi\u00f3n arterial sist\u00f3lica 60-230 mmHg<br \/>\nPulso 40 \u2013 170 bpm<\/p>\n<p>\u2022 Precisi\u00f3n<\/p>\n<p>De la presi\u00f3n arterial +\/- 3 mmHg<br \/>\npulso +\/- 5%<\/p>\n<div id=\"attachment_1255\" style=\"width: 310px\" class=\"wp-caption alignnone\"><img fetchpriority=\"high\" decoding=\"async\" aria-describedby=\"caption-attachment-1255\" class=\"size-medium wp-image-1255\" src=\"https:\/\/deltamed.cl\/tienda\/wp-content\/uploads\/2021\/04\/TOMA-PRESION-DELTAMED-300x257.png\" alt=\"Toma presi\u00f3n digital brazo C02 heal force\" width=\"300\" height=\"257\" title=\"\" srcset=\"https:\/\/deltamed.cl\/tienda\/wp-content\/uploads\/2021\/04\/TOMA-PRESION-DELTAMED-300x257.png 300w, https:\/\/deltamed.cl\/tienda\/wp-content\/uploads\/2021\/04\/TOMA-PRESION-DELTAMED.png 441w\" sizes=\"(max-width: 300px) 100vw, 300px\" \/><p id=\"caption-attachment-1255\" class=\"wp-caption-text\">Toma presi\u00f3n digital brazo C02 heal force<\/p><\/div>\n","protected":false},"excerpt":{"rendered":"<p>Toma presi\u00f3n digital brazo C02 heal force<\/p>\n<p>Elegante monitor de presi\u00f3n arterial de brazo se ajustar\u00e1 a su estilo de vida y lo ayudar\u00e1 a mantenerse al tanto de la presi\u00f3n arterial. Gu\u00eda de voz esta funci\u00f3n permite escuchar sus resultados en ingl\u00e9s lo que facilita el control de su progreso.<\/p>\n<p>Almacenamiento para 2 usuarios cada uno con 120 memoria.<\/p>\n","protected":false},"featured_media":1255,"comment_status":"open","ping_status":"closed","template":"","meta":{"_acf_changed":false},"product_brand":[1101],"product_cat":[15,1200,361],"product_tag":[84],"class_list":{"0":"post-1254","1":"product","2":"type-product","3":"status-publish","4":"has-post-thumbnail","6":"product_brand-heal-force","7":"product_cat-medicion-y-diagnostico","8":"product_cat-ofertas-2026","9":"product_cat-toma-presion","10":"product_tag-heal-force","11":"product_shipping_class-pequeno","13":"first","14":"instock","15":"sale","16":"shipping-taxable","17":"purchasable","18":"product-type-simple"},"acf":[],"_links":{"self":[{"href":"https:\/\/deltamed.cl\/tienda\/wp-json\/wp\/v2\/product\/1254","targetHints":{"allow":["GET"]}}],"collection":[{"href":"https:\/\/deltamed.cl\/tienda\/wp-json\/wp\/v2\/product"}],"about":[{"href":"https:\/\/deltamed.cl\/tienda\/wp-json\/wp\/v2\/types\/product"}],"replies":[{"embeddable":true,"href":"https:\/\/deltamed.cl\/tienda\/wp-json\/wp\/v2\/comments?post=1254"}],"version-history":[{"count":2,"href":"https:\/\/deltamed.cl\/tienda\/wp-json\/wp\/v2\/product\/1254\/revisions"}],"predecessor-version":[{"id":8591,"href":"https:\/\/deltamed.cl\/tienda\/wp-json\/wp\/v2\/product\/1254\/revisions\/8591"}],"wp:featuredmedia":[{"embeddable":true,"href":"https:\/\/deltamed.cl\/tienda\/wp-json\/wp\/v2\/media\/1255"}],"wp:attachment":[{"href":"https:\/\/deltamed.cl\/tienda\/wp-json\/wp\/v2\/media?parent=1254"}],"wp:term":[{"taxonomy":"product_brand","embeddable":true,"href":"https:\/\/deltamed.cl\/tienda\/wp-json\/wp\/v2\/product_brand?post=1254"},{"taxonomy":"product_cat","embeddable":true,"href":"https:\/\/deltamed.cl\/tienda\/wp-json\/wp\/v2\/product_cat?post=1254"},{"taxonomy":"product_tag","embeddable":true,"href":"https:\/\/deltamed.cl\/tienda\/wp-json\/wp\/v2\/product_tag?post=1254"}],"curies":[{"name":"wp","href":"https:\/\/api.w.org\/{rel}","templated":true}]}}