{"id":12421,"date":"2024-08-20T17:53:04","date_gmt":"2024-08-20T20:53:04","guid":{"rendered":"https:\/\/deltamed.cl\/tienda\/?post_type=product&#038;p=12421"},"modified":"2026-02-27T13:52:35","modified_gmt":"2026-02-27T16:52:35","slug":"canula-mayo-guedel-cranberry","status":"publish","type":"product","link":"https:\/\/deltamed.cl\/tienda\/producto\/canula-mayo-guedel-cranberry\/","title":{"rendered":"C\u00e1nula Mayo &#8211; Guedel Cranberry"},"content":{"rendered":"<div class=\"flex-shrink-0 flex flex-col relative items-end\">\n<div>\n<div class=\"pt-0\">\n<div class=\"gizmo-bot-avatar flex h-8 w-8 items-center justify-center overflow-hidden rounded-full\">\n<div class=\"relative p-1 rounded-sm flex items-center justify-center bg-token-main-surface-primary text-token-text-primary h-8 w-8\">C\u00e1nula Mayo-Guedel Cramberry<\/div>\n<\/div>\n<\/div>\n<\/div>\n<\/div>\n<div class=\"group\/conversation-turn relative flex w-full min-w-0 flex-col agent-turn\">\n<div class=\"flex-col gap-1 md:gap-3\">\n<div class=\"flex max-w-full flex-col flex-grow\">\n<div class=\"min-h-[20px] text-message flex w-full flex-col items-end gap-2 break-words [.text-message+&amp;]:mt-5 overflow-x-auto whitespace-pre-wrap\" dir=\"auto\" data-message-author-role=\"assistant\" data-message-id=\"5946062a-c36c-4cee-915d-e58a125b4b19\">\n<div class=\"flex w-full flex-col gap-1 empty:hidden first:pt-[3px]\">\n<div class=\"markdown prose w-full break-words dark:prose-invert light\">\n<p><strong>Caja x 50 unidades<\/strong><\/p>\n<p>Este dispositivo m\u00e9dico desechable y est\u00e9ril es esencial para mantener las v\u00edas respiratorias despejadas, evitando que la lengua obstruya el flujo de aire. Es especialmente \u00fatil en situaciones que requieren ventilaci\u00f3n asistida, como en pacientes sedados o con dificultades respiratorias. Su dise\u00f1o ergon\u00f3mico permite una inserci\u00f3n y ajuste precisos, asegurando una soluci\u00f3n segura y eficiente para el manejo de las v\u00edas a\u00e9reas en contextos m\u00e9dicos cr\u00edticos.<\/p>\n<p>Fabricado con materiales suaves, hipoalerg\u00e9nicos, resistentes, at\u00f3xicos y atraum\u00e1ticos, esta c\u00e1nula garantiza el m\u00e1ximo confort y seguridad para el paciente, reduciendo al m\u00ednimo el riesgo de irritaciones o reacciones adversas. Su alta calidad y fiabilidad la convierten en una herramienta indispensable en emergencias y otros escenarios cl\u00ednicos exigentes.<\/p>\n<\/div>\n<\/div>\n<\/div>\n<\/div>\n<\/div>\n<\/div>\n<p>&nbsp;<\/p>\n","protected":false},"excerpt":{"rendered":"<div class=\"flex-shrink-0 flex flex-col relative items-end\">\n<div>\n<div class=\"pt-0\">\n<div class=\"gizmo-bot-avatar flex h-8 w-8 items-center justify-center overflow-hidden rounded-full\">\n<div class=\"relative p-1 rounded-sm flex items-center justify-center bg-token-main-surface-primary text-token-text-primary h-8 w-8\">C\u00e1nula Mayo-Guedel Cramberry<\/div>\n<\/div>\n<\/div>\n<\/div>\n<\/div>\n<div class=\"group\/conversation-turn relative flex w-full min-w-0 flex-col agent-turn\">\n<div class=\"flex-col gap-1 md:gap-3\">\n<div class=\"flex max-w-full flex-col flex-grow\">\n<div class=\"min-h-[20px] text-message flex w-full flex-col items-end gap-2 break-words [.text-message+&amp;]:mt-5 overflow-x-auto whitespace-pre-wrap\" dir=\"auto\" data-message-author-role=\"assistant\" data-message-id=\"5946062a-c36c-4cee-915d-e58a125b4b19\">\n<div class=\"flex w-full flex-col gap-1 empty:hidden first:pt-[3px]\">\n<div class=\"markdown prose w-full break-words dark:prose-invert light\">\n<p><strong>Caja x 50 unidades<\/strong><\/p>\n<p>Este dispositivo m\u00e9dico desechable y est\u00e9ril es esencial para mantener las v\u00edas respiratorias despejadas, evitando que la lengua obstruya el flujo de aire. Es especialmente \u00fatil en situaciones que requieren ventilaci\u00f3n asistida, como en pacientes sedados o con dificultades respiratorias. Su dise\u00f1o ergon\u00f3mico permite una inserci\u00f3n y ajuste precisos, asegurando una soluci\u00f3n segura y eficiente para el manejo de las v\u00edas a\u00e9reas en contextos m\u00e9dicos cr\u00edticos.<\/p>\n<p>Fabricado con materiales suaves, hipoalerg\u00e9nicos, resistentes, at\u00f3xicos y atraum\u00e1ticos, esta c\u00e1nula garantiza el m\u00e1ximo confort y seguridad para el paciente, reduciendo al m\u00ednimo el riesgo de irritaciones o reacciones adversas. Su alta calidad y fiabilidad la convierten en una herramienta indispensable en emergencias y otros escenarios cl\u00ednicos exigentes.<\/p>\n<\/div>\n<\/div>\n<\/div>\n<\/div>\n<\/div>\n<\/div>\n","protected":false},"featured_media":12429,"comment_status":"open","ping_status":"closed","template":"","meta":{"_acf_changed":false},"product_brand":[1087],"product_cat":[384],"product_tag":[805,803,804],"class_list":{"0":"post-12421","1":"product","2":"type-product","3":"status-publish","4":"has-post-thumbnail","6":"product_brand-cranberry","7":"product_cat-otros","8":"product_tag-anestesia","9":"product_tag-canula-de-guedel","10":"product_tag-canula-mayo","11":"product_shipping_class-pequeno","13":"first","14":"outofstock","15":"shipping-taxable","16":"purchasable","17":"product-type-variable"},"acf":[],"_links":{"self":[{"href":"https:\/\/deltamed.cl\/tienda\/wp-json\/wp\/v2\/product\/12421","targetHints":{"allow":["GET"]}}],"collection":[{"href":"https:\/\/deltamed.cl\/tienda\/wp-json\/wp\/v2\/product"}],"about":[{"href":"https:\/\/deltamed.cl\/tienda\/wp-json\/wp\/v2\/types\/product"}],"replies":[{"embeddable":true,"href":"https:\/\/deltamed.cl\/tienda\/wp-json\/wp\/v2\/comments?post=12421"}],"version-history":[{"count":2,"href":"https:\/\/deltamed.cl\/tienda\/wp-json\/wp\/v2\/product\/12421\/revisions"}],"predecessor-version":[{"id":14453,"href":"https:\/\/deltamed.cl\/tienda\/wp-json\/wp\/v2\/product\/12421\/revisions\/14453"}],"wp:featuredmedia":[{"embeddable":true,"href":"https:\/\/deltamed.cl\/tienda\/wp-json\/wp\/v2\/media\/12429"}],"wp:attachment":[{"href":"https:\/\/deltamed.cl\/tienda\/wp-json\/wp\/v2\/media?parent=12421"}],"wp:term":[{"taxonomy":"product_brand","embeddable":true,"href":"https:\/\/deltamed.cl\/tienda\/wp-json\/wp\/v2\/product_brand?post=12421"},{"taxonomy":"product_cat","embeddable":true,"href":"https:\/\/deltamed.cl\/tienda\/wp-json\/wp\/v2\/product_cat?post=12421"},{"taxonomy":"product_tag","embeddable":true,"href":"https:\/\/deltamed.cl\/tienda\/wp-json\/wp\/v2\/product_tag?post=12421"}],"curies":[{"name":"wp","href":"https:\/\/api.w.org\/{rel}","templated":true}]}}