{"id":12401,"date":"2024-08-19T17:58:54","date_gmt":"2024-08-19T20:58:54","guid":{"rendered":"https:\/\/deltamed.cl\/tienda\/?post_type=product&#038;p=12401"},"modified":"2026-02-27T13:52:34","modified_gmt":"2026-02-27T16:52:34","slug":"hoja-de-bisturi-con-mango","status":"publish","type":"product","link":"https:\/\/deltamed.cl\/tienda\/producto\/hoja-de-bisturi-con-mango\/","title":{"rendered":"Hoja de bistur\u00ed con mango"},"content":{"rendered":"<p>Hojas de bistur\u00ed con mango<br \/>\n<strong>Caja x10 unidades<br \/>\n<\/strong><br \/>\nInstrumento quir\u00fargico est\u00e9ril y cortante, dise\u00f1ado espec\u00edficamente para realizar cortes e incisiones precisas durante procedimientos invasivos o cirug\u00edas. Se trata de un bistur\u00ed de alta calidad, cuya hoja presenta un filo extraordinario, garantizando as\u00ed una incisi\u00f3n limpia y precisa en los tejidos.<\/p>\n<p><strong>Caracter\u00edsticas t\u00e9cnicas:<\/strong><\/p>\n<ul>\n<li><strong>Hoja:<\/strong> La hoja es afilada con precisi\u00f3n milim\u00e9trica, lo que permite realizar cortes exactos y controlados, minimizando el da\u00f1o a los tejidos circundantes y facilitando una recuperaci\u00f3n m\u00e1s r\u00e1pida del paciente.<\/li>\n<li><strong>Mango:<\/strong> El mango est\u00e1 dise\u00f1ado ergon\u00f3micamente para ofrecer un agarre c\u00f3modo y seguro al cirujano, permitiendo una manipulaci\u00f3n precisa del bistur\u00ed. Adem\u00e1s, el mango cuenta con una escala de medici\u00f3n grabada que va del 0 al 10 cent\u00edmetros, lo que facilita la realizaci\u00f3n de incisiones de longitud exacta seg\u00fan las necesidades del procedimiento.<\/li>\n<li><strong>Esterilidad:<\/strong> El insumo es suministrado en un envase est\u00e9ril, garantizando as\u00ed su uso seguro y libre de contaminaci\u00f3n en el entorno quir\u00fargico.<\/li>\n<\/ul>\n<p>Este instrumento es indispensable en una amplia variedad de procedimientos quir\u00fargicos, desde los m\u00e1s simples hasta los m\u00e1s complejos, asegurando siempre un desempe\u00f1o \u00f3ptimo y resultados satisfactorios.<\/p>\n","protected":false},"excerpt":{"rendered":"<p>Hojas de bistur\u00ed con mango<br \/>\n<strong>Caja x10 unidades<br \/>\n<\/strong><br \/>\nInstrumento quir\u00fargico est\u00e9ril y cortante, dise\u00f1ado espec\u00edficamente para realizar cortes e incisiones precisas durante procedimientos invasivos o cirug\u00edas. Se trata de un bistur\u00ed de alta calidad, cuya hoja presenta un filo extraordinario, garantizando as\u00ed una incisi\u00f3n limpia y precisa en los tejidos.<\/p>\n<p><strong>Caracter\u00edsticas t\u00e9cnicas:<\/strong><\/p>\n<ul>\n<li><strong>Hoja:<\/strong> La hoja es afilada con precisi\u00f3n milim\u00e9trica, lo que permite realizar cortes exactos y controlados, minimizando el da\u00f1o a los tejidos circundantes y facilitando una recuperaci\u00f3n m\u00e1s r\u00e1pida del paciente.<\/li>\n<li><strong>Mango:<\/strong> El mango est\u00e1 dise\u00f1ado ergon\u00f3micamente para ofrecer un agarre c\u00f3modo y seguro al cirujano, permitiendo una manipulaci\u00f3n precisa del bistur\u00ed. Adem\u00e1s, el mango cuenta con una escala de medici\u00f3n grabada que va del 0 al 10 cent\u00edmetros, lo que facilita la realizaci\u00f3n de incisiones de longitud exacta seg\u00fan las necesidades del procedimiento.<\/li>\n<li><strong>Esterilidad:<\/strong> El insumo es suministrado en un envase est\u00e9ril, garantizando as\u00ed su uso seguro y libre de contaminaci\u00f3n en el entorno quir\u00fargico.<\/li>\n<\/ul>\n<p>Este instrumento es indispensable en una amplia variedad de procedimientos quir\u00fargicos, desde los m\u00e1s simples hasta los m\u00e1s complejos, asegurando siempre un desempe\u00f1o \u00f3ptimo y resultados satisfactorios.<\/p>\n","protected":false},"featured_media":12402,"comment_status":"open","ping_status":"closed","template":"","meta":{"_acf_changed":false},"product_brand":[],"product_cat":[94,371,384,432],"product_tag":[799,801,542,81,800,499],"class_list":{"0":"post-12401","1":"product","2":"type-product","3":"status-publish","4":"has-post-thumbnail","6":"product_cat-insumos-desechables","7":"product_cat-apositos-gasas","8":"product_cat-otros","9":"product_cat-otros-tratamiento-de-herida","10":"product_tag-bisturi","11":"product_tag-bisturi-con-mango","12":"product_tag-curacion","13":"product_tag-esteril","14":"product_tag-hoja","15":"product_tag-podologia","17":"first","18":"instock","19":"shipping-taxable","20":"purchasable","21":"product-type-variable"},"acf":[],"_links":{"self":[{"href":"https:\/\/deltamed.cl\/tienda\/wp-json\/wp\/v2\/product\/12401","targetHints":{"allow":["GET"]}}],"collection":[{"href":"https:\/\/deltamed.cl\/tienda\/wp-json\/wp\/v2\/product"}],"about":[{"href":"https:\/\/deltamed.cl\/tienda\/wp-json\/wp\/v2\/types\/product"}],"replies":[{"embeddable":true,"href":"https:\/\/deltamed.cl\/tienda\/wp-json\/wp\/v2\/comments?post=12401"}],"version-history":[{"count":2,"href":"https:\/\/deltamed.cl\/tienda\/wp-json\/wp\/v2\/product\/12401\/revisions"}],"predecessor-version":[{"id":12412,"href":"https:\/\/deltamed.cl\/tienda\/wp-json\/wp\/v2\/product\/12401\/revisions\/12412"}],"wp:featuredmedia":[{"embeddable":true,"href":"https:\/\/deltamed.cl\/tienda\/wp-json\/wp\/v2\/media\/12402"}],"wp:attachment":[{"href":"https:\/\/deltamed.cl\/tienda\/wp-json\/wp\/v2\/media?parent=12401"}],"wp:term":[{"taxonomy":"product_brand","embeddable":true,"href":"https:\/\/deltamed.cl\/tienda\/wp-json\/wp\/v2\/product_brand?post=12401"},{"taxonomy":"product_cat","embeddable":true,"href":"https:\/\/deltamed.cl\/tienda\/wp-json\/wp\/v2\/product_cat?post=12401"},{"taxonomy":"product_tag","embeddable":true,"href":"https:\/\/deltamed.cl\/tienda\/wp-json\/wp\/v2\/product_tag?post=12401"}],"curies":[{"name":"wp","href":"https:\/\/api.w.org\/{rel}","templated":true}]}}