{"id":124,"date":"2020-12-04T01:50:42","date_gmt":"2020-12-04T04:50:42","guid":{"rendered":"https:\/\/deltamed.cl\/tienda\/?post_type=product&#038;p=124"},"modified":"2026-02-27T13:30:25","modified_gmt":"2026-02-27T16:30:25","slug":"barra-para-bano-de-acero-inoxidable","status":"publish","type":"product","link":"https:\/\/deltamed.cl\/tienda\/producto\/barra-para-bano-de-acero-inoxidable\/","title":{"rendered":"Barra para ba\u00f1o de acero inoxidable"},"content":{"rendered":"<p>Barra para ba\u00f1o de acero inoxidable<\/p>\n<p>Si tienes movilidad reducida, estas en rehabilitaci\u00f3n o eres un <em>adulto mayor<\/em>, es esencial que tengas una\u00a0<em>barra<\/em>\u00a0de seguridad en tu ba\u00f1o.<\/p>\n<p>Se pueden montar f\u00e1cilmente en una variedad de superficies y en diferentes \u00e1ngulos. Disfrute de una\u00a0<em class=\"TNT2l AStapd\">mayor<\/em>\u00a0tranquilidad en el ba\u00f1o con esta\u00a0<em class=\"TNT2l AStapd\">barra<\/em>\u00a0de apoyo.<\/p>\n<p>Ideal para apoyar y proteger a adultos mayores, personas con poca movilidad, no videntes, posoperatorio.<br \/>\nEstructura de acero inoxidable<\/p>\n<p>Tenemos disponibles en:<\/p>\n<p>30 cm<\/p>\n<p>40 cm<\/p>\n<p>60 cm<\/p>\n<p>Sugerencias<\/p>\n<p>Las barras de seguridad\u00a0<b>debes instalarlas a 75 cm desde el suelo y, en el caso de las barras para ayudar en el inodoro, a 40 cm del eje del WC<\/b>.<\/p>\n<ul>\n<li>Instalar puertas correderas de al menos 80 cm facilitar\u00e1 la movilidad de los adultos mayores. En su defecto, puedes colocar una puerta que se abra hacia afuera y que facilite la salida de la persona.<\/li>\n<li>Evitar cerraduras o trabas interiores nos ayudar\u00e1 a estar pendientes de cualquier eventualidad y a entrar en cualquier momento.<\/li>\n<li>Utilizar un tapete antideslizante o sillas especiales puede evitar resbalones y ca\u00eddas.<\/li>\n<li>Evitar el uso de alfombrillas y objetos que provoquen desniveles. Un suelo liso y seguro es mejor para evitar tropezones.<\/li>\n<li>Si tienes ba\u00f1adera, lo mejor es sustituirla por una ducha. Lo ideal es que est\u00e9 al ras del suelo y que cuente con asideros. En caso de no poder hacer el cambio, procura colocar material antideslizante en el piso, soportes y asideros.<\/li>\n<li>Colocar barras de apoyo y soportes cerca de los artefactos permitir\u00e1 que la persona se mantenga firme y reduzca el riesgo de ca\u00eddas.<\/li>\n<li>Instalar grifos de palanca en lugar de giratorios ayudar\u00e1 a las personas mayores con ciertas enfermedades art\u00edculares, pues no tendr\u00e1n que hacer demasiada fuerza para abrirlos o cerrarlos.<\/li>\n<\/ul>\n","protected":false},"excerpt":{"rendered":"<p>Barra para ba\u00f1o de acero inoxidable<\/p>\n<p>Exclusiva Barra de Seguridad para ba\u00f1os, duchas, pasillos, etc.<br \/>\n\u2022 Ideal para apoyar y proteger a adultos mayores, personas con poca movilidad, no videntes, posoperatorio.<br \/>\n\u2022 Estructura de acero inoxidable<\/p>\n","protected":false},"featured_media":125,"comment_status":"open","ping_status":"closed","template":"","meta":{"_acf_changed":false},"product_brand":[1091],"product_cat":[1075,363],"product_tag":[49,24,486,26,48,585,31,51],"class_list":{"0":"post-124","1":"product","2":"type-product","3":"status-publish","4":"has-post-thumbnail","6":"product_brand-deltamed","7":"product_cat-barras-banos","8":"product_cat-articulos-de-bano","9":"product_tag-acero","10":"product_tag-adulto-mayor","11":"product_tag-ayudas-tecnicas","12":"product_tag-bano","13":"product_tag-barra","14":"product_tag-deltamed","15":"product_tag-ducha","16":"product_tag-inoxidable","17":"product_shipping_class-grande","19":"first","20":"instock","21":"sale","22":"shipping-taxable","23":"purchasable","24":"product-type-variable"},"acf":[],"_links":{"self":[{"href":"https:\/\/deltamed.cl\/tienda\/wp-json\/wp\/v2\/product\/124","targetHints":{"allow":["GET"]}}],"collection":[{"href":"https:\/\/deltamed.cl\/tienda\/wp-json\/wp\/v2\/product"}],"about":[{"href":"https:\/\/deltamed.cl\/tienda\/wp-json\/wp\/v2\/types\/product"}],"replies":[{"embeddable":true,"href":"https:\/\/deltamed.cl\/tienda\/wp-json\/wp\/v2\/comments?post=124"}],"version-history":[{"count":2,"href":"https:\/\/deltamed.cl\/tienda\/wp-json\/wp\/v2\/product\/124\/revisions"}],"predecessor-version":[{"id":16437,"href":"https:\/\/deltamed.cl\/tienda\/wp-json\/wp\/v2\/product\/124\/revisions\/16437"}],"wp:featuredmedia":[{"embeddable":true,"href":"https:\/\/deltamed.cl\/tienda\/wp-json\/wp\/v2\/media\/125"}],"wp:attachment":[{"href":"https:\/\/deltamed.cl\/tienda\/wp-json\/wp\/v2\/media?parent=124"}],"wp:term":[{"taxonomy":"product_brand","embeddable":true,"href":"https:\/\/deltamed.cl\/tienda\/wp-json\/wp\/v2\/product_brand?post=124"},{"taxonomy":"product_cat","embeddable":true,"href":"https:\/\/deltamed.cl\/tienda\/wp-json\/wp\/v2\/product_cat?post=124"},{"taxonomy":"product_tag","embeddable":true,"href":"https:\/\/deltamed.cl\/tienda\/wp-json\/wp\/v2\/product_tag?post=124"}],"curies":[{"name":"wp","href":"https:\/\/api.w.org\/{rel}","templated":true}]}}