{"id":12377,"date":"2024-08-16T18:11:04","date_gmt":"2024-08-16T21:11:04","guid":{"rendered":"https:\/\/deltamed.cl\/tienda\/?post_type=product&#038;p=12377"},"modified":"2026-04-28T10:34:07","modified_gmt":"2026-04-28T13:34:07","slug":"bolsa-recolector-orina-adulto-cranberry","status":"publish","type":"product","link":"https:\/\/deltamed.cl\/tienda\/producto\/bolsa-recolector-orina-adulto-cranberry\/","title":{"rendered":"Bolsa recolector orina adulto Cranberry"},"content":{"rendered":"<p>Bolsa recolector orina adulto Cranberry<br \/>\n<strong>1 unidad<\/strong><\/p>\n<p>El recolector de orina de 2lt es un insumo m\u00e9dico desechable y de un solo uso, dise\u00f1ado para acumular orina de manera segura en su contenedor. Fabricado con un circuito cerrado de polietileno de baja densidad y grado m\u00e9dico, este dispositivo garantiza la medici\u00f3n precisa de la orina por hora, la recolecci\u00f3n cerrada de muestras para an\u00e1lisis y un balance h\u00eddrico estricto.<\/p>\n<p>Este recolector es ideal para pacientes con incontinencia urinaria o aquellos que requieren apoyo temporal durante cirug\u00edas o procedimientos m\u00e9dicos.<\/p>\n<p><strong>Producto esteril, libre de latex.<\/strong><\/p>\n","protected":false},"excerpt":{"rendered":"<p>Bolsa recolector orina adulto Cranberry<br \/>\n<strong>1 unidad<\/strong><\/p>\n<p>El recolector de orina de 2lt es un insumo m\u00e9dico desechable y de un solo uso, dise\u00f1ado para acumular orina de manera segura en su contenedor. Fabricado con un circuito cerrado de polietileno de baja densidad y grado m\u00e9dico, este dispositivo garantiza la medici\u00f3n precisa de la orina por hora, la recolecci\u00f3n cerrada de muestras para an\u00e1lisis y un balance h\u00eddrico estricto.<\/p>\n<p>Este recolector es ideal para pacientes con incontinencia urinaria o aquellos que requieren apoyo temporal durante cirug\u00edas o procedimientos m\u00e9dicos.<\/p>\n<p><strong>Producto esteril, libre de latex.<\/strong><\/p>\n","protected":false},"featured_media":12378,"comment_status":"open","ping_status":"closed","template":"","meta":{"_acf_changed":false},"product_brand":[1087],"product_cat":[94,738,377,405],"product_tag":[796,797,794,119,798,128,795],"class_list":{"0":"post-12377","1":"product","2":"type-product","3":"status-publish","4":"has-post-thumbnail","6":"product_brand-cranberry","7":"product_cat-insumos-desechables","8":"product_cat-sondas","9":"product_cat-bolsas-recolectoras","10":"product_cat-bolsas-urostomia","11":"product_tag-bolsa-de-cama","12":"product_tag-bolsa-de-cateteterismop","13":"product_tag-bolsa-orina","14":"product_tag-cranberry","15":"product_tag-drenable","16":"product_tag-orina","17":"product_tag-recolector-de-orina","18":"product_shipping_class-extra-pequeno","20":"first","21":"instock","22":"shipping-taxable","23":"purchasable","24":"product-type-simple"},"acf":[],"_links":{"self":[{"href":"https:\/\/deltamed.cl\/tienda\/wp-json\/wp\/v2\/product\/12377","targetHints":{"allow":["GET"]}}],"collection":[{"href":"https:\/\/deltamed.cl\/tienda\/wp-json\/wp\/v2\/product"}],"about":[{"href":"https:\/\/deltamed.cl\/tienda\/wp-json\/wp\/v2\/types\/product"}],"replies":[{"embeddable":true,"href":"https:\/\/deltamed.cl\/tienda\/wp-json\/wp\/v2\/comments?post=12377"}],"version-history":[{"count":2,"href":"https:\/\/deltamed.cl\/tienda\/wp-json\/wp\/v2\/product\/12377\/revisions"}],"predecessor-version":[{"id":12380,"href":"https:\/\/deltamed.cl\/tienda\/wp-json\/wp\/v2\/product\/12377\/revisions\/12380"}],"wp:featuredmedia":[{"embeddable":true,"href":"https:\/\/deltamed.cl\/tienda\/wp-json\/wp\/v2\/media\/12378"}],"wp:attachment":[{"href":"https:\/\/deltamed.cl\/tienda\/wp-json\/wp\/v2\/media?parent=12377"}],"wp:term":[{"taxonomy":"product_brand","embeddable":true,"href":"https:\/\/deltamed.cl\/tienda\/wp-json\/wp\/v2\/product_brand?post=12377"},{"taxonomy":"product_cat","embeddable":true,"href":"https:\/\/deltamed.cl\/tienda\/wp-json\/wp\/v2\/product_cat?post=12377"},{"taxonomy":"product_tag","embeddable":true,"href":"https:\/\/deltamed.cl\/tienda\/wp-json\/wp\/v2\/product_tag?post=12377"}],"curies":[{"name":"wp","href":"https:\/\/api.w.org\/{rel}","templated":true}]}}