{"id":12319,"date":"2024-08-13T12:53:09","date_gmt":"2024-08-13T15:53:09","guid":{"rendered":"https:\/\/deltamed.cl\/tienda\/?post_type=product&#038;p=12319"},"modified":"2026-02-27T13:52:34","modified_gmt":"2026-02-27T16:52:34","slug":"mascarilla-alta-concentracion-con-reservorio-cranberry","status":"publish","type":"product","link":"https:\/\/deltamed.cl\/tienda\/producto\/mascarilla-alta-concentracion-con-reservorio-cranberry\/","title":{"rendered":"Mascarilla alta concentraci\u00f3n con reservorio Cranberry"},"content":{"rendered":"<p>Mascarilla alta concentraci\u00f3n con reservorio Cranberry<br \/>\n1 unidad<\/p>\n<p>Este dispositivo m\u00e9dico est\u00e1 dise\u00f1ado para proporcionar una administraci\u00f3n de ox\u00edgeno a alta concentraci\u00f3n. Se ajusta a la cabeza del paciente mediante una doble banda el\u00e1stica que asegura su sujeci\u00f3n a la nuca.<\/p>\n<p>La mascarilla presenta una forma anat\u00f3mica y alargada, lo que garantiza un excelente ajuste facial. Cuenta con dos orificios laterales que permiten la mezcla de ox\u00edgeno con el aire ambiente. Adem\u00e1s, incluye una bolsa reservorio con capacidad de 750 ml, lo que permite que el paciente reciba ox\u00edgeno por dos v\u00edas: a trav\u00e9s del ox\u00edgeno suministrado por la tubuladura y del ox\u00edgeno acumulado en la bolsa reservorio. Esto maximiza la concentraci\u00f3n de ox\u00edgeno hasta un 100% con un flujo bajo.<\/p>\n<p><strong>Caracter\u00edsticas:<\/strong><\/p>\n<ul>\n<li><strong>Flexible:<\/strong> Fabricada con PVC flexible de alta calidad.<\/li>\n<li><strong>Liviana:<\/strong> No marca la piel.<\/li>\n<li><strong>Suave:<\/strong> C\u00f3moda en su postura.<\/li>\n<\/ul>\n<p><strong>Normativa:<\/strong> La \u00abNorma t\u00e9cnica 199 sobre esterilizaci\u00f3n y desinfecci\u00f3n de alto nivel y uso de art\u00edculos m\u00e9dicos est\u00e9riles en establecimientos de atenci\u00f3n en salud\u00bb indica que los insumos de oxigenoterapia no invasivos deben cumplir con el requisito de limpieza y desinfecci\u00f3n de nivel intermedio o bajo.<\/p>\n<p><strong>Cumplimiento:<\/strong> Para cumplir con esta norma,\u00a0 Cranberry cuenta con dispositivos esterilizados en \u00f3xido de etileno.<\/p>\n","protected":false},"excerpt":{"rendered":"<p>Mascarilla alta concentraci\u00f3n con reservorio Cranberry<br \/>\n1 unidad<\/p>\n<p>Este dispositivo m\u00e9dico est\u00e1 dise\u00f1ado para proporcionar una administraci\u00f3n de ox\u00edgeno a alta concentraci\u00f3n. Se ajusta a la cabeza del paciente mediante una doble banda el\u00e1stica que asegura su sujeci\u00f3n a la nuca.<\/p>\n<p>La mascarilla presenta una forma anat\u00f3mica y alargada, lo que garantiza un excelente ajuste facial. Cuenta con dos orificios laterales que permiten la mezcla de ox\u00edgeno con el aire ambiente. Adem\u00e1s, incluye una bolsa reservorio con capacidad de 750 ml, lo que permite que el paciente reciba ox\u00edgeno por dos v\u00edas: a trav\u00e9s del ox\u00edgeno suministrado por la tubuladura y del ox\u00edgeno acumulado en la bolsa reservorio. Esto maximiza la concentraci\u00f3n de ox\u00edgeno hasta un 100% con un flujo bajo.<\/p>\n","protected":false},"featured_media":12323,"comment_status":"open","ping_status":"closed","template":"","meta":{"_acf_changed":false},"product_brand":[1087],"product_cat":[94,381],"product_tag":[787,785,119,788,775,786],"class_list":{"0":"post-12319","1":"product","2":"type-product","3":"status-publish","4":"has-post-thumbnail","6":"product_brand-cranberry","7":"product_cat-insumos-desechables","8":"product_cat-mascarillas","9":"product_tag-alta-concentracion","10":"product_tag-alto-flujo","11":"product_tag-cranberry","12":"product_tag-mascarilla-con-recirculacion","13":"product_tag-oxigeno","14":"product_tag-reservorio","15":"product_shipping_class-extra-pequeno","17":"first","18":"instock","19":"shipping-taxable","20":"purchasable","21":"product-type-simple"},"acf":[],"_links":{"self":[{"href":"https:\/\/deltamed.cl\/tienda\/wp-json\/wp\/v2\/product\/12319","targetHints":{"allow":["GET"]}}],"collection":[{"href":"https:\/\/deltamed.cl\/tienda\/wp-json\/wp\/v2\/product"}],"about":[{"href":"https:\/\/deltamed.cl\/tienda\/wp-json\/wp\/v2\/types\/product"}],"replies":[{"embeddable":true,"href":"https:\/\/deltamed.cl\/tienda\/wp-json\/wp\/v2\/comments?post=12319"}],"version-history":[{"count":3,"href":"https:\/\/deltamed.cl\/tienda\/wp-json\/wp\/v2\/product\/12319\/revisions"}],"predecessor-version":[{"id":12327,"href":"https:\/\/deltamed.cl\/tienda\/wp-json\/wp\/v2\/product\/12319\/revisions\/12327"}],"wp:featuredmedia":[{"embeddable":true,"href":"https:\/\/deltamed.cl\/tienda\/wp-json\/wp\/v2\/media\/12323"}],"wp:attachment":[{"href":"https:\/\/deltamed.cl\/tienda\/wp-json\/wp\/v2\/media?parent=12319"}],"wp:term":[{"taxonomy":"product_brand","embeddable":true,"href":"https:\/\/deltamed.cl\/tienda\/wp-json\/wp\/v2\/product_brand?post=12319"},{"taxonomy":"product_cat","embeddable":true,"href":"https:\/\/deltamed.cl\/tienda\/wp-json\/wp\/v2\/product_cat?post=12319"},{"taxonomy":"product_tag","embeddable":true,"href":"https:\/\/deltamed.cl\/tienda\/wp-json\/wp\/v2\/product_tag?post=12319"}],"curies":[{"name":"wp","href":"https:\/\/api.w.org\/{rel}","templated":true}]}}