{"id":12296,"date":"2024-08-12T18:24:03","date_gmt":"2024-08-12T21:24:03","guid":{"rendered":"https:\/\/deltamed.cl\/tienda\/?post_type=product&#038;p=12296"},"modified":"2026-02-27T13:52:34","modified_gmt":"2026-02-27T16:52:34","slug":"venda-elastica-ideal-cranberry","status":"publish","type":"product","link":"https:\/\/deltamed.cl\/tienda\/producto\/venda-elastica-ideal-cranberry\/","title":{"rendered":"Venda el\u00e1stica ideal Cranberry"},"content":{"rendered":"<p>Venda el\u00e1stica ideal Cranberry<br \/>\n1 Unidad<\/p>\n<p>Las vendas el\u00e1sticas son un recurso m\u00e9dico reutilizable esencial, dise\u00f1ado para brindar soporte y protecci\u00f3n en casos de lesiones traumatol\u00f3gicas. Estas vendas se utilizan para inmovilizar extremidades lesionadas, lo que ayuda a reducir la inflamaci\u00f3n y, por lo tanto, a aliviar el dolor. Su dise\u00f1o permite un uso sencillo y una sujeci\u00f3n firme, gracias a los ganchos met\u00e1licos atraum\u00e1ticos que aseguran la venda en su lugar sin causar da\u00f1o adicional.<\/p>\n<p>Adem\u00e1s de su funci\u00f3n principal en la inmovilizaci\u00f3n, las vendas el\u00e1sticas son muy vers\u00e1tiles y se emplean com\u00fanmente para asegurar curaciones en diversas \u00e1reas del cuerpo, ofreciendo una soluci\u00f3n confiable para mantener vendajes y ap\u00f3sitos en su sitio durante el proceso de recuperaci\u00f3n.<\/p>\n","protected":false},"excerpt":{"rendered":"<p>Venda el\u00e1stica ideal Cranberry<br \/>\n1 Unidad<\/p>\n<p>Las vendas el\u00e1sticas son un recurso m\u00e9dico reutilizable esencial, dise\u00f1ado para brindar soporte y protecci\u00f3n en casos de lesiones traumatol\u00f3gicas. Estas vendas se utilizan para inmovilizar extremidades lesionadas, lo que ayuda a reducir la inflamaci\u00f3n y, por lo tanto, a aliviar el dolor. Su dise\u00f1o permite un uso sencillo y una sujeci\u00f3n firme, gracias a los ganchos met\u00e1licos atraum\u00e1ticos que aseguran la venda en su lugar sin causar da\u00f1o adicional.<\/p>\n<p>Adem\u00e1s de su funci\u00f3n principal en la inmovilizaci\u00f3n, las vendas el\u00e1sticas son muy vers\u00e1tiles y se emplean com\u00fanmente para asegurar curaciones en diversas \u00e1reas del cuerpo, ofreciendo una soluci\u00f3n confiable para mantener vendajes y ap\u00f3sitos en su sitio durante el proceso de recuperaci\u00f3n.<\/p>\n","protected":false},"featured_media":12299,"comment_status":"open","ping_status":"closed","template":"","meta":{"_acf_changed":false},"product_brand":[1087],"product_cat":[430,37,393,429,415,432],"product_tag":[119,1206,1205],"class_list":{"0":"post-12296","1":"product","2":"type-product","3":"status-publish","4":"has-post-thumbnail","6":"product_brand-cranberry","7":"product_cat-otros-ayudas-tecnicas-de-bano","8":"product_cat-kinesiologia","9":"product_cat-bandas-elasticas","10":"product_cat-otros-ortopedia","11":"product_cat-tobilleras","12":"product_cat-otros-tratamiento-de-herida","13":"product_tag-cranberry","14":"product_tag-inmovizar","15":"product_tag-venda-elastica","16":"product_shipping_class-extra-pequeno","18":"first","19":"instock","20":"shipping-taxable","21":"purchasable","22":"product-type-variable"},"acf":[],"_links":{"self":[{"href":"https:\/\/deltamed.cl\/tienda\/wp-json\/wp\/v2\/product\/12296","targetHints":{"allow":["GET"]}}],"collection":[{"href":"https:\/\/deltamed.cl\/tienda\/wp-json\/wp\/v2\/product"}],"about":[{"href":"https:\/\/deltamed.cl\/tienda\/wp-json\/wp\/v2\/types\/product"}],"replies":[{"embeddable":true,"href":"https:\/\/deltamed.cl\/tienda\/wp-json\/wp\/v2\/comments?post=12296"}],"version-history":[{"count":7,"href":"https:\/\/deltamed.cl\/tienda\/wp-json\/wp\/v2\/product\/12296\/revisions"}],"predecessor-version":[{"id":18475,"href":"https:\/\/deltamed.cl\/tienda\/wp-json\/wp\/v2\/product\/12296\/revisions\/18475"}],"wp:featuredmedia":[{"embeddable":true,"href":"https:\/\/deltamed.cl\/tienda\/wp-json\/wp\/v2\/media\/12299"}],"wp:attachment":[{"href":"https:\/\/deltamed.cl\/tienda\/wp-json\/wp\/v2\/media?parent=12296"}],"wp:term":[{"taxonomy":"product_brand","embeddable":true,"href":"https:\/\/deltamed.cl\/tienda\/wp-json\/wp\/v2\/product_brand?post=12296"},{"taxonomy":"product_cat","embeddable":true,"href":"https:\/\/deltamed.cl\/tienda\/wp-json\/wp\/v2\/product_cat?post=12296"},{"taxonomy":"product_tag","embeddable":true,"href":"https:\/\/deltamed.cl\/tienda\/wp-json\/wp\/v2\/product_tag?post=12296"}],"curies":[{"name":"wp","href":"https:\/\/api.w.org\/{rel}","templated":true}]}}