{"id":12259,"date":"2024-08-08T16:42:07","date_gmt":"2024-08-08T19:42:07","guid":{"rendered":"https:\/\/deltamed.cl\/tienda\/?post_type=product&#038;p=12259"},"modified":"2026-02-27T13:52:34","modified_gmt":"2026-02-27T16:52:34","slug":"alargador-venoso-con-llave-de-tres-pasos-10-cm-cranberry","status":"publish","type":"product","link":"https:\/\/deltamed.cl\/tienda\/producto\/alargador-venoso-con-llave-de-tres-pasos-10-cm-cranberry\/","title":{"rendered":"Alargador venoso con llave de tres pasos 10 cm Cranberry"},"content":{"rendered":"<p>Alargador venoso con llave de tres pasos 10 cm Cranberry<br \/>\n<strong>Caja x 50 unidades<\/strong><\/p>\n<p>La llave de tres pasos con alargador de 10 cm es ampliamente utilizada en el \u00e1rea de la salud para la administraci\u00f3n de fluidos endovenosos. Su peque\u00f1o volumen de cebado permite una entrega r\u00e1pida de medicamentos al sistema endovenoso, garantizando una acci\u00f3n terap\u00e9utica inmediata en el organismo. Este dispositivo es especialmente com\u00fan en servicios de urgencia, cirug\u00eda, medicina ambulatoria, rescate m\u00f3vil y otros contextos similares.<\/p>\n<p><strong>Caracteristicas:<\/strong><br \/>\nLlave de tres pasos de polipropileno, m\u00e1s alargador venoso de 10 cm de longitud de PVC Tubuladura transparente.<br \/>\nIlave azul con tapas blancas.<br \/>\nEsteril<br \/>\nLibre de latex<br \/>\nCaja x 50 unidades<br \/>\nCodigo: AALARVA2<\/p>\n","protected":false},"excerpt":{"rendered":"<p>Alargador venoso con llave de tres pasos 10 cm Cranberry<br \/>\n<strong>Caja x 50 unidades<\/strong><\/p>\n<p>La llave de tres pasos con alargador de 10 cm es ampliamente utilizada en el \u00e1rea de la salud para la administraci\u00f3n de fluidos endovenosos. Su peque\u00f1o volumen de cebado permite una entrega r\u00e1pida de medicamentos al sistema endovenoso, garantizando una acci\u00f3n terap\u00e9utica inmediata en el organismo. Este dispositivo es especialmente com\u00fan en servicios de urgencia, cirug\u00eda, medicina ambulatoria, rescate m\u00f3vil y otros contextos similares.<\/p>\n","protected":false},"featured_media":12261,"comment_status":"open","ping_status":"closed","template":"","meta":{"_acf_changed":false},"product_brand":[1087],"product_cat":[94,456,455,384],"product_tag":[781,782,780,119,779,233,217],"class_list":{"0":"post-12259","1":"product","2":"type-product","3":"status-publish","4":"has-post-thumbnail","6":"product_brand-cranberry","7":"product_cat-insumos-desechables","8":"product_cat-suero","9":"product_cat-sueros","10":"product_cat-otros","11":"product_tag-3-vias","12":"product_tag-alargador-con-llave","13":"product_tag-alargador-venoso","14":"product_tag-cranberry","15":"product_tag-llave-de-tres-vias","16":"product_tag-ringer-lactato","17":"product_tag-suero","18":"product_shipping_class-pequeno","20":"first","21":"instock","22":"shipping-taxable","23":"purchasable","24":"product-type-simple"},"acf":[],"_links":{"self":[{"href":"https:\/\/deltamed.cl\/tienda\/wp-json\/wp\/v2\/product\/12259","targetHints":{"allow":["GET"]}}],"collection":[{"href":"https:\/\/deltamed.cl\/tienda\/wp-json\/wp\/v2\/product"}],"about":[{"href":"https:\/\/deltamed.cl\/tienda\/wp-json\/wp\/v2\/types\/product"}],"replies":[{"embeddable":true,"href":"https:\/\/deltamed.cl\/tienda\/wp-json\/wp\/v2\/comments?post=12259"}],"version-history":[{"count":3,"href":"https:\/\/deltamed.cl\/tienda\/wp-json\/wp\/v2\/product\/12259\/revisions"}],"predecessor-version":[{"id":12789,"href":"https:\/\/deltamed.cl\/tienda\/wp-json\/wp\/v2\/product\/12259\/revisions\/12789"}],"wp:featuredmedia":[{"embeddable":true,"href":"https:\/\/deltamed.cl\/tienda\/wp-json\/wp\/v2\/media\/12261"}],"wp:attachment":[{"href":"https:\/\/deltamed.cl\/tienda\/wp-json\/wp\/v2\/media?parent=12259"}],"wp:term":[{"taxonomy":"product_brand","embeddable":true,"href":"https:\/\/deltamed.cl\/tienda\/wp-json\/wp\/v2\/product_brand?post=12259"},{"taxonomy":"product_cat","embeddable":true,"href":"https:\/\/deltamed.cl\/tienda\/wp-json\/wp\/v2\/product_cat?post=12259"},{"taxonomy":"product_tag","embeddable":true,"href":"https:\/\/deltamed.cl\/tienda\/wp-json\/wp\/v2\/product_tag?post=12259"}],"curies":[{"name":"wp","href":"https:\/\/api.w.org\/{rel}","templated":true}]}}