{"id":12227,"date":"2024-08-07T14:47:23","date_gmt":"2024-08-07T17:47:23","guid":{"rendered":"https:\/\/deltamed.cl\/tienda\/?post_type=product&#038;p=12227"},"modified":"2026-02-27T13:52:34","modified_gmt":"2026-02-27T16:52:34","slug":"gasa-en-rollo-36-x-100-yardas-cranberry","status":"publish","type":"product","link":"https:\/\/deltamed.cl\/tienda\/producto\/gasa-en-rollo-36-x-100-yardas-cranberry\/","title":{"rendered":"Gasa en rollo 36 X 100 yardas Cranberry"},"content":{"rendered":"<p>Gasa en rollo 36 X 100 yardas Cranberry<br \/>\nTrama 24&#215;20<\/p>\n<p>Gasa hidr\u00f3fila que se caracteriza por su absorci\u00f3n, resistencia y por permitir la ventilaci\u00f3n de la piel.<br \/>\nEste producto est\u00e1 empacado y doblado en 4 pliegues, luego es enrrollado en 91,4 metros.<br \/>\nPara su presentaci\u00f3n final la gasa se limpia, desesgrasa y blanquea.<br \/>\nEntre sus usos ampliados se encuentra ser material de succi\u00f3n y acolchonamiento en el \u00e1rea de medicina e higiene, apta para el tratamiento de heridas con secreciones contaminadas y muy sangrantes, tambi\u00e9n para realizar la contenci\u00f3n y\/o protecci\u00f3n de la curaci\u00f3n principal.<br \/>\nEsta gasa es la base en la construcci\u00f3n de ap\u00f3sitos y gasas cl\u00ednicas de diferentes tama\u00f1os.<\/p>\n<p>&nbsp;<\/p>\n","protected":false},"excerpt":{"rendered":"<p>Gasa en rollo 36 X 100 yardas Cranberry se caracteriza por su absorci\u00f3n, resistencia y por permitir la ventilaci\u00f3n de la piel.<br \/>\nEste producto est\u00e1 empacado y doblado en 4 pliegues, luego es enrrollado en 91,4 metros.<br \/>\nPara su presentaci\u00f3n final la gasa se limpia, desesgrasa y blanquea.<br \/>\nEntre sus usos ampliados se encuentra ser material de succi\u00f3n y acolchonamiento en el \u00e1rea de medicina e higiene, apta para el tratamiento de heridas con secreciones contaminadas y muy sangrantes, tambi\u00e9n para realizar la contenci\u00f3n y\/o protecci\u00f3n de la curaci\u00f3n principal.<br \/>\nEsta gasa es la base en la construcci\u00f3n de ap\u00f3sitos y gasas cl\u00ednicas de diferentes tama\u00f1os.<\/p>\n","protected":false},"featured_media":12228,"comment_status":"open","ping_status":"closed","template":"","meta":{"_acf_changed":false},"product_brand":[1087],"product_cat":[94,371,36,395],"product_tag":[771,107,119,769,767,772,768,770],"class_list":{"0":"post-12227","1":"product","2":"type-product","3":"status-publish","4":"has-post-thumbnail","6":"product_brand-cranberry","7":"product_cat-insumos-desechables","8":"product_cat-apositos-gasas","9":"product_cat-tratamiento-de-herida","10":"product_cat-apositos","11":"product_tag-20x24","12":"product_tag-aposito","13":"product_tag-cranberry","14":"product_tag-gasa-de-algodon","15":"product_tag-gasa-en-rollo","16":"product_tag-rollo","17":"product_tag-trama","18":"product_tag-yeso","19":"product_shipping_class-mediano","21":"first","22":"instock","23":"shipping-taxable","24":"purchasable","25":"product-type-simple"},"acf":[],"_links":{"self":[{"href":"https:\/\/deltamed.cl\/tienda\/wp-json\/wp\/v2\/product\/12227","targetHints":{"allow":["GET"]}}],"collection":[{"href":"https:\/\/deltamed.cl\/tienda\/wp-json\/wp\/v2\/product"}],"about":[{"href":"https:\/\/deltamed.cl\/tienda\/wp-json\/wp\/v2\/types\/product"}],"replies":[{"embeddable":true,"href":"https:\/\/deltamed.cl\/tienda\/wp-json\/wp\/v2\/comments?post=12227"}],"version-history":[{"count":3,"href":"https:\/\/deltamed.cl\/tienda\/wp-json\/wp\/v2\/product\/12227\/revisions"}],"predecessor-version":[{"id":12239,"href":"https:\/\/deltamed.cl\/tienda\/wp-json\/wp\/v2\/product\/12227\/revisions\/12239"}],"wp:featuredmedia":[{"embeddable":true,"href":"https:\/\/deltamed.cl\/tienda\/wp-json\/wp\/v2\/media\/12228"}],"wp:attachment":[{"href":"https:\/\/deltamed.cl\/tienda\/wp-json\/wp\/v2\/media?parent=12227"}],"wp:term":[{"taxonomy":"product_brand","embeddable":true,"href":"https:\/\/deltamed.cl\/tienda\/wp-json\/wp\/v2\/product_brand?post=12227"},{"taxonomy":"product_cat","embeddable":true,"href":"https:\/\/deltamed.cl\/tienda\/wp-json\/wp\/v2\/product_cat?post=12227"},{"taxonomy":"product_tag","embeddable":true,"href":"https:\/\/deltamed.cl\/tienda\/wp-json\/wp\/v2\/product_tag?post=12227"}],"curies":[{"name":"wp","href":"https:\/\/api.w.org\/{rel}","templated":true}]}}