{"id":12200,"date":"2024-08-06T17:12:05","date_gmt":"2024-08-06T20:12:05","guid":{"rendered":"https:\/\/deltamed.cl\/tienda\/?post_type=product&#038;p=12200"},"modified":"2026-02-27T14:06:21","modified_gmt":"2026-02-27T17:06:21","slug":"aposito-gasa-no-tejida-y-algodon-esteril-cranberry","status":"publish","type":"product","link":"https:\/\/deltamed.cl\/tienda\/producto\/aposito-gasa-no-tejida-y-algodon-esteril-cranberry\/","title":{"rendered":"Ap\u00f3sito de gasa no tejida y algod\u00f3n est\u00e9ril Cranberry"},"content":{"rendered":"<p>Ap\u00f3sito de gasa no tejida y algod\u00f3n est\u00e9ril Cranberry<br \/>\nBolsa de 10 unidades<\/p>\n<p>Insumo desechable indicado para absorber fluidos, aislar heridas, limpiarlas, cubrirlas y protegerlas. Tambi\u00e9n puede utilizarse para el aseo de pacientes.<br \/>\nLos ap\u00f3sitos son coberturas cl\u00e1sicas ante la p\u00e9rdida de la continuidad de la piel.<br \/>\nLa malla del ap\u00f3sito est\u00e1 compuesta por polipropileno que da firmeza y contiene a su cuerpo de algod\u00f3n.<br \/>\nSu objetivo es optimizar el proceso de cicatrizaci\u00f3n de las heridas a trav\u00e9s de la mantenci\u00f3n de la humedad y temperatura.<\/p>\n<p>Suave hipoelergenico y resistente.<\/p>\n<p>\u2022 Est\u00e9ril.<br \/>\n\u2022 Absorci\u00f3n de Exudado, flu\u00eddos y protecci\u00f3n de heridas.<br \/>\n\u2022 M\u00e9todo de esterilizaci\u00f3n: Sterile EO.<br \/>\n\u2022 Uso Cl\u00ednico \u2013 Particular \u2013 Hospitalario \u2013 Profesional y Estudiantes de Salud.<br \/>\n\u2022 Producto certificado.<\/p>\n<p>Medidas disponibles:<\/p>\n<ul>\n<li>10cm x 10 cm<\/li>\n<li>10cm x 20 cm<\/li>\n<li>13 cm x 23 cm<\/li>\n<li>20 cm x 25 cm<\/li>\n<\/ul>\n<p>AAAN1010<br \/>\nAAAN1020<br \/>\nAAAN1323<br \/>\nAAAN2025<\/p>\n","protected":false},"excerpt":{"rendered":"<p>Ap\u00f3sito de gasa no tejida y algod\u00f3n est\u00e9ril Cranberry<br \/>\nBolsa de 10 unidades<\/p>\n<p>Insumo desechable indicado para absorber fluidos, aislar heridas, limpiarlas, cubrirlas y protegerlas. Tambi\u00e9n puede utilizarse para el aseo de pacientes.<br \/>\nLos ap\u00f3sitos son coberturas cl\u00e1sicas ante la p\u00e9rdida de la continuidad de la piel.<br \/>\nLa malla del ap\u00f3sito est\u00e1 compuesta por polipropileno que da firmeza y contiene a su cuerpo de algod\u00f3n.<br \/>\nSu objetivo es optimizar el proceso de cicatrizaci\u00f3n de las heridas a trav\u00e9s de la mantenci\u00f3n de la humedad y temperatura.<\/p>\n<p>Suave hipoelergenico y resistente.<\/p>\n","protected":false},"featured_media":1209,"comment_status":"open","ping_status":"closed","template":"","meta":{"_acf_changed":false},"product_brand":[1087],"product_cat":[94,371,36],"product_tag":[119],"class_list":{"0":"post-12200","1":"product","2":"type-product","3":"status-publish","4":"has-post-thumbnail","6":"product_brand-cranberry","7":"product_cat-insumos-desechables","8":"product_cat-apositos-gasas","9":"product_cat-tratamiento-de-herida","10":"product_tag-cranberry","11":"product_shipping_class-extra-pequeno","13":"first","14":"instock","15":"shipping-taxable","16":"purchasable","17":"product-type-variable"},"acf":[],"_links":{"self":[{"href":"https:\/\/deltamed.cl\/tienda\/wp-json\/wp\/v2\/product\/12200","targetHints":{"allow":["GET"]}}],"collection":[{"href":"https:\/\/deltamed.cl\/tienda\/wp-json\/wp\/v2\/product"}],"about":[{"href":"https:\/\/deltamed.cl\/tienda\/wp-json\/wp\/v2\/types\/product"}],"replies":[{"embeddable":true,"href":"https:\/\/deltamed.cl\/tienda\/wp-json\/wp\/v2\/comments?post=12200"}],"version-history":[{"count":2,"href":"https:\/\/deltamed.cl\/tienda\/wp-json\/wp\/v2\/product\/12200\/revisions"}],"predecessor-version":[{"id":12215,"href":"https:\/\/deltamed.cl\/tienda\/wp-json\/wp\/v2\/product\/12200\/revisions\/12215"}],"wp:featuredmedia":[{"embeddable":true,"href":"https:\/\/deltamed.cl\/tienda\/wp-json\/wp\/v2\/media\/1209"}],"wp:attachment":[{"href":"https:\/\/deltamed.cl\/tienda\/wp-json\/wp\/v2\/media?parent=12200"}],"wp:term":[{"taxonomy":"product_brand","embeddable":true,"href":"https:\/\/deltamed.cl\/tienda\/wp-json\/wp\/v2\/product_brand?post=12200"},{"taxonomy":"product_cat","embeddable":true,"href":"https:\/\/deltamed.cl\/tienda\/wp-json\/wp\/v2\/product_cat?post=12200"},{"taxonomy":"product_tag","embeddable":true,"href":"https:\/\/deltamed.cl\/tienda\/wp-json\/wp\/v2\/product_tag?post=12200"}],"curies":[{"name":"wp","href":"https:\/\/api.w.org\/{rel}","templated":true}]}}