{"id":122,"date":"2020-12-04T01:45:50","date_gmt":"2020-12-04T04:45:50","guid":{"rendered":"https:\/\/deltamed.cl\/tienda\/?post_type=product&#038;p=122"},"modified":"2025-06-24T11:15:33","modified_gmt":"2025-06-24T14:15:33","slug":"pato-urinario-hombre","status":"publish","type":"product","link":"https:\/\/deltamed.cl\/tienda\/producto\/pato-urinario-hombre\/","title":{"rendered":"Pato urinario hombre"},"content":{"rendered":"<p>Pato urinario hombre<\/p>\n<p>Orinal Masculino con Tapa DL 313<\/p>\n<p>Producto elaborado en pl\u00e1stico resistente, para ayudar a los hombres que se encuentra en cama y no puede acudir al ba\u00f1o r\u00e1pidamente.<\/p>\n<p>\u2022 Fabricado en una sola pieza, evitando as\u00ed la reproducci\u00f3n de bacterias.<br \/>\n\u2022 Cuenta con una tapa para evitar escurrimientos.<br \/>\n\u2022 El orinal pl\u00e1stico es resistente al impacto, es f\u00e1cil de transportar y de<br \/>\nalmacenar, adem\u00e1s por su dise\u00f1o el material es f\u00e1cil de limpiar y<br \/>\ndesinfectar.<br \/>\n\u2022 Medidas en oz (32) y cc (1000).<\/p>\n<div class=\"mceTemp\"><\/div>\n","protected":false},"excerpt":{"rendered":"<p>Pato urinario hombre<\/p>\n<p>Orinal Masculino con Tapa DL 313<\/p>\n<p>Producto elaborado en pl\u00e1stico resistente, para ayudar a los hombres que se encuentra en cama y no puede acudir al ba\u00f1o r\u00e1pidamente.<\/p>\n","protected":false},"featured_media":123,"comment_status":"open","ping_status":"closed","template":"","meta":{"_acf_changed":false},"product_brand":[1091],"product_cat":[23,430],"product_tag":[486,26,585,50],"class_list":{"0":"post-122","1":"product","2":"type-product","3":"status-publish","4":"has-post-thumbnail","6":"product_brand-deltamed","7":"product_cat-ayudas-tecnicas-de-bano","8":"product_cat-otros-ayudas-tecnicas-de-bano","9":"product_tag-ayudas-tecnicas","10":"product_tag-bano","11":"product_tag-deltamed","12":"product_tag-pato","13":"product_shipping_class-grande","15":"first","16":"instock","17":"shipping-taxable","18":"purchasable","19":"product-type-simple"},"acf":[],"_links":{"self":[{"href":"https:\/\/deltamed.cl\/tienda\/wp-json\/wp\/v2\/product\/122","targetHints":{"allow":["GET"]}}],"collection":[{"href":"https:\/\/deltamed.cl\/tienda\/wp-json\/wp\/v2\/product"}],"about":[{"href":"https:\/\/deltamed.cl\/tienda\/wp-json\/wp\/v2\/types\/product"}],"replies":[{"embeddable":true,"href":"https:\/\/deltamed.cl\/tienda\/wp-json\/wp\/v2\/comments?post=122"}],"version-history":[{"count":3,"href":"https:\/\/deltamed.cl\/tienda\/wp-json\/wp\/v2\/product\/122\/revisions"}],"predecessor-version":[{"id":8735,"href":"https:\/\/deltamed.cl\/tienda\/wp-json\/wp\/v2\/product\/122\/revisions\/8735"}],"wp:featuredmedia":[{"embeddable":true,"href":"https:\/\/deltamed.cl\/tienda\/wp-json\/wp\/v2\/media\/123"}],"wp:attachment":[{"href":"https:\/\/deltamed.cl\/tienda\/wp-json\/wp\/v2\/media?parent=122"}],"wp:term":[{"taxonomy":"product_brand","embeddable":true,"href":"https:\/\/deltamed.cl\/tienda\/wp-json\/wp\/v2\/product_brand?post=122"},{"taxonomy":"product_cat","embeddable":true,"href":"https:\/\/deltamed.cl\/tienda\/wp-json\/wp\/v2\/product_cat?post=122"},{"taxonomy":"product_tag","embeddable":true,"href":"https:\/\/deltamed.cl\/tienda\/wp-json\/wp\/v2\/product_tag?post=122"}],"curies":[{"name":"wp","href":"https:\/\/api.w.org\/{rel}","templated":true}]}}