{"id":1205,"date":"2021-04-15T13:32:18","date_gmt":"2021-04-15T16:32:18","guid":{"rendered":"https:\/\/deltamed.cl\/tienda\/?post_type=product&#038;p=1205"},"modified":"2026-02-27T14:06:21","modified_gmt":"2026-02-27T17:06:21","slug":"aposito-gasa-y-algodon-esteril-cranberry","status":"publish","type":"product","link":"https:\/\/deltamed.cl\/tienda\/producto\/aposito-gasa-y-algodon-esteril-cranberry\/","title":{"rendered":"Ap\u00f3sito gasa y algod\u00f3n est\u00e9ril Cranberry"},"content":{"rendered":"<p>Ap\u00f3sito gasa y algod\u00f3n est\u00e9ril Cranberry<\/p>\n<p>Bolsa contiene 10 unidades<\/p>\n<p>Material desechable para absorci\u00f3n de l\u00edquidos, protecci\u00f3n, limpieza y aislamiento de heridas. La malla tejida debe retirarse con suavidad mediante suero para evitar da\u00f1ar el tejido en proceso de curaci\u00f3n.<\/p>\n<p>Adem\u00e1s de su uso en pacientes, estos ap\u00f3sitos tienen como finalidad mejorar el proceso de cicatrizaci\u00f3n de las heridas, al mantener la humedad y temperatura adecuadas.<\/p>\n<p>Producto hipoalerg\u00e9nico y libre de l\u00e1tex.<\/p>\n<p>\u2022 Est\u00e9ril.<\/p>\n<p>\u2022 Absorci\u00f3n de Exudado, flu\u00eddos y protecci\u00f3n de heridas.<\/p>\n<p>\u2022 M\u00e9todo de esterilizaci\u00f3n: Sterile EO.<\/p>\n<p>\u2022 Uso Cl\u00ednico \u2013 Particular \u2013 Hospitalario \u2013 Profesional y Estudiantes de Salud.<\/p>\n<p>\u2022 Producto certificado.<\/p>\n<p>Medidas disponibles:<\/p>\n<ul>\n<li>13cm x 23 cm<\/li>\n<li>20 cm x 25 cm<\/li>\n<li>10 cm x 20 cm<\/li>\n<\/ul>\n<p>AAAP1020<br \/>\nAAAP1323<br \/>\nAAAP2025<\/p>\n","protected":false},"excerpt":{"rendered":"<p>Ap\u00f3sito gasa y algod\u00f3n est\u00e9ril Cranberry<\/p>\n<p>Bolsa contiene 10 unidades<\/p>\n<p>Material desechable para absorci\u00f3n de l\u00edquidos, protecci\u00f3n, limpieza y aislamiento de heridas. La malla tejida debe retirarse con suavidad mediante suero para evitar da\u00f1ar el tejido en proceso de curaci\u00f3n.<\/p>\n<p>Adem\u00e1s de su uso en pacientes, estos ap\u00f3sitos tienen como finalidad mejorar el proceso de cicatrizaci\u00f3n de las heridas, al mantener la humedad y temperatura adecuadas.<\/p>\n<p>Producto hipoalerg\u00e9nico y libre de l\u00e1tex.<\/p>\n","protected":false},"featured_media":1209,"comment_status":"open","ping_status":"closed","template":"","meta":{"_acf_changed":false},"product_brand":[1087],"product_cat":[94,371,36],"product_tag":[119],"class_list":{"0":"post-1205","1":"product","2":"type-product","3":"status-publish","4":"has-post-thumbnail","6":"product_brand-cranberry","7":"product_cat-insumos-desechables","8":"product_cat-apositos-gasas","9":"product_cat-tratamiento-de-herida","10":"product_tag-cranberry","11":"product_shipping_class-pequeno","13":"first","14":"instock","15":"shipping-taxable","16":"purchasable","17":"product-type-variable"},"acf":[],"_links":{"self":[{"href":"https:\/\/deltamed.cl\/tienda\/wp-json\/wp\/v2\/product\/1205","targetHints":{"allow":["GET"]}}],"collection":[{"href":"https:\/\/deltamed.cl\/tienda\/wp-json\/wp\/v2\/product"}],"about":[{"href":"https:\/\/deltamed.cl\/tienda\/wp-json\/wp\/v2\/types\/product"}],"replies":[{"embeddable":true,"href":"https:\/\/deltamed.cl\/tienda\/wp-json\/wp\/v2\/comments?post=1205"}],"version-history":[{"count":5,"href":"https:\/\/deltamed.cl\/tienda\/wp-json\/wp\/v2\/product\/1205\/revisions"}],"predecessor-version":[{"id":16424,"href":"https:\/\/deltamed.cl\/tienda\/wp-json\/wp\/v2\/product\/1205\/revisions\/16424"}],"wp:featuredmedia":[{"embeddable":true,"href":"https:\/\/deltamed.cl\/tienda\/wp-json\/wp\/v2\/media\/1209"}],"wp:attachment":[{"href":"https:\/\/deltamed.cl\/tienda\/wp-json\/wp\/v2\/media?parent=1205"}],"wp:term":[{"taxonomy":"product_brand","embeddable":true,"href":"https:\/\/deltamed.cl\/tienda\/wp-json\/wp\/v2\/product_brand?post=1205"},{"taxonomy":"product_cat","embeddable":true,"href":"https:\/\/deltamed.cl\/tienda\/wp-json\/wp\/v2\/product_cat?post=1205"},{"taxonomy":"product_tag","embeddable":true,"href":"https:\/\/deltamed.cl\/tienda\/wp-json\/wp\/v2\/product_tag?post=1205"}],"curies":[{"name":"wp","href":"https:\/\/api.w.org\/{rel}","templated":true}]}}