{"id":11885,"date":"2024-07-12T16:56:57","date_gmt":"2024-07-12T19:56:57","guid":{"rendered":"https:\/\/deltamed.cl\/tienda\/?post_type=product&#038;p=11885"},"modified":"2026-02-27T13:52:33","modified_gmt":"2026-02-27T16:52:33","slug":"mascarilla-de-nebulizacion-pediatrica-cranberry","status":"publish","type":"product","link":"https:\/\/deltamed.cl\/tienda\/producto\/mascarilla-de-nebulizacion-pediatrica-cranberry\/","title":{"rendered":"Mascarilla de nebulizaci\u00f3n pedi\u00e1trica Cranberry"},"content":{"rendered":"<div class=\"flex-shrink-0 flex flex-col relative items-end\">\n<div class=\"pt-0.5 juice:pt-0\">\n<div class=\"gizmo-bot-avatar flex h-6 w-6 items-center justify-center overflow-hidden rounded-full juice:h-8 juice:w-8\">\n<div class=\"relative p-1 rounded-sm flex items-center justify-center bg-token-main-surface-primary text-token-text-primary h-8 w-8\">Mascarilla de nebulizaci\u00f3n pedi\u00e1trica Cranberry<br \/>\n<strong>Incluye mascarilla, frasco nebulizador y alargador.<br \/>\n<\/strong><\/div>\n<div class=\"relative p-1 rounded-sm flex items-center justify-center bg-token-main-surface-primary text-token-text-primary h-8 w-8\"><\/div>\n<\/div>\n<\/div>\n<\/div>\n<div class=\"group\/conversation-turn relative flex w-full min-w-0 flex-col agent-turn\">\n<div class=\"flex-col gap-1 md:gap-3\">\n<div class=\"flex flex-grow flex-col max-w-full\">\n<div class=\"min-h-[20px] text-message flex flex-col items-start whitespace-pre-wrap break-words [.text-message+&amp;]:mt-5 juice:w-full juice:items-end overflow-x-auto gap-2\" dir=\"auto\" data-message-author-role=\"assistant\" data-message-id=\"27294b48-2ce9-4b55-95cc-5791653e5b06\">\n<div class=\"flex w-full flex-col gap-1 juice:empty:hidden juice:first:pt-[3px]\">\n<div class=\"markdown prose w-full break-words dark:prose-invert light\">\n<p>Su dise\u00f1o ergon\u00f3mico y tama\u00f1o ajustado aseguran un ajuste c\u00f3modo y efectivo en el rostro de los m\u00e1s peque\u00f1os.<\/p>\n<p>Fabricada con materiales hipoalerg\u00e9nicos, suaves y libres de l\u00e1tex,\u00a0 que minimizan el riesgo de reacciones al\u00e9rgicas y asegura la comodidad durante el uso.<br \/>\nSu forma est\u00e1 dise\u00f1ada para ajustarse adecuadamente a la anatom\u00eda facial de los ni\u00f1os, garantizando un sello herm\u00e9tico que evita fugas de medicamento.<br \/>\nIncluye una banda el\u00e1stica que se asegura alrededor de la cabeza del ni\u00f1o, permitiendo que se mantenga en su lugar incluso si hay movimiento.<\/p>\n<p>La mascarilla es transparente, lo que permite a los padres y al personal m\u00e9dico observar la respiraci\u00f3n del ni\u00f1o y asegurar que el tratamiento se est\u00e1 administrando correctamente.<\/p>\n<p>Incorpora un puerto de exhalaci\u00f3n que facilita la salida del aire exhalado, mejorando el confort del paciente y la eficiencia del tratamiento.<\/p>\n<p>Es compatible con nebulizadores est\u00e1ndar, facilitando su uso en diferentes entornos m\u00e9dicos y en el hogar.<\/p>\n<p>Esta mascarilla est\u00e1 dise\u00f1ada para maximizar la eficacia del tratamiento de nebulizaci\u00f3n en pacientes pedi\u00e1tricos, proporcionando una experiencia m\u00e1s c\u00f3moda y menos estresante tanto para los ni\u00f1os como para sus cuidadores.<\/p>\n<\/div>\n<\/div>\n<\/div>\n<\/div>\n<\/div>\n<\/div>\n","protected":false},"excerpt":{"rendered":"<p>Mascarilla de nebulizaci\u00f3n pedi\u00e1trica Cranberry<br \/>\n<strong>Incluye mascarilla, frasco nebulizador y alargador.<\/strong><\/p>\n<p>La mascarilla de nebulizaci\u00f3n pedi\u00e1trica es un dispositivo m\u00e9dico dise\u00f1ado para administrar medicamentos en forma de aerosol, facilitando el tratamiento de afecciones respiratorias.<br \/>\nFabricada con materiales suaves y hipoalerg\u00e9nicos, se ajusta c\u00f3modamente al rostro infantil mediante una correa el\u00e1stica.<br \/>\nSu transparencia permite monitorear la respiraci\u00f3n. Equipadas con puertos y v\u00e1lvulas para optimizar la entrega del medicamento.<br \/>\nLa mascarilla se utiliza conect\u00e1ndola a un nebulizador que transforma el medicamento en aerosol, asegurando una inhalaci\u00f3n efectiva y directa a los pulmones.<\/p>\n","protected":false},"featured_media":11886,"comment_status":"open","ping_status":"closed","template":"","meta":{"_acf_changed":false},"product_brand":[1087],"product_cat":[15,458,381],"product_tag":[764,119,765,763,139],"class_list":{"0":"post-11885","1":"product","2":"type-product","3":"status-publish","4":"has-post-thumbnail","6":"product_brand-cranberry","7":"product_cat-medicion-y-diagnostico","8":"product_cat-nebulizadores","9":"product_cat-mascarillas","10":"product_tag-aerosol","11":"product_tag-cranberry","12":"product_tag-frasco-aerosol","13":"product_tag-nebulizacion","14":"product_tag-nebulizador","15":"product_shipping_class-pequeno","17":"first","18":"instock","19":"shipping-taxable","20":"purchasable","21":"product-type-simple"},"acf":[],"_links":{"self":[{"href":"https:\/\/deltamed.cl\/tienda\/wp-json\/wp\/v2\/product\/11885","targetHints":{"allow":["GET"]}}],"collection":[{"href":"https:\/\/deltamed.cl\/tienda\/wp-json\/wp\/v2\/product"}],"about":[{"href":"https:\/\/deltamed.cl\/tienda\/wp-json\/wp\/v2\/types\/product"}],"replies":[{"embeddable":true,"href":"https:\/\/deltamed.cl\/tienda\/wp-json\/wp\/v2\/comments?post=11885"}],"version-history":[{"count":6,"href":"https:\/\/deltamed.cl\/tienda\/wp-json\/wp\/v2\/product\/11885\/revisions"}],"predecessor-version":[{"id":12820,"href":"https:\/\/deltamed.cl\/tienda\/wp-json\/wp\/v2\/product\/11885\/revisions\/12820"}],"wp:featuredmedia":[{"embeddable":true,"href":"https:\/\/deltamed.cl\/tienda\/wp-json\/wp\/v2\/media\/11886"}],"wp:attachment":[{"href":"https:\/\/deltamed.cl\/tienda\/wp-json\/wp\/v2\/media?parent=11885"}],"wp:term":[{"taxonomy":"product_brand","embeddable":true,"href":"https:\/\/deltamed.cl\/tienda\/wp-json\/wp\/v2\/product_brand?post=11885"},{"taxonomy":"product_cat","embeddable":true,"href":"https:\/\/deltamed.cl\/tienda\/wp-json\/wp\/v2\/product_cat?post=11885"},{"taxonomy":"product_tag","embeddable":true,"href":"https:\/\/deltamed.cl\/tienda\/wp-json\/wp\/v2\/product_tag?post=11885"}],"curies":[{"name":"wp","href":"https:\/\/api.w.org\/{rel}","templated":true}]}}