{"id":11856,"date":"2024-07-11T17:19:47","date_gmt":"2024-07-11T20:19:47","guid":{"rendered":"https:\/\/deltamed.cl\/tienda\/?post_type=product&#038;p=11856"},"modified":"2026-02-27T07:16:37","modified_gmt":"2026-02-27T10:16:37","slug":"faja-de-colostomia-cuatro-bandas","status":"publish","type":"product","link":"https:\/\/deltamed.cl\/tienda\/producto\/faja-de-colostomia-cuatro-bandas\/","title":{"rendered":"Faja de colostomia cuatro bandas"},"content":{"rendered":"<p>Faja de Colostomia Cuatro bandas<\/p>\n<p>Esta faja abdominal es una prenda m\u00e9dica especialmente dise\u00f1ada para proporcionar soporte y comodidad a personas que han sido sometidas a una colostom\u00eda. Se caracteriza por su dise\u00f1o y materiales de alta calidad, ofreciendo una soluci\u00f3n efectiva para el manejo postoperatorio y el uso diario.<br \/>\nIncluye una abertura cuidadosamente dise\u00f1ada para acomodar la bolsa de colostom\u00eda, asegurando que se mantenga en su lugar sin causar incomodidad.<\/p>\n<p>La faja est\u00e1 compuesta por cuatro bandas el\u00e1sticas horizontales que envuelven el abdomen, proporcionando un soporte uniforme y estable.<br \/>\nLas bandas permiten un ajuste individualizado, adapt\u00e1ndose a las necesidades espec\u00edficas de cada usuario y ofreciendo un nivel de compresi\u00f3n controlado.<br \/>\nLa abertura facilita el acceso para el manejo y la inspecci\u00f3n de la bolsa, permitiendo un mantenimiento sencillo y discreto.<br \/>\nFabricada con materiales que ofrecen elasticidad y transpirabilidad, garantizando comodidad durante todo el d\u00eda.<br \/>\nLos materiales utilizados son suaves y no irritantes para la piel, reduciendo el riesgo de reacciones al\u00e9rgicas o irritaciones.<br \/>\nAyuda a reducir la presi\u00f3n sobre la zona abdominal, lo cual es crucial durante el per\u00edodo de recuperaci\u00f3n postoperatoria.<br \/>\nProporciona soporte adicional que puede ayudar a prevenir la formaci\u00f3n de hernias alrededor del estoma.<br \/>\nDise\u00f1ada para ser discreta bajo la ropa, permitiendo al usuario llevarla con confianza en cualquier situaci\u00f3n.<\/p>\n","protected":false},"excerpt":{"rendered":"<p>Faja de Colostomia Cuatro bandas<\/p>\n<p>Esta faja abdominal es una prenda m\u00e9dica especialmente dise\u00f1ada para proporcionar soporte y comodidad a personas que han sido sometidas a una colostom\u00eda. Se caracteriza por su dise\u00f1o y materiales de alta calidad, ofreciendo una soluci\u00f3n efectiva para el manejo postoperatorio y el uso diario.<br \/>\nIncluye una abertura cuidadosamente dise\u00f1ada para acomodar la bolsa de colostom\u00eda, asegurando que se mantenga en su lugar sin causar incomodidad.<\/p>\n<p>La faja est\u00e1 compuesta por cuatro bandas el\u00e1sticas horizontales que envuelven el abdomen, proporcionando un soporte uniforme y estable.<br \/>\nLas bandas permiten un ajuste individualizado, adapt\u00e1ndose a las necesidades espec\u00edficas de cada usuario y ofreciendo un nivel de compresi\u00f3n controlado.<br \/>\nLa abertura facilita el acceso para el manejo y la inspecci\u00f3n de la bolsa, permitiendo un mantenimiento sencillo y discreto.<br \/>\nFabricada con materiales que ofrecen elasticidad y transpirabilidad, garantizando comodidad durante todo el d\u00eda.<br \/>\nLos materiales utilizados son suaves y no irritantes para la piel, reduciendo el riesgo de reacciones al\u00e9rgicas o irritaciones.<br \/>\nAyuda a reducir la presi\u00f3n sobre la zona abdominal, lo cual es crucial durante el per\u00edodo de recuperaci\u00f3n postoperatoria.<br \/>\nProporciona soporte adicional que puede ayudar a prevenir la formaci\u00f3n de hernias alrededor del estoma.<br \/>\nDise\u00f1ada para ser discreta bajo la ropa, permitiendo al usuario llevarla con confianza en cualquier situaci\u00f3n.<\/p>\n","protected":false},"featured_media":11864,"comment_status":"open","ping_status":"closed","template":"","meta":{"_acf_changed":false},"product_brand":[],"product_cat":[235,426,35,404,405,433],"product_tag":[760,761,236,759,762],"class_list":{"0":"post-11856","1":"product","2":"type-product","3":"status-publish","4":"has-post-thumbnail","6":"product_cat-ortopedia","7":"product_cat-fajas","8":"product_cat-ostomia","9":"product_cat-bolsas-colostomia","10":"product_cat-bolsas-urostomia","11":"product_cat-otros-ostomia","12":"product_tag-3-bandas","13":"product_tag-4-bandas","14":"product_tag-faja","15":"product_tag-faja-abdominal","16":"product_tag-ta-413c","17":"product_shipping_class-pequeno","19":"first","20":"instock","21":"shipping-taxable","22":"purchasable","23":"product-type-variable"},"acf":[],"_links":{"self":[{"href":"https:\/\/deltamed.cl\/tienda\/wp-json\/wp\/v2\/product\/11856","targetHints":{"allow":["GET"]}}],"collection":[{"href":"https:\/\/deltamed.cl\/tienda\/wp-json\/wp\/v2\/product"}],"about":[{"href":"https:\/\/deltamed.cl\/tienda\/wp-json\/wp\/v2\/types\/product"}],"replies":[{"embeddable":true,"href":"https:\/\/deltamed.cl\/tienda\/wp-json\/wp\/v2\/comments?post=11856"}],"version-history":[{"count":4,"href":"https:\/\/deltamed.cl\/tienda\/wp-json\/wp\/v2\/product\/11856\/revisions"}],"predecessor-version":[{"id":18761,"href":"https:\/\/deltamed.cl\/tienda\/wp-json\/wp\/v2\/product\/11856\/revisions\/18761"}],"wp:featuredmedia":[{"embeddable":true,"href":"https:\/\/deltamed.cl\/tienda\/wp-json\/wp\/v2\/media\/11864"}],"wp:attachment":[{"href":"https:\/\/deltamed.cl\/tienda\/wp-json\/wp\/v2\/media?parent=11856"}],"wp:term":[{"taxonomy":"product_brand","embeddable":true,"href":"https:\/\/deltamed.cl\/tienda\/wp-json\/wp\/v2\/product_brand?post=11856"},{"taxonomy":"product_cat","embeddable":true,"href":"https:\/\/deltamed.cl\/tienda\/wp-json\/wp\/v2\/product_cat?post=11856"},{"taxonomy":"product_tag","embeddable":true,"href":"https:\/\/deltamed.cl\/tienda\/wp-json\/wp\/v2\/product_tag?post=11856"}],"curies":[{"name":"wp","href":"https:\/\/api.w.org\/{rel}","templated":true}]}}