{"id":11834,"date":"2024-07-11T16:35:06","date_gmt":"2024-07-11T19:35:06","guid":{"rendered":"https:\/\/deltamed.cl\/tienda\/?post_type=product&#038;p=11834"},"modified":"2026-02-27T13:30:51","modified_gmt":"2026-02-27T16:30:51","slug":"aposito-hidrocoloide-duoderm-cgf-15x15cm-187661-convatec","status":"publish","type":"product","link":"https:\/\/deltamed.cl\/tienda\/producto\/aposito-hidrocoloide-duoderm-cgf-15x15cm-187661-convatec\/","title":{"rendered":"Aposito hidrocoloide Duoderm CGF 15x15cm 187661 Convatec"},"content":{"rendered":"<p>Aposito hidrocoloide Duoderm CGF 15x15cm 187661 Convatec<\/p>\n<p>El ap\u00f3sito DuoDERM CGF es un ap\u00f3sito para heridas que retiene la humedad,<br \/>\nse utiliza para heridas de espesor parcial y total con exudado.<br \/>\nIncorpora una formulaci\u00f3n hidrocoloide \u00fanica de Convatec que lo distingue de otros ap\u00f3sitos.<\/p>\n<p>El ap\u00f3sito DuoDERM CGF est\u00e1 indicado para su uso en \u00falceras d\u00e9rmicas, incluidas heridas de espesor total, \u00falceras por presi\u00f3n (Etapa II-IV), \u00falceras en las piernas, heridas superficiales, quemaduras de espesor parcial y zonas donantes.<\/p>\n<p>Apo\u00f3sito libre de latex, est\u00e9ril con matriz elastom\u00e9rica<br \/>\nAp\u00f3sito hidrocoloide con una pelicula externa de poliuretano<\/p>\n","protected":false},"excerpt":{"rendered":"<p>Aposito hidrocoloide Duoderm CGF 15x15cm 187661 Convatec<\/p>\n<p>El ap\u00f3sito DuoDERM CGF es un ap\u00f3sito para heridas que retiene la humedad,<br \/>\nse utiliza para heridas de espesor parcial y total con exudado.<br \/>\nIncorpora una formulaci\u00f3n hidrocoloide \u00fanica de Convatec que lo distingue de otros ap\u00f3sitos.<\/p>\n<p>El ap\u00f3sito DuoDERM CGF est\u00e1 indicado para su uso en \u00falceras d\u00e9rmicas, incluidas heridas de espesor total, \u00falceras por presi\u00f3n (Etapa II-IV), \u00falceras en las piernas, heridas superficiales, quemaduras de espesor parcial y zonas donantes.<\/p>\n<p>Apo\u00f3sito libre de latex, est\u00e9ril con matriz elastom\u00e9rica<br \/>\nAp\u00f3sito hidrocoloide con una pelicula externa de poliuretano<\/p>\n","protected":false},"featured_media":11836,"comment_status":"open","ping_status":"closed","template":"","meta":{"_acf_changed":false},"product_brand":[1089],"product_cat":[94,371,36,395],"product_tag":[107,898,159,122,758,616,493],"class_list":{"0":"post-11834","1":"product","2":"type-product","3":"status-publish","4":"has-post-thumbnail","6":"product_brand-convatec","7":"product_cat-insumos-desechables","8":"product_cat-apositos-gasas","9":"product_cat-tratamiento-de-herida","10":"product_cat-apositos","11":"product_tag-aposito","12":"product_tag-black-friday-2024","13":"product_tag-convatec","14":"product_tag-herida","15":"product_tag-hidrocoloide","16":"product_tag-parche","17":"product_tag-tratamiento-de-heridas","18":"product_shipping_class-extra-pequeno","20":"first","21":"instock","22":"shipping-taxable","23":"purchasable","24":"product-type-variable"},"acf":[],"_links":{"self":[{"href":"https:\/\/deltamed.cl\/tienda\/wp-json\/wp\/v2\/product\/11834","targetHints":{"allow":["GET"]}}],"collection":[{"href":"https:\/\/deltamed.cl\/tienda\/wp-json\/wp\/v2\/product"}],"about":[{"href":"https:\/\/deltamed.cl\/tienda\/wp-json\/wp\/v2\/types\/product"}],"replies":[{"embeddable":true,"href":"https:\/\/deltamed.cl\/tienda\/wp-json\/wp\/v2\/comments?post=11834"}],"version-history":[{"count":3,"href":"https:\/\/deltamed.cl\/tienda\/wp-json\/wp\/v2\/product\/11834\/revisions"}],"predecessor-version":[{"id":11847,"href":"https:\/\/deltamed.cl\/tienda\/wp-json\/wp\/v2\/product\/11834\/revisions\/11847"}],"wp:featuredmedia":[{"embeddable":true,"href":"https:\/\/deltamed.cl\/tienda\/wp-json\/wp\/v2\/media\/11836"}],"wp:attachment":[{"href":"https:\/\/deltamed.cl\/tienda\/wp-json\/wp\/v2\/media?parent=11834"}],"wp:term":[{"taxonomy":"product_brand","embeddable":true,"href":"https:\/\/deltamed.cl\/tienda\/wp-json\/wp\/v2\/product_brand?post=11834"},{"taxonomy":"product_cat","embeddable":true,"href":"https:\/\/deltamed.cl\/tienda\/wp-json\/wp\/v2\/product_cat?post=11834"},{"taxonomy":"product_tag","embeddable":true,"href":"https:\/\/deltamed.cl\/tienda\/wp-json\/wp\/v2\/product_tag?post=11834"}],"curies":[{"name":"wp","href":"https:\/\/api.w.org\/{rel}","templated":true}]}}