{"id":11755,"date":"2024-07-09T18:10:24","date_gmt":"2024-07-09T21:10:24","guid":{"rendered":"https:\/\/deltamed.cl\/tienda\/?post_type=product&#038;p=11755"},"modified":"2026-02-27T13:52:37","modified_gmt":"2026-02-27T16:52:37","slug":"sonda-foley-2-vias-de-latex-con-balon-cranberry","status":"publish","type":"product","link":"https:\/\/deltamed.cl\/tienda\/producto\/sonda-foley-2-vias-de-latex-con-balon-cranberry\/","title":{"rendered":"Sonda Foley 2 V\u00edas de latex con bal\u00f3n Cranberry"},"content":{"rendered":"<p>Sonda Foley 2 V\u00edas de latex con bal\u00f3n Cranberry<br \/>\n<strong>Caja x 10 unidades.<\/strong><\/p>\n<p>Este dispositivo m\u00e9dico desechable permite el drenaje de la orina en todo paciente que necesite un cateterismo temporal o permanente. La sonda permite la salida de la orina desde la vejiga al recolector de orina.<br \/>\nPara su anclaje en la vejiga posee un bal\u00f3n que se infla con agua destilada est\u00e9ril y queda flotando dentro de este \u00f3rgano, este bal\u00f3n se mantiene inflado todo el tiempo al poseer una v\u00e1lvula unidireccional, este anclaje evita la salida accidental de la sonda.<\/p>\n<p>Es un producto, suave, hipoalerg\u00e9nico, no toxico, atraum\u00e1tico y resistente.<\/p>\n<p><strong>Certificaciones:<br \/>\n<\/strong>-ISO 13485- 2016.<br \/>\n-EC certificate production quality assurance system 93\/42\/EEC<\/p>\n","protected":false},"excerpt":{"rendered":"<p>Sonda Foley 2 V\u00edas de latex con bal\u00f3n Cranberry<br \/>\n<strong>Caja x 10 unidades.<\/strong><\/p>\n<p>Este dispositivo m\u00e9dico desechable permite el drenaje de la orina en todo paciente que necesite un cateterismo temporal o permanente. La sonda permite la salida de la orina desde la vejiga al recolector de orina.<br \/>\nPara su anclaje en la vejiga posee un bal\u00f3n que se infla con agua destilada est\u00e9ril y queda flotando dentro de este \u00f3rgano, este bal\u00f3n se mantiene inflado todo el tiempo al poseer una v\u00e1lvula unidireccional, este anclaje evita la salida accidental de la sonda.<\/p>\n<p>Es un producto, suave, hipoalerg\u00e9nico, no toxico, atraum\u00e1tico y resistente.<\/p>\n","protected":false},"featured_media":11767,"comment_status":"open","ping_status":"closed","template":"","meta":{"_acf_changed":false},"product_brand":[1087],"product_cat":[738,94],"product_tag":[752,749,119,751,750],"class_list":{"0":"post-11755","1":"product","2":"type-product","3":"status-publish","4":"has-post-thumbnail","6":"product_brand-cranberry","7":"product_cat-sondas","8":"product_cat-insumos-desechables","9":"product_tag-bolsa-de-orina","10":"product_tag-cateterismo","11":"product_tag-cranberry","12":"product_tag-sonda-de-orina","13":"product_tag-sonda-foley-latex","14":"product_shipping_class-pequeno","16":"first","17":"instock","18":"shipping-taxable","19":"purchasable","20":"product-type-variable"},"acf":[],"_links":{"self":[{"href":"https:\/\/deltamed.cl\/tienda\/wp-json\/wp\/v2\/product\/11755","targetHints":{"allow":["GET"]}}],"collection":[{"href":"https:\/\/deltamed.cl\/tienda\/wp-json\/wp\/v2\/product"}],"about":[{"href":"https:\/\/deltamed.cl\/tienda\/wp-json\/wp\/v2\/types\/product"}],"replies":[{"embeddable":true,"href":"https:\/\/deltamed.cl\/tienda\/wp-json\/wp\/v2\/comments?post=11755"}],"version-history":[{"count":4,"href":"https:\/\/deltamed.cl\/tienda\/wp-json\/wp\/v2\/product\/11755\/revisions"}],"predecessor-version":[{"id":14531,"href":"https:\/\/deltamed.cl\/tienda\/wp-json\/wp\/v2\/product\/11755\/revisions\/14531"}],"wp:featuredmedia":[{"embeddable":true,"href":"https:\/\/deltamed.cl\/tienda\/wp-json\/wp\/v2\/media\/11767"}],"wp:attachment":[{"href":"https:\/\/deltamed.cl\/tienda\/wp-json\/wp\/v2\/media?parent=11755"}],"wp:term":[{"taxonomy":"product_brand","embeddable":true,"href":"https:\/\/deltamed.cl\/tienda\/wp-json\/wp\/v2\/product_brand?post=11755"},{"taxonomy":"product_cat","embeddable":true,"href":"https:\/\/deltamed.cl\/tienda\/wp-json\/wp\/v2\/product_cat?post=11755"},{"taxonomy":"product_tag","embeddable":true,"href":"https:\/\/deltamed.cl\/tienda\/wp-json\/wp\/v2\/product_tag?post=11755"}],"curies":[{"name":"wp","href":"https:\/\/api.w.org\/{rel}","templated":true}]}}