{"id":11710,"date":"2024-07-05T18:22:12","date_gmt":"2024-07-05T21:22:12","guid":{"rendered":"https:\/\/deltamed.cl\/tienda\/?post_type=product&#038;p=11710"},"modified":"2026-02-27T13:52:37","modified_gmt":"2026-02-27T16:52:37","slug":"sonda-nasogastrica-levin-cranberry","status":"publish","type":"product","link":"https:\/\/deltamed.cl\/tienda\/producto\/sonda-nasogastrica-levin-cranberry\/","title":{"rendered":"Sonda Nasog\u00e1strica Levin Cranberry"},"content":{"rendered":"<p>Sonda Nasog\u00e1strica Levin Cranberry<strong><br \/>\nCaja x 50 unidades<\/strong><\/p>\n<p>Este dispositivo m\u00e9dico desechable se usa para drenar contenido g\u00e1strico, eliminar gases del est\u00f3mago del paciente durante el acto quir\u00fargico y administrar tratamientos cortos como carb\u00f3n activado.<\/p>\n<p>Tambi\u00e9n se usa para alimentaci\u00f3n enteral de manera cr\u00f3nica y aguda en pacientes que han perdido la funci\u00f3n alimenticia de manera aut\u00f3noma.<br \/>\nEs un producto, esteril, suave, hipoalerg\u00e9nico, libre de l\u00e1tex, no toxico, atraum\u00e1tico y resistente.<\/p>\n<p><strong>Especificaciones:<\/strong><\/p>\n<ul>\n<li>Cuerpo y adaptador de policloruro de vinilo (PVC grado m\u00e9dico).<\/li>\n<li>Cuerpo transparente con l\u00ednea azul radiopaca y adaptador de color para identificar tama\u00f1o.<\/li>\n<li>Tama\u00f1os diferentes. (French (FR) equivale al di\u00e1metro interno en mm de la sonda)<\/li>\n<li>Transparente con l\u00ednea azul radiopaca y adaptador de color.<\/li>\n<li>Almacenamiento en Lugar fresco y seco a temperatura entre 5\u00b0 y 30\u00b0 C.<\/li>\n<li>Producto descartable para un solo uso.<\/li>\n<li>No reutilizar.<\/li>\n<\/ul>\n<p><strong>Estructura:<\/strong><\/p>\n<ul>\n<li>Sonda fenestrada a nivel distal con 4 perforaciones laterales que permite ingresar alimentos enterales, medicamentos y l\u00edquidos al est\u00f3mago.<\/li>\n<li>Absorbe contenido g\u00e1strico como l\u00edquidos y\/o gases con el fin de descomprimir el abdomen y evitar una broncoaspiraci\u00f3n.<\/li>\n<li>Su longitud es mayor a 120 cm, haci\u00e9ndolo apto para introducir la sonda hasta el duodeno (primera porci\u00f3n del intestino delgado).<\/li>\n<li>La conexi\u00f3n distal de la sonda se adapta a todo tipo de sistemas de nutrici\u00f3n enteral del mercado, excepto a las conexiones Enfit.<\/li>\n<\/ul>\n<p><strong>Certificaciones:<br \/>\n<\/strong>-ISO 13485- 2016.<br \/>\n-EC certificate production quality assurance system 93\/42\/EEC<strong><br \/>\n<\/strong><\/p>\n","protected":false},"excerpt":{"rendered":"<p>Sonda Nasog\u00e1strica Levin Cranberry<strong><br \/>\nCaja x 50 unidades<\/strong><\/p>\n<p>Este dispositivo m\u00e9dico desechable se usa para drenar contenido g\u00e1strico, eliminar gases del est\u00f3mago del paciente durante el acto quir\u00fargico y administrar tratamientos cortos como carb\u00f3n activado.<\/p>\n<p>Tambi\u00e9n se usa para alimentaci\u00f3n enteral de manera cr\u00f3nica y aguda en pacientes que han perdido la funci\u00f3n alimenticia de manera aut\u00f3noma.<br \/>\nEs un producto, esteril, suave, hipoalerg\u00e9nico, libre de l\u00e1tex, no toxico, atraum\u00e1tico y resistente.<\/p>\n","protected":false},"featured_media":11752,"comment_status":"open","ping_status":"closed","template":"","meta":{"_acf_changed":false},"product_brand":[1087],"product_cat":[738,94],"product_tag":[113,748,119,530,747,746,745],"class_list":{"0":"post-11710","1":"product","2":"type-product","3":"status-publish","4":"has-post-thumbnail","6":"product_brand-cranberry","7":"product_cat-sondas","8":"product_cat-insumos-desechables","9":"product_tag-alimentacion","10":"product_tag-alimentacion-enteral","11":"product_tag-cranberry","12":"product_tag-sonda","13":"product_tag-sonda-alimentacion","14":"product_tag-sonda-levin","15":"product_tag-sonda-nasogastrica","16":"product_shipping_class-pequeno","18":"first","19":"instock","20":"shipping-taxable","21":"purchasable","22":"product-type-variable"},"acf":[],"_links":{"self":[{"href":"https:\/\/deltamed.cl\/tienda\/wp-json\/wp\/v2\/product\/11710","targetHints":{"allow":["GET"]}}],"collection":[{"href":"https:\/\/deltamed.cl\/tienda\/wp-json\/wp\/v2\/product"}],"about":[{"href":"https:\/\/deltamed.cl\/tienda\/wp-json\/wp\/v2\/types\/product"}],"replies":[{"embeddable":true,"href":"https:\/\/deltamed.cl\/tienda\/wp-json\/wp\/v2\/comments?post=11710"}],"version-history":[{"count":4,"href":"https:\/\/deltamed.cl\/tienda\/wp-json\/wp\/v2\/product\/11710\/revisions"}],"predecessor-version":[{"id":11810,"href":"https:\/\/deltamed.cl\/tienda\/wp-json\/wp\/v2\/product\/11710\/revisions\/11810"}],"wp:featuredmedia":[{"embeddable":true,"href":"https:\/\/deltamed.cl\/tienda\/wp-json\/wp\/v2\/media\/11752"}],"wp:attachment":[{"href":"https:\/\/deltamed.cl\/tienda\/wp-json\/wp\/v2\/media?parent=11710"}],"wp:term":[{"taxonomy":"product_brand","embeddable":true,"href":"https:\/\/deltamed.cl\/tienda\/wp-json\/wp\/v2\/product_brand?post=11710"},{"taxonomy":"product_cat","embeddable":true,"href":"https:\/\/deltamed.cl\/tienda\/wp-json\/wp\/v2\/product_cat?post=11710"},{"taxonomy":"product_tag","embeddable":true,"href":"https:\/\/deltamed.cl\/tienda\/wp-json\/wp\/v2\/product_tag?post=11710"}],"curies":[{"name":"wp","href":"https:\/\/api.w.org\/{rel}","templated":true}]}}