{"id":1171,"date":"2021-04-13T17:41:42","date_gmt":"2021-04-13T20:41:42","guid":{"rendered":"https:\/\/deltamed.cl\/tienda\/?post_type=product&#038;p=1171"},"modified":"2026-04-14T12:42:41","modified_gmt":"2026-04-14T15:42:41","slug":"toalla-jabonosa-sin-enjuague-higienix","status":"publish","type":"product","link":"https:\/\/deltamed.cl\/tienda\/producto\/toalla-jabonosa-sin-enjuague-higienix\/","title":{"rendered":"Toalla jabonosa sin enjuague Higienix"},"content":{"rendered":"<p>Toalla jabonosa sin enjuague Higienix<\/p>\n<p>Contiene: caja por 24 unidades<\/p>\n<p>Limpieza de pacientes inmovilizados<br \/>\nHigienix Toalla Jabonosa, es una toalla sint\u00e9tica impregnada con jab\u00f3n neutro, para realizar ba\u00f1o en seco de pacientes.<\/p>\n<p>Ideal para ser usada en la limpieza de todo el cuerpo en pacientes postrados o con movilidad limitada.<\/p>\n<p>Segura, \u00fatil y f\u00e1cil de usar en adultos y gente con piel sensible.<\/p>\n<p>Producto hipoalerg\u00e9nico, testeado Dermatol\u00f3gicamente.<\/p>\n<p>INDICACI\u00d3N: Ba\u00f1o en seco de pacientes postrados o con movilidad limitada.<\/p>\n<p>INSTRUCCIONES DE USO: Humedecer la toalla con la cantidad de agua necesaria para producir espuma, frotar la zona a limpiar. No necesita enjuague. En caso de ser necesario, retirar con toalla de papel.<\/p>\n<p>Producto No Est\u00e9ril<\/p>\n<p><span class=\"info\">Advertencias:<\/span> Uso externo. Mantener alejado de los ni\u00f1os. En caso de presentarse reacciones al\u00e9rgicas suspender su uso. En caso de contacto ocular: lavar con abundante agua por 15 minutos manteniendo los p\u00e1rpados abiertos.<\/p>\n<div id=\"attachment_1172\" style=\"width: 310px\" class=\"wp-caption alignnone\"><img fetchpriority=\"high\" decoding=\"async\" aria-describedby=\"caption-attachment-1172\" class=\"size-medium wp-image-1172\" src=\"https:\/\/deltamed.cl\/tienda\/wp-content\/uploads\/2021\/04\/toallas-limpiadoras-300x277.jpg\" alt=\"Toalla jabonosa sin enjuague Higienix\" width=\"300\" height=\"277\" title=\"\" srcset=\"https:\/\/deltamed.cl\/tienda\/wp-content\/uploads\/2021\/04\/toallas-limpiadoras-300x277.jpg 300w, https:\/\/deltamed.cl\/tienda\/wp-content\/uploads\/2021\/04\/toallas-limpiadoras.jpg 500w\" sizes=\"(max-width: 300px) 100vw, 300px\" \/><p id=\"caption-attachment-1172\" class=\"wp-caption-text\">Toalla jabonosa sin enjuague Higienix<\/p><\/div>\n","protected":false},"excerpt":{"rendered":"<p>Toalla jabonosa sin enjuague Higienix<\/p>\n<p>Contiene: caja por 24 unidades<\/p>\n<p>Limpieza de pacientes inmovilizados<\/p>\n<p>Higienix Toalla Jabonosa, es una toalla sint\u00e9tica impregnada con jab\u00f3n neutro, para realizar ba\u00f1o en seco de pacientes.<\/p>\n<p>Ideal para ser usada en la limpieza de todo el cuerpo en pacientes postrados o con movilidad limitada.<\/p>\n<p>Segura, \u00fatil y f\u00e1cil de usar en adultos y gente con piel sensible.<\/p>\n<p>Producto hipoalerg\u00e9nico, testeado Dermatol\u00f3gicamente.<\/p>\n<p>&nbsp;<\/p>\n","protected":false},"featured_media":1172,"comment_status":"open","ping_status":"closed","template":"","meta":{"_acf_changed":false},"product_brand":[],"product_cat":[94],"product_tag":[26,627,501,628,626,625],"class_list":{"0":"post-1171","1":"product","2":"type-product","3":"status-publish","4":"has-post-thumbnail","6":"product_cat-insumos-desechables","7":"product_tag-bano","8":"product_tag-bano-en-seco","9":"product_tag-movilidad-reducida","10":"product_tag-postrado","11":"product_tag-toallas-humedas","12":"product_tag-toallas-jabonosas","13":"product_shipping_class-pequeno","15":"first","16":"instock","17":"shipping-taxable","18":"purchasable","19":"product-type-simple"},"acf":[],"_links":{"self":[{"href":"https:\/\/deltamed.cl\/tienda\/wp-json\/wp\/v2\/product\/1171","targetHints":{"allow":["GET"]}}],"collection":[{"href":"https:\/\/deltamed.cl\/tienda\/wp-json\/wp\/v2\/product"}],"about":[{"href":"https:\/\/deltamed.cl\/tienda\/wp-json\/wp\/v2\/types\/product"}],"replies":[{"embeddable":true,"href":"https:\/\/deltamed.cl\/tienda\/wp-json\/wp\/v2\/comments?post=1171"}],"version-history":[{"count":3,"href":"https:\/\/deltamed.cl\/tienda\/wp-json\/wp\/v2\/product\/1171\/revisions"}],"predecessor-version":[{"id":7071,"href":"https:\/\/deltamed.cl\/tienda\/wp-json\/wp\/v2\/product\/1171\/revisions\/7071"}],"wp:featuredmedia":[{"embeddable":true,"href":"https:\/\/deltamed.cl\/tienda\/wp-json\/wp\/v2\/media\/1172"}],"wp:attachment":[{"href":"https:\/\/deltamed.cl\/tienda\/wp-json\/wp\/v2\/media?parent=1171"}],"wp:term":[{"taxonomy":"product_brand","embeddable":true,"href":"https:\/\/deltamed.cl\/tienda\/wp-json\/wp\/v2\/product_brand?post=1171"},{"taxonomy":"product_cat","embeddable":true,"href":"https:\/\/deltamed.cl\/tienda\/wp-json\/wp\/v2\/product_cat?post=1171"},{"taxonomy":"product_tag","embeddable":true,"href":"https:\/\/deltamed.cl\/tienda\/wp-json\/wp\/v2\/product_tag?post=1171"}],"curies":[{"name":"wp","href":"https:\/\/api.w.org\/{rel}","templated":true}]}}