{"id":1169,"date":"2021-04-13T16:33:21","date_gmt":"2021-04-13T19:33:21","guid":{"rendered":"https:\/\/deltamed.cl\/tienda\/?post_type=product&#038;p=1169"},"modified":"2026-03-25T21:44:11","modified_gmt":"2026-03-26T00:44:11","slug":"bajalenguas-de-madera-cranberry","status":"publish","type":"product","link":"https:\/\/deltamed.cl\/tienda\/producto\/bajalenguas-de-madera-cranberry\/","title":{"rendered":"Bajalenguas de madera Cranberry"},"content":{"rendered":"<p>Bajalenguas de madera Cranberry<\/p>\n<p>Caja por 100 unidades ,no esteril.<\/p>\n<p>El\u00a0<b>bajalenguas o depresor lingual<\/b>\u00a0es el palo de madera utilizado por los m\u00e9dicos para inspeccionar la boca y la garganta.<\/p>\n<p>USOS: Es utilizado como depresor lingual, para ex\u00e1menes de boca y garganta, inductor de v\u00f3mito, para ex\u00e1menes de p\u00e1rpados, aplicaci\u00f3n de medicamentos, manejo de muestras para examen de laboratorio, en primeros auxilios para inmovilizar fracturas o luxaciones de los dedos de las manos.<\/p>\n<p>Medidas :\u00a0 15 cm x 2cm<\/p>\n<p>Productos descartable.<\/p>\n<p>Es hipoalergenico<\/p>\n<p>Certificado Libre L\u00e1tex.<br \/>\nISO 9001 \u2013 2008.<br \/>\nISO 13485 \u2013 2012<\/p>\n","protected":false},"excerpt":{"rendered":"<p>Bajalenguas de madera Cranberry<\/p>\n<p>Caja por 100 unidades ,no esteril.<\/p>\n<p>El\u00a0<b>bajalenguas o depresor lingual<\/b>\u00a0es el palo de madera utilizado por los m\u00e9dicos para inspeccionar la boca y la garganta.<\/p>\n<p>USOS: Es utilizado como depresor lingual, para ex\u00e1menes de boca y garganta, inductor de v\u00f3mito, para ex\u00e1menes de p\u00e1rpados, aplicaci\u00f3n de medicamentos, manejo de muestras para examen de laboratorio, en primeros auxilios para inmovilizar fracturas o luxaciones de los dedos de las manos.<\/p>\n<p>Medidas :\u00a0 15 cm x 2cm<\/p>\n<p>Productos descartable.<\/p>\n<p>Es hipoalergenico<\/p>\n<p>Certificado Libre L\u00e1tex.<br \/>\nISO 9001 \u2013 2008.<br \/>\nISO 13485 \u2013 2012<\/p>\n","protected":false},"featured_media":1170,"comment_status":"open","ping_status":"closed","template":"","meta":{"_acf_changed":false},"product_brand":[1087],"product_cat":[94,375],"product_tag":[119],"class_list":{"0":"post-1169","1":"product","2":"type-product","3":"status-publish","4":"has-post-thumbnail","6":"product_brand-cranberry","7":"product_cat-insumos-desechables","8":"product_cat-bajalenguas","9":"product_tag-cranberry","10":"product_shipping_class-pequeno","12":"first","13":"instock","14":"shipping-taxable","15":"purchasable","16":"product-type-simple"},"acf":[],"_links":{"self":[{"href":"https:\/\/deltamed.cl\/tienda\/wp-json\/wp\/v2\/product\/1169","targetHints":{"allow":["GET"]}}],"collection":[{"href":"https:\/\/deltamed.cl\/tienda\/wp-json\/wp\/v2\/product"}],"about":[{"href":"https:\/\/deltamed.cl\/tienda\/wp-json\/wp\/v2\/types\/product"}],"replies":[{"embeddable":true,"href":"https:\/\/deltamed.cl\/tienda\/wp-json\/wp\/v2\/comments?post=1169"}],"version-history":[{"count":1,"href":"https:\/\/deltamed.cl\/tienda\/wp-json\/wp\/v2\/product\/1169\/revisions"}],"predecessor-version":[{"id":11050,"href":"https:\/\/deltamed.cl\/tienda\/wp-json\/wp\/v2\/product\/1169\/revisions\/11050"}],"wp:featuredmedia":[{"embeddable":true,"href":"https:\/\/deltamed.cl\/tienda\/wp-json\/wp\/v2\/media\/1170"}],"wp:attachment":[{"href":"https:\/\/deltamed.cl\/tienda\/wp-json\/wp\/v2\/media?parent=1169"}],"wp:term":[{"taxonomy":"product_brand","embeddable":true,"href":"https:\/\/deltamed.cl\/tienda\/wp-json\/wp\/v2\/product_brand?post=1169"},{"taxonomy":"product_cat","embeddable":true,"href":"https:\/\/deltamed.cl\/tienda\/wp-json\/wp\/v2\/product_cat?post=1169"},{"taxonomy":"product_tag","embeddable":true,"href":"https:\/\/deltamed.cl\/tienda\/wp-json\/wp\/v2\/product_tag?post=1169"}],"curies":[{"name":"wp","href":"https:\/\/api.w.org\/{rel}","templated":true}]}}