{"id":11541,"date":"2024-06-28T14:38:08","date_gmt":"2024-06-28T17:38:08","guid":{"rendered":"https:\/\/deltamed.cl\/tienda\/?post_type=product&#038;p=11541"},"modified":"2026-03-18T15:22:14","modified_gmt":"2026-03-18T18:22:14","slug":"suero-fisiologico-0-9-10ml-vitafarma-caja-x-50","status":"publish","type":"product","link":"https:\/\/deltamed.cl\/tienda\/producto\/suero-fisiologico-0-9-10ml-vitafarma-caja-x-50\/","title":{"rendered":"Suero fisiologico 0.9% 10ml Vitafarma Caja x 50"},"content":{"rendered":"<p>Suero fisiologico 0.9% 10ml Vitafarma Caja x 50<\/p>\n<p>El Suero Fisiol\u00f3gico al 0.9%, tambi\u00e9n conocido como cloruro de sodio, es una soluci\u00f3n salina est\u00e9ril ampliamente utilizada en procedimientos m\u00e9dicos. Se presenta en un envase flexible, est\u00e9ril y de f\u00e1cil apertura, ideal para diversas aplicaciones.<\/p>\n<p><strong>Usos principales:<\/strong><\/p>\n<ul>\n<li><strong>Hidrataci\u00f3n<\/strong>: Proporciona un aporte esencial de electrolitos en casos de deshidrataci\u00f3n con p\u00e9rdida de sales.<\/li>\n<li><strong>Irrigaci\u00f3n de ostom\u00edas<\/strong>: Utilizado para limpiar y mantener las ostom\u00edas en condiciones higi\u00e9nicas.<\/li>\n<li><strong>Limpieza de heridas<\/strong>: Facilita la eliminaci\u00f3n de contaminantes en heridas, cortes y quemaduras, promoviendo una cicatrizaci\u00f3n efectiva.<\/li>\n<li><strong>Diluci\u00f3n de medicamentos<\/strong>: Sirve como veh\u00edculo para diluir medicamentos antes de su administraci\u00f3n, asegurando una distribuci\u00f3n segura y eficaz en el cuerpo.<\/li>\n<li><strong>Nebulizaci\u00f3n<\/strong>: Es empleado en terapias de nebulizaci\u00f3n para tratar afecciones respiratorias, como el asma.<\/li>\n<li><strong>Enjuague ocular<\/strong>: Se utiliza para irrigar los ojos, eliminando cuerpos extra\u00f1os o sustancias irritantes.<\/li>\n<li><strong>Cuidado de lentes de contacto<\/strong>: Es adecuado para limpiar y enjuagar lentes de contacto, garantizando su higiene.<\/li>\n<\/ul>\n<p>Solucion inyectable<br \/>\n<strong>cada 100ml contiene:<\/strong><br \/>\nCloruro de sodio&#8230;&#8230;&#8230;&#8230;&#8230;.0.9 g<\/p>\n<p><strong>Uso parenteral I.V<\/strong><br \/>\n<strong>Libre de pir\u00f3genos. Est\u00e9ril<\/strong><\/p>\n<p>&nbsp;<\/p>\n","protected":false},"excerpt":{"rendered":"<p>Suero fisiologico 0.9% 10ml Vitafarma Caja x 50<\/p>\n<p>El Suero Fisiol\u00f3gico al 0.9% de Vitafarma es una soluci\u00f3n salina est\u00e9ril, ideal para m\u00faltiples aplicaciones m\u00e9dicas. Presentado en un envase flexible y de f\u00e1cil apertura, es esencial en la hidrataci\u00f3n y el suministro de electrolitos, especialmente en casos de deshidrataci\u00f3n. Adem\u00e1s, se utiliza para la irrigaci\u00f3n de ostom\u00edas, limpieza de heridas, diluci\u00f3n de medicamentos, nebulizaci\u00f3n y enjuague ocular.<br \/>\nEste producto es libre de pir\u00f3genos y est\u00e1 dise\u00f1ado para uso parenteral intravenoso, garantizando su esterilidad y eficacia.<\/p>\n<p><strong>Composici\u00f3n:<\/strong> por cada 100 ml contiene\u00a0Cloruro de sodio: 0.9 g,<\/p>\n","protected":false},"featured_media":11542,"comment_status":"open","ping_status":"closed","template":"","meta":{"_acf_changed":false},"product_brand":[1097],"product_cat":[94,456,455],"product_tag":[225,222,223,218,217,545],"class_list":{"0":"post-11541","1":"product","2":"type-product","3":"status-publish","4":"has-post-thumbnail","6":"product_brand-vitafarma","7":"product_cat-insumos-desechables","8":"product_cat-suero","9":"product_cat-sueros","10":"product_tag-20ml","11":"product_tag-ampolla","12":"product_tag-cloruro","13":"product_tag-cloruro-de-sodio","14":"product_tag-suero","15":"product_tag-suero-fisiologico","16":"product_shipping_class-pequeno","18":"first","19":"outofstock","20":"shipping-taxable","21":"purchasable","22":"product-type-simple"},"acf":[],"_links":{"self":[{"href":"https:\/\/deltamed.cl\/tienda\/wp-json\/wp\/v2\/product\/11541","targetHints":{"allow":["GET"]}}],"collection":[{"href":"https:\/\/deltamed.cl\/tienda\/wp-json\/wp\/v2\/product"}],"about":[{"href":"https:\/\/deltamed.cl\/tienda\/wp-json\/wp\/v2\/types\/product"}],"replies":[{"embeddable":true,"href":"https:\/\/deltamed.cl\/tienda\/wp-json\/wp\/v2\/comments?post=11541"}],"version-history":[{"count":5,"href":"https:\/\/deltamed.cl\/tienda\/wp-json\/wp\/v2\/product\/11541\/revisions"}],"predecessor-version":[{"id":13499,"href":"https:\/\/deltamed.cl\/tienda\/wp-json\/wp\/v2\/product\/11541\/revisions\/13499"}],"wp:featuredmedia":[{"embeddable":true,"href":"https:\/\/deltamed.cl\/tienda\/wp-json\/wp\/v2\/media\/11542"}],"wp:attachment":[{"href":"https:\/\/deltamed.cl\/tienda\/wp-json\/wp\/v2\/media?parent=11541"}],"wp:term":[{"taxonomy":"product_brand","embeddable":true,"href":"https:\/\/deltamed.cl\/tienda\/wp-json\/wp\/v2\/product_brand?post=11541"},{"taxonomy":"product_cat","embeddable":true,"href":"https:\/\/deltamed.cl\/tienda\/wp-json\/wp\/v2\/product_cat?post=11541"},{"taxonomy":"product_tag","embeddable":true,"href":"https:\/\/deltamed.cl\/tienda\/wp-json\/wp\/v2\/product_tag?post=11541"}],"curies":[{"name":"wp","href":"https:\/\/api.w.org\/{rel}","templated":true}]}}