{"id":11479,"date":"2024-06-24T18:05:29","date_gmt":"2024-06-24T21:05:29","guid":{"rendered":"https:\/\/deltamed.cl\/tienda\/?post_type=product&#038;p=11479"},"modified":"2026-03-25T21:44:12","modified_gmt":"2026-03-26T00:44:12","slug":"caja-desecho-cortopunzante-de-carton-1-2-litro","status":"publish","type":"product","link":"https:\/\/deltamed.cl\/tienda\/producto\/caja-desecho-cortopunzante-de-carton-1-2-litro\/","title":{"rendered":"Caja desecho cortopunzante de cart\u00f3n 1\/2 litro"},"content":{"rendered":"<p>Una <strong>caja de desecho cortopunzante de cart\u00f3n 1\/2 litro<\/strong> es un tipo de recipiente dise\u00f1ado para la disposici\u00f3n segura de objetos cortantes y punzantes, como agujas, jeringas, bistur\u00eds o cualquier otro material que pueda representar un riesgo de cortaduras o pinchos.<\/p>\n<p>Esta caja est\u00e1 hecha de cart\u00f3n y tiene una capacidad de <strong>1\/2 litro<\/strong>, lo que la hace adecuada para la disposici\u00f3n de una cantidad moderada de estos elementos. Adem\u00e1s, suelen tener un dise\u00f1o cerrado y seguro para evitar accidentes al manipular el material, y generalmente cuentan con una abertura para depositar los objetos y una tapa que asegura el contenido.<\/p>\n<p>Se utilizan principalmente en hospitales, cl\u00ednicas, laboratorios y otros entornos donde se manejan materiales peligrosos para la salud.<\/p>\n<div class=\"group\/conversation-turn relative flex w-full min-w-0 flex-col agent-turn\">\n<div class=\"flex-col gap-1 md:gap-3\">\n<div class=\"flex flex-grow flex-col max-w-full\">\n<div class=\"min-h-[20px] text-message flex flex-col items-start whitespace-pre-wrap break-words [.text-message+&amp;]:mt-5 juice:w-full juice:items-end overflow-x-auto gap-3\" dir=\"auto\" data-message-author-role=\"assistant\" data-message-id=\"d62cd538-56a3-4585-aa6b-be5427cf4b2d\">\n<div class=\"markdown prose w-full break-words dark:prose-invert light\">\n<p>Caja elaborada en cart\u00f3n r\u00edgido de color amarillo, conforme a la Norma Chilena Oficial NCH-2190, con un sistema de armado y cierre seguro.<br \/>\nEl interior est\u00e1 hecho de cart\u00f3n extra duro cubierto por una bolsa pl\u00e1stica.<\/p>\n<\/div>\n<\/div>\n<\/div>\n<\/div>\n<\/div>\n","protected":false},"excerpt":{"rendered":"<p>Caja desecho cortopunzante de cart\u00f3n 1\/2 litro<\/p>\n<div class=\"group\/conversation-turn relative flex w-full min-w-0 flex-col agent-turn\">\n<div class=\"flex-col gap-1 md:gap-3\">\n<div class=\"flex flex-grow flex-col max-w-full\">\n<div class=\"min-h-[20px] text-message flex flex-col items-start whitespace-pre-wrap break-words [.text-message+&amp;]:mt-5 juice:w-full juice:items-end overflow-x-auto gap-3\" dir=\"auto\" data-message-author-role=\"assistant\" data-message-id=\"d62cd538-56a3-4585-aa6b-be5427cf4b2d\">\n<div class=\"markdown prose w-full break-words dark:prose-invert light\">\n<p>Caja elaborada en cart\u00f3n r\u00edgido de color amarillo, conforme a la Norma Chilena Oficial NCH-2190, con un sistema de armado y cierre seguro.<br \/>\nEl interior est\u00e1 hecho de cart\u00f3n extra duro cubierto por una bolsa pl\u00e1stica.<\/p>\n<\/div>\n<\/div>\n<\/div>\n<\/div>\n<\/div>\n","protected":false},"featured_media":11480,"comment_status":"open","ping_status":"closed","template":"","meta":{"_acf_changed":false},"product_brand":[],"product_cat":[383,370,384],"product_tag":[717,718,715,719,716,714],"class_list":{"0":"post-11479","1":"product","2":"type-product","3":"status-publish","4":"has-post-thumbnail","6":"product_cat-agujas","7":"product_cat-jeringas","8":"product_cat-otros","9":"product_tag-agujas","10":"product_tag-basura","11":"product_tag-caja","12":"product_tag-contenedor","13":"product_tag-cortopunzante","14":"product_tag-desechos","15":"product_shipping_class-extra-pequeno","17":"first","18":"instock","19":"shipping-taxable","20":"purchasable","21":"product-type-simple"},"acf":[],"_links":{"self":[{"href":"https:\/\/deltamed.cl\/tienda\/wp-json\/wp\/v2\/product\/11479","targetHints":{"allow":["GET"]}}],"collection":[{"href":"https:\/\/deltamed.cl\/tienda\/wp-json\/wp\/v2\/product"}],"about":[{"href":"https:\/\/deltamed.cl\/tienda\/wp-json\/wp\/v2\/types\/product"}],"replies":[{"embeddable":true,"href":"https:\/\/deltamed.cl\/tienda\/wp-json\/wp\/v2\/comments?post=11479"}],"version-history":[{"count":3,"href":"https:\/\/deltamed.cl\/tienda\/wp-json\/wp\/v2\/product\/11479\/revisions"}],"predecessor-version":[{"id":16414,"href":"https:\/\/deltamed.cl\/tienda\/wp-json\/wp\/v2\/product\/11479\/revisions\/16414"}],"wp:featuredmedia":[{"embeddable":true,"href":"https:\/\/deltamed.cl\/tienda\/wp-json\/wp\/v2\/media\/11480"}],"wp:attachment":[{"href":"https:\/\/deltamed.cl\/tienda\/wp-json\/wp\/v2\/media?parent=11479"}],"wp:term":[{"taxonomy":"product_brand","embeddable":true,"href":"https:\/\/deltamed.cl\/tienda\/wp-json\/wp\/v2\/product_brand?post=11479"},{"taxonomy":"product_cat","embeddable":true,"href":"https:\/\/deltamed.cl\/tienda\/wp-json\/wp\/v2\/product_cat?post=11479"},{"taxonomy":"product_tag","embeddable":true,"href":"https:\/\/deltamed.cl\/tienda\/wp-json\/wp\/v2\/product_tag?post=11479"}],"curies":[{"name":"wp","href":"https:\/\/api.w.org\/{rel}","templated":true}]}}