{"id":1114,"date":"2021-04-07T18:00:48","date_gmt":"2021-04-07T21:00:48","guid":{"rendered":"https:\/\/deltamed.cl\/tienda\/?post_type=product&#038;p=1114"},"modified":"2026-02-27T07:16:00","modified_gmt":"2026-02-27T10:16:00","slug":"mascarillas-kn95-x-10-unid","status":"publish","type":"product","link":"https:\/\/deltamed.cl\/tienda\/producto\/mascarillas-kn95-x-10-unid\/","title":{"rendered":"Mascarillas kn95 x 10 unid"},"content":{"rendered":"<p>Mascarillas kn95 x 10 unid<\/p>\n<p>El KN95 es uno de los respiradores m\u00e1s conocidos y comentados popularmente.<br \/>\nSe constituye como un est\u00e1ndar estadounidense administrado por el NIOSH (Instituto Nacional para la Seguridad y Salud Ocupacional), el cual forma parte del Centro para el Control de Enfermedades<br \/>\n\u2022 Mascarilla con el\u00e1sticos.<br \/>\n\u2022 Tama\u00f1o universal, Blanca.<br \/>\n\u2022 Caja contiene 10 unidades.<\/p>\n<p>Protecci\u00f3n contra pat\u00f3genos.<br \/>\nEficacia de filtraci\u00f3n bacteriana (BFE) 95%<br \/>\nRespirabilidad (presi\u00f3n diferencial) &lt; 60 Pa\/cm2<\/p>\n<p>Est\u00e1 preparada para la protecci\u00f3n contra agentes como bacterias y aerosoles, cualquier actividad o entorno en el que se produzcan o existan part\u00edculas en suspensi\u00f3n, tanto inorg\u00e1nicas (polvo, fibras, etc.) como org\u00e1nicas (polen, semillas, \u00e1caros, insectos, etc.).<\/p>\n<p>F\u00e1cil colocaci\u00f3n, muy c\u00f3moda de llevar.<br \/>\nTama\u00f1o: 17 cm x 11 cm<\/p>\n<p>Material de Fabricaci\u00f3n: 5 capas con orejeras el\u00e1sticas selladas por ultrasonido. Cinta de ajuste nasal se encuentra entre las capas de la mascarilla para facilitar el ajuste y la comodidad.<\/p>\n<p>Primera capa: exterior de polipropileno de alta calidad no tejido.<br \/>\nSegunda capa: Filtro K N95<br \/>\nTercera y Cuarta capa: algod\u00f3n de filtro de alta eficacia.<br \/>\nQuinta capa: Polipropileno de alta calidad no tejido en el interior<\/p>\n","protected":false},"excerpt":{"rendered":"<p>Mascarillas kn95 x 10 unid<\/p>\n<p>El KN95 es uno de los respiradores m\u00e1s conocidos y comentados popularmente.<br \/>\nSe constituye como un est\u00e1ndar estadounidense administrado por el NIOSH (Instituto Nacional para la Seguridad y Salud Ocupacional), el cual forma parte del Centro para el Control de Enfermedades<br \/>\n\u2022 Mascarilla con el\u00e1sticos.<br \/>\n\u2022 Tama\u00f1o universal, Blanca.<br \/>\n\u2022 Caja contiene 10 unidades.<\/p>\n<p>Protecci\u00f3n contra pat\u00f3genos.<br \/>\nEficacia de filtraci\u00f3n bacteriana (BFE) 95%<br \/>\nRespirabilidad (presi\u00f3n diferencial) &lt; 60 Pa\/cm2<\/p>\n","protected":false},"featured_media":1115,"comment_status":"open","ping_status":"closed","template":"","meta":{"_acf_changed":false},"product_brand":[],"product_cat":[94,381],"product_tag":[],"class_list":{"0":"post-1114","1":"product","2":"type-product","3":"status-publish","4":"has-post-thumbnail","6":"product_cat-insumos-desechables","7":"product_cat-mascarillas","8":"product_shipping_class-pequeno","10":"first","11":"outofstock","12":"shipping-taxable","13":"purchasable","14":"product-type-simple"},"acf":[],"_links":{"self":[{"href":"https:\/\/deltamed.cl\/tienda\/wp-json\/wp\/v2\/product\/1114","targetHints":{"allow":["GET"]}}],"collection":[{"href":"https:\/\/deltamed.cl\/tienda\/wp-json\/wp\/v2\/product"}],"about":[{"href":"https:\/\/deltamed.cl\/tienda\/wp-json\/wp\/v2\/types\/product"}],"replies":[{"embeddable":true,"href":"https:\/\/deltamed.cl\/tienda\/wp-json\/wp\/v2\/comments?post=1114"}],"version-history":[{"count":0,"href":"https:\/\/deltamed.cl\/tienda\/wp-json\/wp\/v2\/product\/1114\/revisions"}],"wp:featuredmedia":[{"embeddable":true,"href":"https:\/\/deltamed.cl\/tienda\/wp-json\/wp\/v2\/media\/1115"}],"wp:attachment":[{"href":"https:\/\/deltamed.cl\/tienda\/wp-json\/wp\/v2\/media?parent=1114"}],"wp:term":[{"taxonomy":"product_brand","embeddable":true,"href":"https:\/\/deltamed.cl\/tienda\/wp-json\/wp\/v2\/product_brand?post=1114"},{"taxonomy":"product_cat","embeddable":true,"href":"https:\/\/deltamed.cl\/tienda\/wp-json\/wp\/v2\/product_cat?post=1114"},{"taxonomy":"product_tag","embeddable":true,"href":"https:\/\/deltamed.cl\/tienda\/wp-json\/wp\/v2\/product_tag?post=1114"}],"curies":[{"name":"wp","href":"https:\/\/api.w.org\/{rel}","templated":true}]}}