{"id":1092,"date":"2021-04-06T18:21:24","date_gmt":"2021-04-06T21:21:24","guid":{"rendered":"https:\/\/deltamed.cl\/tienda\/?post_type=product&#038;p=1092"},"modified":"2026-04-17T15:57:05","modified_gmt":"2026-04-17T18:57:05","slug":"esenta-toallitas-con-removedor-de-adhesivo-423281-convatec","status":"publish","type":"product","link":"https:\/\/deltamed.cl\/tienda\/producto\/esenta-toallitas-con-removedor-de-adhesivo-423281-convatec\/","title":{"rendered":"Esenta toallitas con removedor de adhesivo 423281 Convatec"},"content":{"rendered":"<p>Esenta toallitas removedora 423281 convatec<\/p>\n<p>Toallitas con removedor de adhesivo, sin alcohol, para la remoci\u00f3n atraum\u00e1tica de ap\u00f3sitos para heridas, accesorios y residuos adhesivos de la piel. Producto medico no est\u00e9ril. Vida \u00fatil: 4 (cuatro) a\u00f1os.<\/p>\n<p>Indicaci\u00f3n de uso: Esenta Sting Free- removedor- toallitas, esta indicado para la eliminaci\u00f3n de residuos de adhesivo de la pie.<\/p>\n<p><strong>Descripci\u00f3n<\/strong><br \/>\n\u2022 Toallita sensicare, removedora de adhesivo, marca Convatec.<br \/>\n\u2022 Ayuda a limpiar la piel de los adhesivos usados en ostom\u00eda, como placas protectoras, ap\u00f3sitos, esparadrapo y ap\u00f3sitos hidrocoloides.<br \/>\n\u2022 Ideal para pacientes ostomizados.<br \/>\n\u2022 Para uso externo.<br \/>\n\u2022 Presentaci\u00f3n caja con 30 unidades en envase individual.<br \/>\n\u2022 Producto certificado.<br \/>\n\u2022 Hecho en EE.UU.<\/p>\n<p>&nbsp;<\/p>\n","protected":false},"excerpt":{"rendered":"<p>Esenta toallitas removedora 423281 convatec<\/p>\n<p>Toallitas con removedor de adhesivo, sin alcohol, para la remoci\u00f3n atraum\u00e1tica de ap\u00f3sitos para heridas, accesorios y residuos adhesivos de la piel. Producto medico no est\u00e9ril.<\/p>\n<p>Vida \u00fatil: 4 (cuatro) a\u00f1os.<\/p>\n<p>Indicaci\u00f3n de uso: Esenta Sting Free- removedor- toallitas, esta indicado para la eliminaci\u00f3n de residuos de adhesivo de la pie.<\/p>\n","protected":false},"featured_media":4424,"comment_status":"open","ping_status":"closed","template":"","meta":{"_acf_changed":false},"product_brand":[1089],"product_cat":[35,409,36],"product_tag":[159,68],"class_list":{"0":"post-1092","1":"product","2":"type-product","3":"status-publish","4":"has-post-thumbnail","6":"product_brand-convatec","7":"product_cat-ostomia","8":"product_cat-esenta-sensicare","9":"product_cat-tratamiento-de-herida","10":"product_tag-convatec","11":"product_tag-ostomia","12":"product_shipping_class-extra-pequeno","14":"first","15":"instock","16":"shipping-taxable","17":"purchasable","18":"product-type-simple"},"acf":[],"_links":{"self":[{"href":"https:\/\/deltamed.cl\/tienda\/wp-json\/wp\/v2\/product\/1092","targetHints":{"allow":["GET"]}}],"collection":[{"href":"https:\/\/deltamed.cl\/tienda\/wp-json\/wp\/v2\/product"}],"about":[{"href":"https:\/\/deltamed.cl\/tienda\/wp-json\/wp\/v2\/types\/product"}],"replies":[{"embeddable":true,"href":"https:\/\/deltamed.cl\/tienda\/wp-json\/wp\/v2\/comments?post=1092"}],"version-history":[{"count":6,"href":"https:\/\/deltamed.cl\/tienda\/wp-json\/wp\/v2\/product\/1092\/revisions"}],"predecessor-version":[{"id":20024,"href":"https:\/\/deltamed.cl\/tienda\/wp-json\/wp\/v2\/product\/1092\/revisions\/20024"}],"wp:featuredmedia":[{"embeddable":true,"href":"https:\/\/deltamed.cl\/tienda\/wp-json\/wp\/v2\/media\/4424"}],"wp:attachment":[{"href":"https:\/\/deltamed.cl\/tienda\/wp-json\/wp\/v2\/media?parent=1092"}],"wp:term":[{"taxonomy":"product_brand","embeddable":true,"href":"https:\/\/deltamed.cl\/tienda\/wp-json\/wp\/v2\/product_brand?post=1092"},{"taxonomy":"product_cat","embeddable":true,"href":"https:\/\/deltamed.cl\/tienda\/wp-json\/wp\/v2\/product_cat?post=1092"},{"taxonomy":"product_tag","embeddable":true,"href":"https:\/\/deltamed.cl\/tienda\/wp-json\/wp\/v2\/product_tag?post=1092"}],"curies":[{"name":"wp","href":"https:\/\/api.w.org\/{rel}","templated":true}]}}