{"id":1088,"date":"2021-04-06T17:02:47","date_gmt":"2021-04-06T20:02:47","guid":{"rendered":"https:\/\/deltamed.cl\/tienda\/?post_type=product&#038;p=1088"},"modified":"2026-02-27T07:16:00","modified_gmt":"2026-02-27T10:16:00","slug":"toma-presion-muneca-omron-6124","status":"publish","type":"product","link":"https:\/\/deltamed.cl\/tienda\/producto\/toma-presion-muneca-omron-6124\/","title":{"rendered":"Toma Presi\u00f3n Mu\u00f1eca Omron 6124"},"content":{"rendered":"<p>Toma Presi\u00f3n Mu\u00f1eca Omron 6124<\/p>\n<p><strong>Lo que tienes que saber de este producto:<\/strong><\/p>\n<p>&#8211; Operaci\u00f3n simple y silenciosa, con el toque de 1 bot\u00f3n.<\/p>\n<p>&#8211; Almacena 30 mediciones.<\/p>\n<p>&#8211; Detector de latido irregular: El monitor alerta cuando los latidos son irregulares.<\/p>\n<p>&#8211; Sensor de posici\u00f3n: Una correcta postura es cr\u00edtica al medir la presi\u00f3n arterial. Por esta raz\u00f3n, los monitores con sensor de posici\u00f3n son m\u00e1s exactos y mejoran la precisi\u00f3n al medir la presi\u00f3n arterial en la mu\u00f1eca.<\/p>\n<p>&#8211; Control de Inflaci\u00f3n \u00f3ptima Intellisense: Tecnolog\u00eda que permite obtener mediciones mucho m\u00e1s c\u00f3modas y exactas.<\/p>\n<p>&#8211; Garant\u00eda de 5 a\u00f1os con Omron.<\/p>\n<p>&#8211; Mide la presi\u00f3n sist\u00f3lica, presi\u00f3n diast\u00f3lica y frecuencia card\u00edaca.<\/p>\n<p>&#8211; Inflado autom\u00e1tico.<\/p>\n<p>&#8211; Funciona a pila AAA.<\/p>\n<p>&#8211; Circunferencia del brazalete m\u00ednima de 13.5cm y m\u00e1xima de 21.5cm.<\/p>\n<p>&#8211; Con indicador de error de movimiento.<\/p>\n<p>&#8211; Incluye brazalete.<\/p>\n<p><strong>Descripci\u00f3n:<\/strong><\/p>\n<p>Con este tensi\u00f3metro de mu\u00f1eca, tendr\u00e1s la libertad de tomar tu presi\u00f3n arterial con autonom\u00eda, facilidad y alta precisi\u00f3n cl\u00ednica. Coloca el brazalete, ajusta el velcro y comienza con la medici\u00f3n. En la pantalla digital, podr\u00e1s visualizar la informaci\u00f3n f\u00e1cilmente.<\/p>\n<p>Facilidad de uso<br \/>\nEste tensi\u00f3metro autom\u00e1tico se infla y desinfla f\u00e1cilmente con solo presionar un bot\u00f3n. Solo deber\u00e1s colocarte el brazalete y esperar unos instantes hasta obtener tus resultados reflejados en la pantalla.<\/p>\n<p>Los indicadores que necesitas<br \/>\nCon este monitor de presi\u00f3n arterial, podr\u00e1s tomar los valores de la presi\u00f3n m\u00e1xima y m\u00ednima en la comodidad de tu hogar.<br \/>\nAdem\u00e1s, mide la frecuencia card\u00edaca y advierte la presencia de latidos irregulares potencialmente peligrosos, para prevenir posibles arritmias.<\/p>\n<p>Con detector de error de movimiento<br \/>\nIncluye un indicador de movimiento corporal con el que podr\u00e1s evitar los errores comunes que se producen a la hora de medir la tensi\u00f3n arterial. De esta forma, podr\u00e1s minimizar fallos a la hora de realizar la medici\u00f3n.<\/p>\n<p>Liviano y pr\u00e1ctico<br \/>\nDebido a su tama\u00f1o y bajo peso, podr\u00e1s usarlo sin complicaciones y trasladarlo a donde quieras. Col\u00f3calo en tu cartera o bolso y ll\u00e9valo a todos lados.<\/p>\n","protected":false},"excerpt":{"rendered":"<p>Toma Presi\u00f3n Mu\u00f1eca Omron 6124<\/p>\n<p><strong>Lo que tienes que saber de este producto:<\/strong><\/p>\n<p>&#8211; Operaci\u00f3n simple y silenciosa, con el toque de 1 bot\u00f3n.<\/p>\n<p>&#8211; Almacena 30 mediciones.<\/p>\n<p>&#8211; Detector de latido irregular: El monitor alerta cuando los latidos son irregulares.<\/p>\n<p>&#8211; Sensor de posici\u00f3n: Una correcta postura es cr\u00edtica al medir la presi\u00f3n arterial. Por esta raz\u00f3n, los monitores con sensor de posici\u00f3n son m\u00e1s exactos y mejoran la precisi\u00f3n al medir la presi\u00f3n arterial en la mu\u00f1eca.<\/p>\n<p>&#8211; Control de Inflaci\u00f3n \u00f3ptima Intellisense: Tecnolog\u00eda que permite obtener mediciones mucho m\u00e1s c\u00f3modas y exactas.<\/p>\n<p>&#8211; Garant\u00eda de 5 a\u00f1os con Omron.<\/p>\n<p>&#8211; Mide la presi\u00f3n sist\u00f3lica, presi\u00f3n diast\u00f3lica y frecuencia card\u00edaca.<\/p>\n<p>&#8211; Inflado autom\u00e1tico.<\/p>\n<p>&#8211; Funciona a pila AAA.<\/p>\n<p>&#8211; Circunferencia del brazalete m\u00ednima de 13.5cm y m\u00e1xima de 21.5cm.<\/p>\n<p>&#8211; Con indicador de error de movimiento.<\/p>\n<p>&#8211; Incluye brazalete.<\/p>\n","protected":false},"featured_media":1089,"comment_status":"open","ping_status":"closed","template":"","meta":{"_acf_changed":false},"product_brand":[1096],"product_cat":[15,361],"product_tag":[],"class_list":{"0":"post-1088","1":"product","2":"type-product","3":"status-publish","4":"has-post-thumbnail","6":"product_brand-omron","7":"product_cat-medicion-y-diagnostico","8":"product_cat-toma-presion","9":"product_shipping_class-pequeno","11":"first","12":"outofstock","13":"shipping-taxable","14":"purchasable","15":"product-type-simple"},"acf":[],"_links":{"self":[{"href":"https:\/\/deltamed.cl\/tienda\/wp-json\/wp\/v2\/product\/1088","targetHints":{"allow":["GET"]}}],"collection":[{"href":"https:\/\/deltamed.cl\/tienda\/wp-json\/wp\/v2\/product"}],"about":[{"href":"https:\/\/deltamed.cl\/tienda\/wp-json\/wp\/v2\/types\/product"}],"replies":[{"embeddable":true,"href":"https:\/\/deltamed.cl\/tienda\/wp-json\/wp\/v2\/comments?post=1088"}],"version-history":[{"count":2,"href":"https:\/\/deltamed.cl\/tienda\/wp-json\/wp\/v2\/product\/1088\/revisions"}],"predecessor-version":[{"id":10263,"href":"https:\/\/deltamed.cl\/tienda\/wp-json\/wp\/v2\/product\/1088\/revisions\/10263"}],"wp:featuredmedia":[{"embeddable":true,"href":"https:\/\/deltamed.cl\/tienda\/wp-json\/wp\/v2\/media\/1089"}],"wp:attachment":[{"href":"https:\/\/deltamed.cl\/tienda\/wp-json\/wp\/v2\/media?parent=1088"}],"wp:term":[{"taxonomy":"product_brand","embeddable":true,"href":"https:\/\/deltamed.cl\/tienda\/wp-json\/wp\/v2\/product_brand?post=1088"},{"taxonomy":"product_cat","embeddable":true,"href":"https:\/\/deltamed.cl\/tienda\/wp-json\/wp\/v2\/product_cat?post=1088"},{"taxonomy":"product_tag","embeddable":true,"href":"https:\/\/deltamed.cl\/tienda\/wp-json\/wp\/v2\/product_tag?post=1088"}],"curies":[{"name":"wp","href":"https:\/\/api.w.org\/{rel}","templated":true}]}}