{"id":1085,"date":"2021-04-06T16:45:15","date_gmt":"2021-04-06T19:45:15","guid":{"rendered":"https:\/\/deltamed.cl\/tienda\/?post_type=product&#038;p=1085"},"modified":"2026-02-27T07:16:00","modified_gmt":"2026-02-27T10:16:00","slug":"sutura-adhesiva-steri-strip-6mm-x-38mm-3m-r1542","status":"publish","type":"product","link":"https:\/\/deltamed.cl\/tienda\/producto\/sutura-adhesiva-steri-strip-6mm-x-38mm-3m-r1542\/","title":{"rendered":"Sutura adhesiva steri strip 6mm x 3,8mm 3M R1542"},"content":{"rendered":"<p>Sutura adhesiva steri strip 6mm x 3,8mm 3M R1542<\/p>\n<p>Medida: 6 mm x 3,8mm<br \/>\n<strong>Venta Unitaria<\/strong><br \/>\nSutura adhesiva para el cierre de las heridas.<\/p>\n<p>Las tiras de sutura cut\u00e1nea est\u00e9riles est\u00e1n constituidas por un respaldo no tejido y poroso de ray\u00f3n, cubierto por un adhesivo hipoalerg\u00e9nico de acrialto, sensible a la presi\u00f3n y libre de l\u00e1tex.<\/p>\n<p>Reforzadas con filamentos de poli\u00e9ster que le proporcionan una mayor resistencia.<br \/>\n&#8211; La sutura cut\u00e1nea adhesiva no es invasiva y es segura para el cierre primario de heridas.<br \/>\n&#8211; Puede ser usado junto a suturas o corchetes, o cuando se hayan retirado estos para seguir dando soporte a la piel.<br \/>\n&#8211; Es de aplicaci\u00f3n y remoci\u00f3n simple.<br \/>\n&#8211; No dolorosa para el paciente.<br \/>\n&#8211; Steri-Strip\u00ae mejora los resultados cosm\u00e9ticos de la cicatrizaci\u00f3n de la herida.<br \/>\n&#8211; Adem\u00e1s de aumentar la resistencia a la tensi\u00f3n de la herida y reducir el potencial de infecci\u00f3n.<\/p>\n<p>Est\u00e1 dise\u00f1ada para ser usadas como un dispositivo no invasivo en aplicaciones como: Cierre de heridas o incisiones quir\u00fargicas limpias o limpias-contaminadas de baja tensi\u00f3n, Tratamiento de cortes o laceraciones lineales, Uso en forma conjunta con suturas convencionales de hilo y grapas quir\u00fargicas, Remoci\u00f3n temprana de suturas de hilo o grapas para continuar dando apoyo a la aproximaci\u00f3n de los bordes de la herida,<br \/>\nReemplazo de las suturas de hilo en la fijaci\u00f3n de cat\u00e9teres venosos centrales incluyendo PICC, Por ser est\u00e9ril se puede usar para la fijaci\u00f3n de dispositivos vasculares bajo ap\u00f3sitos est\u00e9riles<\/p>\n","protected":false},"excerpt":{"rendered":"<p>Sutura adhesiva steri strip 6mm x 3,8mm 3M R1542<\/p>\n<p>Medida: 6 mm x 3,8mm<br \/>\n<strong>Venta Unitaria<\/strong><br \/>\nSutura adhesiva para el cierre de las heridas.<\/p>\n<p>Las tiras de sutura cut\u00e1nea est\u00e9riles est\u00e1n constituidas por un respaldo no tejido y poroso de ray\u00f3n, cubierto por un adhesivo hipoalerg\u00e9nico de acrilato, sensible a la presi\u00f3n y libre de l\u00e1tex.<\/p>\n<p>Reforzadas con filamentos de poli\u00e9ster que le proporcionan una mayor resistencia.<\/p>\n","protected":false},"featured_media":1086,"comment_status":"open","ping_status":"closed","template":"","meta":{"_acf_changed":false},"product_brand":[1095],"product_cat":[36],"product_tag":[],"class_list":{"0":"post-1085","1":"product","2":"type-product","3":"status-publish","4":"has-post-thumbnail","6":"product_brand-3m","7":"product_cat-tratamiento-de-herida","8":"product_shipping_class-pequeno","10":"first","11":"instock","12":"shipping-taxable","13":"purchasable","14":"product-type-simple"},"acf":[],"_links":{"self":[{"href":"https:\/\/deltamed.cl\/tienda\/wp-json\/wp\/v2\/product\/1085","targetHints":{"allow":["GET"]}}],"collection":[{"href":"https:\/\/deltamed.cl\/tienda\/wp-json\/wp\/v2\/product"}],"about":[{"href":"https:\/\/deltamed.cl\/tienda\/wp-json\/wp\/v2\/types\/product"}],"replies":[{"embeddable":true,"href":"https:\/\/deltamed.cl\/tienda\/wp-json\/wp\/v2\/comments?post=1085"}],"version-history":[{"count":2,"href":"https:\/\/deltamed.cl\/tienda\/wp-json\/wp\/v2\/product\/1085\/revisions"}],"predecessor-version":[{"id":14117,"href":"https:\/\/deltamed.cl\/tienda\/wp-json\/wp\/v2\/product\/1085\/revisions\/14117"}],"wp:featuredmedia":[{"embeddable":true,"href":"https:\/\/deltamed.cl\/tienda\/wp-json\/wp\/v2\/media\/1086"}],"wp:attachment":[{"href":"https:\/\/deltamed.cl\/tienda\/wp-json\/wp\/v2\/media?parent=1085"}],"wp:term":[{"taxonomy":"product_brand","embeddable":true,"href":"https:\/\/deltamed.cl\/tienda\/wp-json\/wp\/v2\/product_brand?post=1085"},{"taxonomy":"product_cat","embeddable":true,"href":"https:\/\/deltamed.cl\/tienda\/wp-json\/wp\/v2\/product_cat?post=1085"},{"taxonomy":"product_tag","embeddable":true,"href":"https:\/\/deltamed.cl\/tienda\/wp-json\/wp\/v2\/product_tag?post=1085"}],"curies":[{"name":"wp","href":"https:\/\/api.w.org\/{rel}","templated":true}]}}