{"id":1083,"date":"2021-04-06T16:00:59","date_gmt":"2021-04-06T19:00:59","guid":{"rendered":"https:\/\/deltamed.cl\/tienda\/?post_type=product&#038;p=1083"},"modified":"2026-02-27T13:30:32","modified_gmt":"2026-02-27T16:30:32","slug":"baston-ortopedico-plegable","status":"publish","type":"product","link":"https:\/\/deltamed.cl\/tienda\/producto\/baston-ortopedico-plegable\/","title":{"rendered":"Bast\u00f3n Ortop\u00e9dico Plegable"},"content":{"rendered":"<p>Bast\u00f3n ortop\u00e9dico plegable.<br \/>\n\u2022 Ideal para personas con dificultad de desplazamiento que requieran de algo sutil y necesiten guardarlo en cartera o mochila mientras no se ocupa.<br \/>\n\u2022 Color negro.<br \/>\n\u2022 Base de goma o regat\u00f3n anti deslizante.<br \/>\n\u2022 Soporta usuario de hasta 100 kg<br \/>\n\u2022 Bast\u00f3n se presenta en un \u00fatil bolsito transparente para mejor traslado.<br \/>\n\u2022 Altura ajustable el minino 82cm m\u00e1ximo 92cm<\/p>\n","protected":false},"excerpt":{"rendered":"<p>Bast\u00f3n ortop\u00e9dico plegable.<br \/>\n\u2022 Ideal para personas con dificultad de desplazamiento que requieran de algo sutil y necesiten guardarlo en cartera o mochila mientras no se ocupa.<br \/>\n\u2022 Color negro.<br \/>\n\u2022 Base de goma o regat\u00f3n anti deslizante.<br \/>\n\u2022 Soporta usuario de hasta 100 kg<br \/>\n\u2022 Bast\u00f3n se presenta en un \u00fatil bolsito transparente para mejor traslado.<br \/>\n\u2022 Altura ajustable el minino 82cm m\u00e1ximo 92cm<\/p>\n","protected":false},"featured_media":1084,"comment_status":"open","ping_status":"closed","template":"","meta":{"_acf_changed":false},"product_brand":[1091],"product_cat":[23,368,34],"product_tag":[486,703],"class_list":{"0":"post-1083","1":"product","2":"type-product","3":"status-publish","4":"has-post-thumbnail","6":"product_brand-deltamed","7":"product_cat-ayudas-tecnicas-de-bano","8":"product_cat-bastones","9":"product_cat-movilidad","10":"product_tag-ayudas-tecnicas","11":"product_tag-cyberday","12":"product_shipping_class-pequeno","14":"first","15":"outofstock","16":"shipping-taxable","17":"purchasable","18":"product-type-simple"},"acf":[],"_links":{"self":[{"href":"https:\/\/deltamed.cl\/tienda\/wp-json\/wp\/v2\/product\/1083","targetHints":{"allow":["GET"]}}],"collection":[{"href":"https:\/\/deltamed.cl\/tienda\/wp-json\/wp\/v2\/product"}],"about":[{"href":"https:\/\/deltamed.cl\/tienda\/wp-json\/wp\/v2\/types\/product"}],"replies":[{"embeddable":true,"href":"https:\/\/deltamed.cl\/tienda\/wp-json\/wp\/v2\/comments?post=1083"}],"version-history":[{"count":1,"href":"https:\/\/deltamed.cl\/tienda\/wp-json\/wp\/v2\/product\/1083\/revisions"}],"predecessor-version":[{"id":10570,"href":"https:\/\/deltamed.cl\/tienda\/wp-json\/wp\/v2\/product\/1083\/revisions\/10570"}],"wp:featuredmedia":[{"embeddable":true,"href":"https:\/\/deltamed.cl\/tienda\/wp-json\/wp\/v2\/media\/1084"}],"wp:attachment":[{"href":"https:\/\/deltamed.cl\/tienda\/wp-json\/wp\/v2\/media?parent=1083"}],"wp:term":[{"taxonomy":"product_brand","embeddable":true,"href":"https:\/\/deltamed.cl\/tienda\/wp-json\/wp\/v2\/product_brand?post=1083"},{"taxonomy":"product_cat","embeddable":true,"href":"https:\/\/deltamed.cl\/tienda\/wp-json\/wp\/v2\/product_cat?post=1083"},{"taxonomy":"product_tag","embeddable":true,"href":"https:\/\/deltamed.cl\/tienda\/wp-json\/wp\/v2\/product_tag?post=1083"}],"curies":[{"name":"wp","href":"https:\/\/api.w.org\/{rel}","templated":true}]}}