{"id":10683,"date":"2024-05-31T12:43:32","date_gmt":"2024-05-31T15:43:32","guid":{"rendered":"https:\/\/deltamed.cl\/tienda\/?post_type=product&#038;p=10683"},"modified":"2026-02-27T07:16:32","modified_gmt":"2026-02-27T10:16:32","slug":"aguja-nipro-25g-x-5-8","status":"publish","type":"product","link":"https:\/\/deltamed.cl\/tienda\/producto\/aguja-nipro-25g-x-5-8\/","title":{"rendered":"Aguja Nipro 25g x 5\/8"},"content":{"rendered":"<p>Aguja Nipro 25g x 5\/8 caja por 100 unidades<\/p>\n<p>Descripci\u00f3n del Producto<br \/>\nMARCA: NIPRO<br \/>\nAgujas Hipod\u00e9rmicas Nipro 25G x 5\/8 \u2013 0,5mm x 16mm<br \/>\nSUAVE CORTE Y PENETRACI\u00d3N<\/p>\n<p>En acero inoxidable grado m\u00e9dico<\/p>\n<p>recubierta en toda su trayectoria con silicona<\/p>\n<p>\u2022 Paredes ultra finas, punta tribiselada y afilada<\/p>\n<p>\u2022 Capuch\u00f3n protector<\/p>\n<p>\u2022 Est\u00e9ril: ETO No t\u00f3xico, libre de pir\u00f3genos<\/p>\n<p>\u2022 Dise\u00f1ados y fabricados de acuerdo a la ISO 7864, ISO 9626<\/p>\n<p>&nbsp;<\/p>\n<div id=\"attachment_10684\" style=\"width: 310px\" class=\"wp-caption alignnone\"><img fetchpriority=\"high\" decoding=\"async\" aria-describedby=\"caption-attachment-10684\" class=\"size-medium wp-image-10684\" src=\"https:\/\/deltamed.cl\/tienda\/wp-content\/uploads\/2024\/05\/Aguja-Nipro-25g-x-58-300x300.jpg\" alt=\"Aguja Nipro 25g x 58 \" width=\"300\" height=\"300\" title=\"\" srcset=\"https:\/\/deltamed.cl\/tienda\/wp-content\/uploads\/2024\/05\/Aguja-Nipro-25g-x-58-300x300.jpg 300w, https:\/\/deltamed.cl\/tienda\/wp-content\/uploads\/2024\/05\/Aguja-Nipro-25g-x-58-1024x1024.jpg 1024w, https:\/\/deltamed.cl\/tienda\/wp-content\/uploads\/2024\/05\/Aguja-Nipro-25g-x-58-150x150.jpg 150w, https:\/\/deltamed.cl\/tienda\/wp-content\/uploads\/2024\/05\/Aguja-Nipro-25g-x-58-768x768.jpg 768w, https:\/\/deltamed.cl\/tienda\/wp-content\/uploads\/2024\/05\/Aguja-Nipro-25g-x-58-600x600.jpg 600w, https:\/\/deltamed.cl\/tienda\/wp-content\/uploads\/2024\/05\/Aguja-Nipro-25g-x-58-100x100.jpg 100w, https:\/\/deltamed.cl\/tienda\/wp-content\/uploads\/2024\/05\/Aguja-Nipro-25g-x-58.jpg 1200w\" sizes=\"(max-width: 300px) 100vw, 300px\" \/><p id=\"caption-attachment-10684\" class=\"wp-caption-text\">Aguja Nipro 25g x 58<\/p><\/div>\n","protected":false},"excerpt":{"rendered":"<p>Aguja Nipro 25g x 5\/8 caja por 100 unidades<\/p>\n<p>Descripci\u00f3n del Producto<br \/>\nMARCA: NIPRO<br \/>\nAgujas Hipod\u00e9rmicas Nipro 25G x 5\/8 \u2013 0,5mm x 16mm<br \/>\nSUAVE CORTE Y PENETRACI\u00d3N<\/p>\n<p>En acero inoxidable grado m\u00e9dico<\/p>\n<p>recubierta en toda su trayectoria con silicona<\/p>\n<p>\u2022 Paredes ultra finas, punta tribiselada y afilada<\/p>\n<p>\u2022 Capuch\u00f3n protector<\/p>\n<p>\u2022 Est\u00e9ril: ETO No t\u00f3xico, libre de pir\u00f3genos<\/p>\n<p>\u2022 Dise\u00f1ados y fabricados de acuerdo a la ISO 7864, ISO 9626<\/p>\n","protected":false},"featured_media":10685,"comment_status":"open","ping_status":"closed","template":"","meta":{"_acf_changed":false},"product_brand":[],"product_cat":[],"product_tag":[703,706],"class_list":{"0":"post-10683","1":"product","2":"type-product","3":"status-publish","4":"has-post-thumbnail","6":"product_tag-cyberday","7":"product_tag-nipro","8":"product_shipping_class-extra-pequeno","10":"first","11":"instock","12":"shipping-taxable","13":"purchasable","14":"product-type-simple"},"acf":[],"_links":{"self":[{"href":"https:\/\/deltamed.cl\/tienda\/wp-json\/wp\/v2\/product\/10683","targetHints":{"allow":["GET"]}}],"collection":[{"href":"https:\/\/deltamed.cl\/tienda\/wp-json\/wp\/v2\/product"}],"about":[{"href":"https:\/\/deltamed.cl\/tienda\/wp-json\/wp\/v2\/types\/product"}],"replies":[{"embeddable":true,"href":"https:\/\/deltamed.cl\/tienda\/wp-json\/wp\/v2\/comments?post=10683"}],"version-history":[{"count":3,"href":"https:\/\/deltamed.cl\/tienda\/wp-json\/wp\/v2\/product\/10683\/revisions"}],"predecessor-version":[{"id":11204,"href":"https:\/\/deltamed.cl\/tienda\/wp-json\/wp\/v2\/product\/10683\/revisions\/11204"}],"wp:featuredmedia":[{"embeddable":true,"href":"https:\/\/deltamed.cl\/tienda\/wp-json\/wp\/v2\/media\/10685"}],"wp:attachment":[{"href":"https:\/\/deltamed.cl\/tienda\/wp-json\/wp\/v2\/media?parent=10683"}],"wp:term":[{"taxonomy":"product_brand","embeddable":true,"href":"https:\/\/deltamed.cl\/tienda\/wp-json\/wp\/v2\/product_brand?post=10683"},{"taxonomy":"product_cat","embeddable":true,"href":"https:\/\/deltamed.cl\/tienda\/wp-json\/wp\/v2\/product_cat?post=10683"},{"taxonomy":"product_tag","embeddable":true,"href":"https:\/\/deltamed.cl\/tienda\/wp-json\/wp\/v2\/product_tag?post=10683"}],"curies":[{"name":"wp","href":"https:\/\/api.w.org\/{rel}","templated":true}]}}