{"id":1041,"date":"2021-03-30T16:40:34","date_gmt":"2021-03-30T19:40:34","guid":{"rendered":"https:\/\/deltamed.cl\/tienda\/?post_type=product&#038;p=1041"},"modified":"2026-02-27T13:30:48","modified_gmt":"2026-02-27T16:30:48","slug":"caja-plastica-desecho-cortopunzante","status":"publish","type":"product","link":"https:\/\/deltamed.cl\/tienda\/producto\/caja-plastica-desecho-cortopunzante\/","title":{"rendered":"Caja pl\u00e1stica desecho cortopunzante"},"content":{"rendered":"<p>Caja pl\u00e1stica desecho cortopunzante<\/p>\n<p>Contenedores de polipropileno r\u00edgido color amarillo, tapa de polipropileno transparente r\u00edgido, para observar f\u00e1cilmente el nivel de llenado del contenedor, con enganches de diferentes formas para separar las agujas de las jeringas, ya sean atornilladas o con sistema luer lock, manilla para transporte de polipropileno r\u00edgido.<\/p>\n<p>Caracter\u00edsticas:<\/p>\n<ul>\n<li>Contenedor de polipropileno r\u00edgido color amarillo, seg\u00fan exigencias de normas REAS.<\/li>\n<li>Cierre de seguridad inviolable que engancha con la tapa del contenedor.<\/li>\n<li>\u00a0Tapa de polipropileno transparente r\u00edgido, para observar f\u00e1cilmente el nivel de llenado del contenedor, con sistema luer lock rojo.<\/li>\n<li>Sistema de cierre final inviolable, para ser desechada en incineradores autorizados.<\/li>\n<li>Manilla para transporte de polipropileno r\u00edgido.<\/li>\n<li>Estructura de bordes redondeados, exenta de bordes filosos, para seguridad en el manejo.<\/li>\n<\/ul>\n<p>Certificaciones:<\/p>\n<p>\u2013 CE 0123 \u2013 Conformidad Europea.<br \/>\n\u2013 ISO 9001: 2008.<br \/>\n\u2013 FDA.<\/p>\n","protected":false},"excerpt":{"rendered":"<p>Caja pl\u00e1stica desecho cortopunzante<\/p>\n<p>Contenedores de polipropileno r\u00edgido color amarillo, tapa de polipropileno transparente r\u00edgido, para observar f\u00e1cilmente el nivel de llenado del contenedor, con enganches de diferentes formas para separar las agujas de las jeringas, ya sean atornilladas o con sistema luer lock, manilla para transporte de polipropileno r\u00edgido.<\/p>\n","protected":false},"featured_media":1042,"comment_status":"open","ping_status":"closed","template":"","meta":{"_acf_changed":false},"product_brand":[],"product_cat":[94],"product_tag":[],"class_list":{"0":"post-1041","1":"product","2":"type-product","3":"status-publish","4":"has-post-thumbnail","6":"product_cat-insumos-desechables","7":"product_shipping_class-pequeno","9":"first","10":"instock","11":"shipping-taxable","12":"purchasable","13":"product-type-variable"},"acf":[],"_links":{"self":[{"href":"https:\/\/deltamed.cl\/tienda\/wp-json\/wp\/v2\/product\/1041","targetHints":{"allow":["GET"]}}],"collection":[{"href":"https:\/\/deltamed.cl\/tienda\/wp-json\/wp\/v2\/product"}],"about":[{"href":"https:\/\/deltamed.cl\/tienda\/wp-json\/wp\/v2\/types\/product"}],"replies":[{"embeddable":true,"href":"https:\/\/deltamed.cl\/tienda\/wp-json\/wp\/v2\/comments?post=1041"}],"version-history":[{"count":2,"href":"https:\/\/deltamed.cl\/tienda\/wp-json\/wp\/v2\/product\/1041\/revisions"}],"predecessor-version":[{"id":11871,"href":"https:\/\/deltamed.cl\/tienda\/wp-json\/wp\/v2\/product\/1041\/revisions\/11871"}],"wp:featuredmedia":[{"embeddable":true,"href":"https:\/\/deltamed.cl\/tienda\/wp-json\/wp\/v2\/media\/1042"}],"wp:attachment":[{"href":"https:\/\/deltamed.cl\/tienda\/wp-json\/wp\/v2\/media?parent=1041"}],"wp:term":[{"taxonomy":"product_brand","embeddable":true,"href":"https:\/\/deltamed.cl\/tienda\/wp-json\/wp\/v2\/product_brand?post=1041"},{"taxonomy":"product_cat","embeddable":true,"href":"https:\/\/deltamed.cl\/tienda\/wp-json\/wp\/v2\/product_cat?post=1041"},{"taxonomy":"product_tag","embeddable":true,"href":"https:\/\/deltamed.cl\/tienda\/wp-json\/wp\/v2\/product_tag?post=1041"}],"curies":[{"name":"wp","href":"https:\/\/api.w.org\/{rel}","templated":true}]}}