{"id":102,"date":"2020-12-02T23:44:46","date_gmt":"2020-12-03T02:44:46","guid":{"rendered":"https:\/\/deltamed.cl\/tienda\/?post_type=product&#038;p=102"},"modified":"2026-02-27T13:52:21","modified_gmt":"2026-02-27T16:52:21","slug":"barra-de-bano-acero-esmaltado","status":"publish","type":"product","link":"https:\/\/deltamed.cl\/tienda\/producto\/barra-de-bano-acero-esmaltado\/","title":{"rendered":"Barra de ba\u00f1o acero esmaltado"},"content":{"rendered":"<p><strong>Barra de ba\u00f1o acero esmaltado<\/strong> de seguridad <b>son una ayuda para cada ocasi\u00f3n que necesiten levantarse y sentarse del inodoro, contribuyendo a mejorar su autonom\u00eda<\/b>. Adem\u00e1s, son importantes para entrar y salir de la ducha, siendo un soporte que reduce incidentes dentro de casa.<\/p>\n<p>Exclusiva Barra de Seguridad para ba\u00f1os, duchas, pasillos, etc.<br \/>\n\u2022 Ideal para apoyar y proteger a adultos mayores, personas con poca movilidad,<br \/>\nno videntes, posoperatorio.<br \/>\n\u2022 Estructura de acero esmaltado.<\/p>\n<p>Disponibles en:<\/p>\n<ul>\n<li>30 cm<\/li>\n<li>40 cm<\/li>\n<li>60 cm<\/li>\n<li>80 cm<\/li>\n<\/ul>\n<p>Sugerencia<\/p>\n<p><b>En las duchas<\/b>\u00a0se deben instalar dos barras de seguridad: una horizontal y otra vertical unidas en un angulo de 45\u00b0. La barra horizontal deber\u00e1 estar a 75 cent\u00edmetros de altura, mientras que la vertical que estar\u00e1 a m\u00e1ximo 140 cent\u00edmetros del piso en su lado m\u00e1s alto y a 80 cent\u00edmetros en su lado m\u00e1s bajo.<\/p>\n<p>&nbsp;<\/p>\n","protected":false},"excerpt":{"rendered":"<p>Barra de ba\u00f1o acero esmaltado<\/p>\n<p>Exclusiva Barra de Seguridad para ba\u00f1os, duchas, pasillos, etc.<br \/>\n\u2022 Ideal para apoyar y proteger a adultos mayores, personas con poca movilidad,<br \/>\nno videntes, posoperatorio.<br \/>\n\u2022 Estructura de acero esmaltado.<\/p>\n<p>Disponibles en:<\/p>\n<ul>\n<li>30 cm<\/li>\n<li>40 cm<\/li>\n<li>60 cm<\/li>\n<\/ul>\n","protected":false},"featured_media":107,"comment_status":"open","ping_status":"closed","template":"","meta":{"_acf_changed":false},"product_brand":[1091],"product_cat":[1075,363],"product_tag":[49,24,486,26,48,585,31],"class_list":{"0":"post-102","1":"product","2":"type-product","3":"status-publish","4":"has-post-thumbnail","6":"product_brand-deltamed","7":"product_cat-barras-banos","8":"product_cat-articulos-de-bano","9":"product_tag-acero","10":"product_tag-adulto-mayor","11":"product_tag-ayudas-tecnicas","12":"product_tag-bano","13":"product_tag-barra","14":"product_tag-deltamed","15":"product_tag-ducha","16":"product_shipping_class-grande","18":"first","19":"instock","20":"sale","21":"shipping-taxable","22":"purchasable","23":"product-type-variable"},"acf":[],"_links":{"self":[{"href":"https:\/\/deltamed.cl\/tienda\/wp-json\/wp\/v2\/product\/102","targetHints":{"allow":["GET"]}}],"collection":[{"href":"https:\/\/deltamed.cl\/tienda\/wp-json\/wp\/v2\/product"}],"about":[{"href":"https:\/\/deltamed.cl\/tienda\/wp-json\/wp\/v2\/types\/product"}],"replies":[{"embeddable":true,"href":"https:\/\/deltamed.cl\/tienda\/wp-json\/wp\/v2\/comments?post=102"}],"version-history":[{"count":2,"href":"https:\/\/deltamed.cl\/tienda\/wp-json\/wp\/v2\/product\/102\/revisions"}],"predecessor-version":[{"id":8390,"href":"https:\/\/deltamed.cl\/tienda\/wp-json\/wp\/v2\/product\/102\/revisions\/8390"}],"wp:featuredmedia":[{"embeddable":true,"href":"https:\/\/deltamed.cl\/tienda\/wp-json\/wp\/v2\/media\/107"}],"wp:attachment":[{"href":"https:\/\/deltamed.cl\/tienda\/wp-json\/wp\/v2\/media?parent=102"}],"wp:term":[{"taxonomy":"product_brand","embeddable":true,"href":"https:\/\/deltamed.cl\/tienda\/wp-json\/wp\/v2\/product_brand?post=102"},{"taxonomy":"product_cat","embeddable":true,"href":"https:\/\/deltamed.cl\/tienda\/wp-json\/wp\/v2\/product_cat?post=102"},{"taxonomy":"product_tag","embeddable":true,"href":"https:\/\/deltamed.cl\/tienda\/wp-json\/wp\/v2\/product_tag?post=102"}],"curies":[{"name":"wp","href":"https:\/\/api.w.org\/{rel}","templated":true}]}}